{"id":5780,"date":"2020-08-21T09:25:31","date_gmt":"2020-08-21T07:25:31","guid":{"rendered":"https:\/\/www.soglio-produkte.com\/?page_id=5780"},"modified":"2020-09-21T17:53:22","modified_gmt":"2020-09-21T15:53:22","slug":"prix-montagne-2019","status":"publish","type":"page","link":"https:\/\/www.soglio-produkte.com\/de\/ueber-uns\/prix-montagne-2019\/","title":{"rendered":"Prix Montagne 2019"},"content":{"rendered":"<div class=\"fusion-fullwidth fullwidth-box fusion-builder-row-1 fusion-flex-container nonhundred-percent-fullwidth non-hundred-percent-height-scrolling\" style=\"--awb-border-radius-top-left:0px;--awb-border-radius-top-right:0px;--awb-border-radius-bottom-right:0px;--awb-border-radius-bottom-left:0px;--awb-flex-wrap:wrap;\" ><div class=\"fusion-builder-row fusion-row fusion-flex-align-items-flex-start fusion-flex-content-wrap\" style=\"max-width:1456px;margin-left: calc(-4% \/ 2 );margin-right: calc(-4% \/ 2 );\"><div class=\"fusion-layout-column fusion_builder_column fusion-builder-column-0 fusion_builder_column_1_1 1_1 fusion-flex-column\" style=\"--awb-bg-size:cover;--awb-width-large:100%;--awb-margin-top-large:0px;--awb-spacing-right-large:1.92%;--awb-margin-bottom-large:20px;--awb-spacing-left-large:1.92%;--awb-width-medium:100%;--awb-order-medium:0;--awb-spacing-right-medium:1.92%;--awb-spacing-left-medium:1.92%;--awb-width-small:100%;--awb-order-small:0;--awb-spacing-right-small:1.92%;--awb-spacing-left-small:1.92%;\"><div class=\"fusion-column-wrapper fusion-column-has-shadow fusion-flex-justify-content-flex-start fusion-content-layout-column\"><div class=\"fusion-separator fusion-full-width-sep\" style=\"align-self: center;margin-left: auto;margin-right: auto;margin-top:10px;margin-bottom:10px;width:100%;\"><\/div><\/div><\/div><\/div><\/div><div class=\"fusion-fullwidth fullwidth-box fusion-builder-row-2 fusion-flex-container nonhundred-percent-fullwidth non-hundred-percent-height-scrolling\" style=\"--awb-border-radius-top-left:0px;--awb-border-radius-top-right:0px;--awb-border-radius-bottom-right:0px;--awb-border-radius-bottom-left:0px;--awb-flex-wrap:wrap;\" ><div class=\"fusion-builder-row fusion-row fusion-flex-align-items-flex-start fusion-flex-content-wrap\" style=\"max-width:1456px;margin-left: calc(-4% \/ 2 );margin-right: calc(-4% \/ 2 );\"><div class=\"fusion-layout-column fusion_builder_column fusion-builder-column-1 fusion_builder_column_2_5 2_5 fusion-flex-column\" style=\"--awb-bg-size:cover;--awb-width-large:40%;--awb-margin-top-large:0px;--awb-spacing-right-large:4.8%;--awb-margin-bottom-large:20px;--awb-spacing-left-large:4.8%;--awb-width-medium:100%;--awb-order-medium:0;--awb-spacing-right-medium:1.92%;--awb-spacing-left-medium:1.92%;--awb-width-small:100%;--awb-order-small:0;--awb-spacing-right-small:1.92%;--awb-spacing-left-small:1.92%;\"><div class=\"fusion-column-wrapper fusion-column-has-shadow fusion-flex-justify-content-flex-start fusion-content-layout-column\"><div class=\"fusion-title title fusion-title-1 fusion-sep-none fusion-title-text fusion-title-size-one\" style=\"--awb-margin-top-small:10px;--awb-margin-right-small:0px;--awb-margin-bottom-small:10px;--awb-margin-left-small:0px;\"><h1 class=\"fusion-title-heading title-heading-left\" style=\"margin:0;\"><h3 style=\"text-align: center;\"><span style=\"color: #008000;\">\u00abVon der SOGLIO-PRODUKTE AG profitiert das ganze Bergell. Nicht nur ist das Unternehmen ein wichtiger Arbeitgeber, seine Produkte wiederspiegeln gleichzeitig die einzigartige Natur der Region und f\u00f6rdern damit den Tourismus im Tal.\u00bb<\/span><\/h3>\r\n<h4 style=\"text-align: center;\"><span style=\"color: #000000;\"><strong>Peter Niederer, Jury-Mitglied<\/strong><\/span><\/h4><\/h1><\/div><div class=\"fusion-image-element \" style=\"text-align:center;--awb-caption-title-font-family:var(--h2_typography-font-family);--awb-caption-title-font-weight:var(--h2_typography-font-weight);--awb-caption-title-font-style:var(--h2_typography-font-style);--awb-caption-title-size:var(--h2_typography-font-size);--awb-caption-title-transform:var(--h2_typography-text-transform);--awb-caption-title-line-height:var(--h2_typography-line-height);--awb-caption-title-letter-spacing:var(--h2_typography-letter-spacing);\"><span class=\" fusion-imageframe imageframe-none imageframe-1 hover-type-none\"><img decoding=\"async\" width=\"296\" height=\"300\" title=\"P. Niederer\" data-src=\"https:\/\/www.soglio-produkte.com\/wp-content\/uploads\/2020\/09\/p-niederer-296x300.png\" alt class=\"img-responsive wp-image-6261 lazyload\" data-srcset=\"https:\/\/www.soglio-produkte.com\/wp-content\/uploads\/2020\/09\/p-niederer-200x202.png 200w, https:\/\/www.soglio-produkte.com\/wp-content\/uploads\/2020\/09\/p-niederer.png 331w\" data-sizes=\"(max-width: 1024px) 100vw, (max-width: 640px) 100vw, 296px\" src=\"data:image\/svg+xml;base64,PHN2ZyB3aWR0aD0iMSIgaGVpZ2h0PSIxIiB4bWxucz0iaHR0cDovL3d3dy53My5vcmcvMjAwMC9zdmciPjwvc3ZnPg==\" style=\"--smush-placeholder-width: 296px; --smush-placeholder-aspect-ratio: 296\/300;\" \/><\/span><\/div><\/div><\/div><div class=\"fusion-layout-column fusion_builder_column fusion-builder-column-2 fusion_builder_column_3_5 3_5 fusion-flex-column\" style=\"--awb-bg-size:cover;--awb-width-large:60%;--awb-margin-top-large:0px;--awb-spacing-right-large:3.2%;--awb-margin-bottom-large:20px;--awb-spacing-left-large:3.2%;--awb-width-medium:100%;--awb-order-medium:0;--awb-spacing-right-medium:1.92%;--awb-spacing-left-medium:1.92%;--awb-width-small:100%;--awb-order-small:0;--awb-spacing-right-small:1.92%;--awb-spacing-left-small:1.92%;\"><div class=\"fusion-column-wrapper fusion-column-has-shadow fusion-flex-justify-content-flex-start fusion-content-layout-column\"><div class=\"fusion-image-element \" style=\"--awb-caption-title-font-family:var(--h2_typography-font-family);--awb-caption-title-font-weight:var(--h2_typography-font-weight);--awb-caption-title-font-style:var(--h2_typography-font-style);--awb-caption-title-size:var(--h2_typography-font-size);--awb-caption-title-transform:var(--h2_typography-text-transform);--awb-caption-title-line-height:var(--h2_typography-line-height);--awb-caption-title-letter-spacing:var(--h2_typography-letter-spacing);\"><span class=\" fusion-imageframe imageframe-none imageframe-2 hover-type-none\"><img decoding=\"async\" width=\"1200\" height=\"1070\" title=\"Prix Montagne\" data-src=\"https:\/\/www.soglio-produkte.com\/wp-content\/uploads\/2020\/08\/prix-montagne-1200x1070.jpg\" alt class=\"img-responsive wp-image-5785 lazyload\" data-srcset=\"https:\/\/www.soglio-produkte.com\/wp-content\/uploads\/2020\/08\/prix-montagne-200x178.jpg 200w, https:\/\/www.soglio-produkte.com\/wp-content\/uploads\/2020\/08\/prix-montagne-400x357.jpg 400w, https:\/\/www.soglio-produkte.com\/wp-content\/uploads\/2020\/08\/prix-montagne-600x535.jpg 600w, https:\/\/www.soglio-produkte.com\/wp-content\/uploads\/2020\/08\/prix-montagne-800x713.jpg 800w, https:\/\/www.soglio-produkte.com\/wp-content\/uploads\/2020\/08\/prix-montagne-1200x1070.jpg 1200w\" data-sizes=\"(max-width: 1024px) 100vw, (max-width: 640px) 100vw, 800px\" src=\"data:image\/svg+xml;base64,PHN2ZyB3aWR0aD0iMSIgaGVpZ2h0PSIxIiB4bWxucz0iaHR0cDovL3d3dy53My5vcmcvMjAwMC9zdmciPjwvc3ZnPg==\" style=\"--smush-placeholder-width: 1200px; --smush-placeholder-aspect-ratio: 1200\/1070;\" \/><\/span><\/div><\/div><\/div><div class=\"fusion-layout-column fusion_builder_column fusion-builder-column-3 fusion_builder_column_1_1 1_1 fusion-flex-column\" style=\"--awb-bg-size:cover;--awb-width-large:100%;--awb-margin-top-large:0px;--awb-spacing-right-large:1.92%;--awb-margin-bottom-large:20px;--awb-spacing-left-large:1.92%;--awb-width-medium:100%;--awb-order-medium:0;--awb-spacing-right-medium:1.92%;--awb-spacing-left-medium:1.92%;--awb-width-small:100%;--awb-order-small:0;--awb-spacing-right-small:1.92%;--awb-spacing-left-small:1.92%;\"><div class=\"fusion-column-wrapper fusion-column-has-shadow fusion-flex-justify-content-flex-start fusion-content-layout-column\"><div class=\"fusion-separator fusion-full-width-sep\" style=\"align-self: center;margin-left: auto;margin-right: auto;margin-top:10px;margin-bottom:10px;width:100%;\"><\/div><div class=\"fusion-separator fusion-full-width-sep\" style=\"align-self: center;margin-left: auto;margin-right: auto;margin-top:10px;margin-bottom:10px;width:100%;\"><\/div><div class=\"fusion-text fusion-text-1 awb-text-cols fusion-text-columns-2\" style=\"--awb-columns:2;--awb-column-spacing:2em;--awb-column-min-width:100px;\"><p>Die Schweizerische Arbeitsgemeinschaft f\u00fcr die Berggebiete (SAB) und die Schweizer Berghilfe zeichnen wirtschaftlich erfolgreiche Projekte und Unternehmen aus dem Berggebiet aus, die nachweislich und beispielhaft einen Beitrag zu Wertsch\u00f6pfung, zu Besch\u00e4ftigung oder zu \u00f6konomischer Vielfalt leisten. Seit 2017 wird zus\u00e4tzlich der mit 20\u2019000 Franken dotierte Publikumspreis Prix Montagne vergeben. 2019 haben \u00fcber 5500 Personen sich an der Online-Abstimmung beteiligt und die SOGLIO-PRODUKTE AG zum Publikumssieger gek\u00fcrt. Das Unternehmen veredelt nat\u00fcrliche Rohstoffe aus der Region zu hochwertigen SOGLIO-Hautpflegeprodukten. Diese werden erfolgreich unter dem Namen des Bergeller Dorfs \u00abSoglio\u00bb in die Welt hingetragen. \u00abDas Bergell mit seiner eindr\u00fccklichen Natur galt schon immer als Inspirationsquelle f\u00fcr Maler, Poeten und Kunsthandwerker\u00bb, sagte Dorothea Strauss, Leiterin des Bereichs Corporate Social Responsibility der Mobiliar, an der Preisverleihung. \u00abDer Erfolg der SOGLIO-PRODUKTE liegt aber nicht nur in der Essenz der Bergeller Pflanzen, sondern in einer Firmenphilosophie, die mit Herzblut gelebt wird. Und genau das m\u00f6chten wir mit dem Prix Montagne unterst\u00fctzen, denn um Zukunftsvisionen zu realisieren, braucht es Mut und eine starke Vision.\u00bb In der Laudatio wurde SOGLIO f\u00fcr h\u00f6chste Qualit\u00e4tsanspr\u00fcche gelobt. Die Verwendung regionaler Rohstoffe, die Verankerung im Tal und der Beitrag zur wirtschaftlichen Entwicklung des Bergells waren weitere wichtige Faktoren, welche die Jury zur Nomination bewogen.<\/p>\n<\/div><\/div><\/div><\/div><\/div><div class=\"fusion-fullwidth fullwidth-box fusion-builder-row-3 fusion-flex-container nonhundred-percent-fullwidth non-hundred-percent-height-scrolling\" style=\"--awb-border-radius-top-left:0px;--awb-border-radius-top-right:0px;--awb-border-radius-bottom-right:0px;--awb-border-radius-bottom-left:0px;--awb-flex-wrap:wrap;\" ><div class=\"fusion-builder-row fusion-row fusion-flex-align-items-flex-start fusion-flex-content-wrap\" style=\"max-width:1456px;margin-left: calc(-4% \/ 2 );margin-right: calc(-4% \/ 2 );\"><div class=\"fusion-layout-column fusion_builder_column fusion-builder-column-4 fusion_builder_column_1_1 1_1 fusion-flex-column\" style=\"--awb-bg-size:cover;--awb-width-large:100%;--awb-margin-top-large:0px;--awb-spacing-right-large:1.92%;--awb-margin-bottom-large:20px;--awb-spacing-left-large:1.92%;--awb-width-medium:100%;--awb-order-medium:0;--awb-spacing-right-medium:1.92%;--awb-spacing-left-medium:1.92%;--awb-width-small:100%;--awb-order-small:0;--awb-spacing-right-small:1.92%;--awb-spacing-left-small:1.92%;\"><div class=\"fusion-column-wrapper fusion-column-has-shadow fusion-flex-justify-content-flex-start fusion-content-layout-column\"><div class=\"fusion-separator fusion-full-width-sep\" style=\"align-self: center;margin-left: auto;margin-right: auto;margin-top:10px;margin-bottom:10px;width:100%;\"><\/div><\/div><\/div><\/div><\/div><div class=\"fusion-fullwidth fullwidth-box fusion-builder-row-4 fusion-flex-container nonhundred-percent-fullwidth non-hundred-percent-height-scrolling\" style=\"--awb-border-radius-top-left:0px;--awb-border-radius-top-right:0px;--awb-border-radius-bottom-right:0px;--awb-border-radius-bottom-left:0px;--awb-flex-wrap:wrap;\" ><div class=\"fusion-builder-row fusion-row fusion-flex-align-items-center fusion-flex-content-wrap\" style=\"max-width:1456px;margin-left: calc(-4% \/ 2 );margin-right: calc(-4% \/ 2 );\"><div class=\"fusion-layout-column fusion_builder_column fusion-builder-column-5 fusion_builder_column_1_4 1_4 fusion-flex-column\" style=\"--awb-bg-size:cover;--awb-width-large:25%;--awb-margin-top-large:0px;--awb-spacing-right-large:7.68%;--awb-margin-bottom-large:20px;--awb-spacing-left-large:7.68%;--awb-width-medium:100%;--awb-order-medium:0;--awb-spacing-right-medium:1.92%;--awb-spacing-left-medium:1.92%;--awb-width-small:100%;--awb-order-small:0;--awb-spacing-right-small:1.92%;--awb-spacing-left-small:1.92%;\"><div class=\"fusion-column-wrapper fusion-column-has-shadow fusion-flex-justify-content-flex-start fusion-content-layout-column\"><div class=\"fusion-image-element \" style=\"--awb-caption-title-font-family:var(--h2_typography-font-family);--awb-caption-title-font-weight:var(--h2_typography-font-weight);--awb-caption-title-font-style:var(--h2_typography-font-style);--awb-caption-title-size:var(--h2_typography-font-size);--awb-caption-title-transform:var(--h2_typography-text-transform);--awb-caption-title-line-height:var(--h2_typography-line-height);--awb-caption-title-letter-spacing:var(--h2_typography-letter-spacing);\"><span class=\" fusion-imageframe imageframe-none imageframe-3 hover-type-none\"><img decoding=\"async\" width=\"1200\" height=\"1254\" title=\"IMG_2826\" data-src=\"https:\/\/www.soglio-produkte.com\/wp-content\/uploads\/2020\/08\/img_2826-1200x1254.jpeg\" alt class=\"img-responsive wp-image-5791 lazyload\" data-srcset=\"https:\/\/www.soglio-produkte.com\/wp-content\/uploads\/2020\/08\/img_2826-200x209.jpeg 200w, https:\/\/www.soglio-produkte.com\/wp-content\/uploads\/2020\/08\/img_2826-400x418.jpeg 400w, https:\/\/www.soglio-produkte.com\/wp-content\/uploads\/2020\/08\/img_2826-600x627.jpeg 600w, https:\/\/www.soglio-produkte.com\/wp-content\/uploads\/2020\/08\/img_2826-800x836.jpeg 800w, https:\/\/www.soglio-produkte.com\/wp-content\/uploads\/2020\/08\/img_2826-1200x1254.jpeg 1200w\" data-sizes=\"(max-width: 1024px) 100vw, (max-width: 640px) 100vw, 400px\" src=\"data:image\/svg+xml;base64,PHN2ZyB3aWR0aD0iMSIgaGVpZ2h0PSIxIiB4bWxucz0iaHR0cDovL3d3dy53My5vcmcvMjAwMC9zdmciPjwvc3ZnPg==\" style=\"--smush-placeholder-width: 1200px; --smush-placeholder-aspect-ratio: 1200\/1254;\" \/><\/span><\/div><\/div><\/div><div class=\"fusion-layout-column fusion_builder_column fusion-builder-column-6 fusion_builder_column_1_2 1_2 fusion-flex-column\" style=\"--awb-bg-size:cover;--awb-width-large:50%;--awb-margin-top-large:0px;--awb-spacing-right-large:3.84%;--awb-margin-bottom-large:20px;--awb-spacing-left-large:3.84%;--awb-width-medium:100%;--awb-order-medium:0;--awb-spacing-right-medium:1.92%;--awb-spacing-left-medium:1.92%;--awb-width-small:100%;--awb-order-small:0;--awb-spacing-right-small:1.92%;--awb-spacing-left-small:1.92%;\"><div class=\"fusion-column-wrapper fusion-column-has-shadow fusion-flex-justify-content-flex-start fusion-content-layout-column\"><div class=\"fusion-image-element \" style=\"--awb-caption-title-font-family:var(--h2_typography-font-family);--awb-caption-title-font-weight:var(--h2_typography-font-weight);--awb-caption-title-font-style:var(--h2_typography-font-style);--awb-caption-title-size:var(--h2_typography-font-size);--awb-caption-title-transform:var(--h2_typography-text-transform);--awb-caption-title-line-height:var(--h2_typography-line-height);--awb-caption-title-letter-spacing:var(--h2_typography-letter-spacing);\"><span class=\" fusion-imageframe imageframe-none imageframe-4 hover-type-none\"><img decoding=\"async\" width=\"1200\" height=\"854\" title=\"Prix Montagne im Garten\" data-src=\"https:\/\/www.soglio-produkte.com\/wp-content\/uploads\/2019\/09\/prix-montagne-im-garten-1200x854.jpeg\" alt class=\"img-responsive wp-image-5298 lazyload\" src=\"data:image\/svg+xml;base64,PHN2ZyB3aWR0aD0iMSIgaGVpZ2h0PSIxIiB4bWxucz0iaHR0cDovL3d3dy53My5vcmcvMjAwMC9zdmciPjwvc3ZnPg==\" style=\"--smush-placeholder-width: 1200px; --smush-placeholder-aspect-ratio: 1200\/854;\" \/><\/span><\/div><\/div><\/div><div class=\"fusion-layout-column fusion_builder_column fusion-builder-column-7 fusion_builder_column_1_4 1_4 fusion-flex-column\" style=\"--awb-bg-size:cover;--awb-width-large:25%;--awb-margin-top-large:0px;--awb-spacing-right-large:7.68%;--awb-margin-bottom-large:20px;--awb-spacing-left-large:7.68%;--awb-width-medium:100%;--awb-order-medium:0;--awb-spacing-right-medium:1.92%;--awb-spacing-left-medium:1.92%;--awb-width-small:100%;--awb-order-small:0;--awb-spacing-right-small:1.92%;--awb-spacing-left-small:1.92%;\"><div class=\"fusion-column-wrapper fusion-column-has-shadow fusion-flex-justify-content-flex-start fusion-content-layout-column\"><div class=\"fusion-image-element \" style=\"--awb-caption-title-font-family:var(--h2_typography-font-family);--awb-caption-title-font-weight:var(--h2_typography-font-weight);--awb-caption-title-font-style:var(--h2_typography-font-style);--awb-caption-title-size:var(--h2_typography-font-size);--awb-caption-title-transform:var(--h2_typography-text-transform);--awb-caption-title-line-height:var(--h2_typography-line-height);--awb-caption-title-letter-spacing:var(--h2_typography-letter-spacing);\"><span class=\" fusion-imageframe imageframe-none imageframe-5 hover-type-none\"><img decoding=\"async\" width=\"300\" height=\"300\" title=\"Prix Montagne (2)\" data-src=\"https:\/\/www.soglio-produkte.com\/wp-content\/uploads\/2020\/08\/prix-montagne-2-300x300.jpeg\" alt class=\"img-responsive wp-image-5812 lazyload\" data-srcset=\"https:\/\/www.soglio-produkte.com\/wp-content\/uploads\/2020\/08\/prix-montagne-2-200x200.jpeg 200w, https:\/\/www.soglio-produkte.com\/wp-content\/uploads\/2020\/08\/prix-montagne-2-400x400.jpeg 400w, https:\/\/www.soglio-produkte.com\/wp-content\/uploads\/2020\/08\/prix-montagne-2-600x600.jpeg 600w, https:\/\/www.soglio-produkte.com\/wp-content\/uploads\/2020\/08\/prix-montagne-2-800x800.jpeg 800w, https:\/\/www.soglio-produkte.com\/wp-content\/uploads\/2020\/08\/prix-montagne-2-1200x1200.jpeg 1200w, https:\/\/www.soglio-produkte.com\/wp-content\/uploads\/2020\/08\/prix-montagne-2.jpeg 1333w\" data-sizes=\"(max-width: 1024px) 100vw, (max-width: 640px) 100vw, 400px\" src=\"data:image\/svg+xml;base64,PHN2ZyB3aWR0aD0iMSIgaGVpZ2h0PSIxIiB4bWxucz0iaHR0cDovL3d3dy53My5vcmcvMjAwMC9zdmciPjwvc3ZnPg==\" style=\"--smush-placeholder-width: 300px; --smush-placeholder-aspect-ratio: 300\/300;\" \/><\/span><\/div><\/div><\/div><\/div><\/div><div class=\"fusion-fullwidth fullwidth-box fusion-builder-row-5 fusion-flex-container nonhundred-percent-fullwidth non-hundred-percent-height-scrolling\" style=\"--awb-border-radius-top-left:0px;--awb-border-radius-top-right:0px;--awb-border-radius-bottom-right:0px;--awb-border-radius-bottom-left:0px;--awb-flex-wrap:wrap;\" ><div class=\"fusion-builder-row fusion-row fusion-flex-align-items-flex-start fusion-flex-content-wrap\" style=\"max-width:1456px;margin-left: calc(-4% \/ 2 );margin-right: calc(-4% \/ 2 );\"><div class=\"fusion-layout-column fusion_builder_column fusion-builder-column-8 fusion_builder_column_1_1 1_1 fusion-flex-column\" style=\"--awb-bg-size:cover;--awb-width-large:100%;--awb-margin-top-large:0px;--awb-spacing-right-large:1.92%;--awb-margin-bottom-large:20px;--awb-spacing-left-large:1.92%;--awb-width-medium:100%;--awb-order-medium:0;--awb-spacing-right-medium:1.92%;--awb-spacing-left-medium:1.92%;--awb-width-small:100%;--awb-order-small:0;--awb-spacing-right-small:1.92%;--awb-spacing-left-small:1.92%;\"><div class=\"fusion-column-wrapper fusion-column-has-shadow fusion-flex-justify-content-flex-start fusion-content-layout-column\"><div class=\"fusion-separator fusion-full-width-sep\" style=\"align-self: center;margin-left: auto;margin-right: auto;margin-top:10px;margin-bottom:10px;width:100%;\"><\/div><\/div><\/div><\/div><\/div><div class=\"fusion-fullwidth fullwidth-box fusion-builder-row-6 nonhundred-percent-fullwidth non-hundred-percent-height-scrolling\" style=\"--awb-border-radius-top-left:0px;--awb-border-radius-top-right:0px;--awb-border-radius-bottom-right:0px;--awb-border-radius-bottom-left:0px;--awb-padding-top:20px;--awb-padding-bottom:0px;--awb-background-color:#f8f9e6;--awb-flex-wrap:wrap;\" ><div class=\"fusion-builder-row fusion-row\"><div class=\"fusion-layout-column fusion_builder_column fusion-builder-column-9 fusion_builder_column_1_1 1_1 fusion-one-full fusion-column-first fusion-column-last\" style=\"--awb-bg-size:cover;\"><div class=\"fusion-column-wrapper fusion-flex-column-wrapper-legacy\"><div class=\"fusion-text fusion-text-2\"><h3 style=\"text-align: center;\">HABEN SIE FRAGEN? RUFEN SIE UNS AN <a href=\"tel:+41818221843\">+41 (0)81 822 18 43<\/a><\/h3>\n<h4 style=\"text-align: center;\">Wir beraten Sie gerne: Montag bis Freitag, 08.00 bis 12.00 Uhr und 13.30 bis 17.30 Uhr.<\/h4>\n<\/div><div class=\"fusion-clearfix\"><\/div><\/div><\/div><div class=\"fusion-layout-column fusion_builder_column fusion-builder-column-10 fusion_builder_column_1_4 1_4 fusion-one-fourth fusion-column-first\" style=\"--awb-bg-size:cover;width:25%;width:calc(25% - ( ( 4% + 4% + 4% ) * 0.25 ) );margin-right: 4%;\"><div class=\"fusion-column-wrapper fusion-flex-column-wrapper-legacy\"><h4>Kontakt Schweiz<\/h4>\nSOGLIO-PRODUKTE AG<br \/>\nVia Principale 21<br \/>\n7608 Castasegna<br \/>\nSchweiz<br \/>\n<br \/>\nTel. <a href=\"tel:+41818221843\">+41 (0)81 822 18 43<\/a><br \/>\nFax +41 (0)81 822 19 70<br \/>\n<a href=\"mailto:mail@soglio-produkte.ch\">mail@soglio-produkte.ch<\/a><div class=\"fusion-clearfix\"><\/div><\/div><\/div><div class=\"fusion-layout-column fusion_builder_column fusion-builder-column-11 fusion_builder_column_1_4 1_4 fusion-one-fourth\" style=\"--awb-bg-size:cover;width:25%;width:calc(25% - ( ( 4% + 4% + 4% ) * 0.25 ) );margin-right: 4%;\"><div class=\"fusion-column-wrapper fusion-flex-column-wrapper-legacy\"><h4>Kontakt Deutschland \/ EU<\/h4>\nSOGLIO (Deutschland) GmbH<br \/>\nHauptstra\u00dfe 29<br \/>\n79807 Lottstetten<br \/>\nDeutschland<br \/>\n<br \/>\n<a href=\"mailto:mail@soglio-produkte.eu\">mail@soglio-produkte.eu<\/a><div class=\"fusion-clearfix\"><\/div><\/div><\/div><div class=\"fusion-layout-column fusion_builder_column fusion-builder-column-12 fusion_builder_column_1_4 1_4 fusion-one-fourth\" style=\"--awb-bg-size:cover;width:25%;width:calc(25% - ( ( 4% + 4% + 4% ) * 0.25 ) );margin-right: 4%;\"><div class=\"fusion-column-wrapper fusion-flex-column-wrapper-legacy\"><h4>\u00d6ffnungszeiten Laden Castasegna<\/h4>\nMo bis Fr, 8.00 bis 12.00 Uhr<br \/>\nund 13.30 bis 18.00 Uhr<br \/>\n<h4>\u00d6ffnungszeiten Laden Soglio<\/h4>\nVon Juni bis Mitte Oktober<br \/>\nMi* \/ Do \/ Fr \/ Sa 11.00 bis 17.00 Uhr<br \/>\n*Erst ab 1. Juli<div class=\"fusion-clearfix\"><\/div><\/div><\/div><div class=\"fusion-layout-column fusion_builder_column fusion-builder-column-13 fusion_builder_column_1_4 1_4 fusion-one-fourth fusion-column-last\" style=\"--awb-bg-size:cover;width:25%;width:calc(25% - ( ( 4% + 4% + 4% ) * 0.25 ) );\"><div class=\"fusion-column-wrapper fusion-flex-column-wrapper-legacy\"><h4>Rechtliches<\/h4>\n<a href=\"https:\/\/www.soglio-produkte.com\/de\/agb\/\" style=\"text-decoration:underline;\">Allgemeine Gesch\u00e4ftsbedingungen<\/a><br \/>\n<a href=\"https:\/\/www.soglio-produkte.com\/de\/impressum\/\" style=\"text-decoration:underline;\">Impressum<\/a><br \/>\n<a href=\"https:\/\/www.soglio-produkte.com\/de\/datenschutz\/\" style=\"text-decoration:underline;\">Datenschutz<\/a><br \/>\n<a href=\"https:\/\/www.soglio-produkte.com\/de\/versand-zahlungsmoeglichkeiten\/\" style=\"text-decoration:underline;\">Versand und Zahlungsm\u00f6glichkeiten <\/a><div class=\"fusion-text fusion-text-3\"><h4>Social Media<\/h4>\n<p><a href=\"https:\/\/www.facebook.com\/soglio.produkte.Kraft.der.Berge\" target=\"_blank\" rel=\"noopener noreferrer\"><img decoding=\"async\" class=\"wp-image-830 size-full lazyload\" data-src=\"https:\/\/www.soglio-produkte.com\/wp-content\/uploads\/2019\/05\/54997.png\" alt=\"Facebook\" width=\"51\" height=\"51\" src=\"data:image\/svg+xml;base64,PHN2ZyB3aWR0aD0iMSIgaGVpZ2h0PSIxIiB4bWxucz0iaHR0cDovL3d3dy53My5vcmcvMjAwMC9zdmciPjwvc3ZnPg==\" style=\"--smush-placeholder-width: 51px; --smush-placeholder-aspect-ratio: 51\/51;\" \/><\/a><a href=\"https:\/\/www.instagram.com\/soglio.produkte\" target=\"_blank\" rel=\"noopener noreferrer\"> <img decoding=\"async\" class=\"wp-image-830 size-full lazyload\" data-src=\"https:\/\/www.soglio-produkte.com\/wp-content\/uploads\/2019\/05\/glyph-logo_may2016.png\" alt=\"Instagram\" width=\"51\" height=\"51\" src=\"data:image\/svg+xml;base64,PHN2ZyB3aWR0aD0iMSIgaGVpZ2h0PSIxIiB4bWxucz0iaHR0cDovL3d3dy53My5vcmcvMjAwMC9zdmciPjwvc3ZnPg==\" style=\"--smush-placeholder-width: 51px; --smush-placeholder-aspect-ratio: 51\/51;\" \/> <\/a><a href=\"https:\/\/www.pinterest.de\/Soglioprodukte\/\" target=\"_blank\" rel=\"noopener noreferrer\"> <img decoding=\"async\" class=\"wp-image-830 size-full lazyload\" data-src=\"https:\/\/www.soglio-produkte.com\/wp-content\/uploads\/2019\/05\/badgergb-black.png\" alt=\"Pinterest\" width=\"51\" height=\"51\" src=\"data:image\/svg+xml;base64,PHN2ZyB3aWR0aD0iMSIgaGVpZ2h0PSIxIiB4bWxucz0iaHR0cDovL3d3dy53My5vcmcvMjAwMC9zdmciPjwvc3ZnPg==\" style=\"--smush-placeholder-width: 51px; --smush-placeholder-aspect-ratio: 51\/51;\" \/><\/a><\/p>\n<\/div><div class=\"fusion-clearfix\"><\/div><\/div><\/div><\/div><\/div>\n","protected":false},"excerpt":{"rendered":"","protected":false},"author":3,"featured_media":0,"parent":1051,"menu_order":0,"comment_status":"closed","ping_status":"closed","template":"100-width.php","meta":{"footnotes":""},"class_list":["post-5780","page","type-page","status-publish","hentry"],"_links":{"self":[{"href":"https:\/\/www.soglio-produkte.com\/de\/wp-json\/wp\/v2\/pages\/5780","targetHints":{"allow":["GET"]}}],"collection":[{"href":"https:\/\/www.soglio-produkte.com\/de\/wp-json\/wp\/v2\/pages"}],"about":[{"href":"https:\/\/www.soglio-produkte.com\/de\/wp-json\/wp\/v2\/types\/page"}],"author":[{"embeddable":true,"href":"https:\/\/www.soglio-produkte.com\/de\/wp-json\/wp\/v2\/users\/3"}],"replies":[{"embeddable":true,"href":"https:\/\/www.soglio-produkte.com\/de\/wp-json\/wp\/v2\/comments?post=5780"}],"version-history":[{"count":24,"href":"https:\/\/www.soglio-produkte.com\/de\/wp-json\/wp\/v2\/pages\/5780\/revisions"}],"predecessor-version":[{"id":5842,"href":"https:\/\/www.soglio-produkte.com\/de\/wp-json\/wp\/v2\/pages\/5780\/revisions\/5842"}],"up":[{"embeddable":true,"href":"https:\/\/www.soglio-produkte.com\/de\/wp-json\/wp\/v2\/pages\/1051"}],"wp:attachment":[{"href":"https:\/\/www.soglio-produkte.com\/de\/wp-json\/wp\/v2\/media?parent=5780"}],"curies":[{"name":"wp","href":"https:\/\/api.w.org\/{rel}","templated":true}]}}