{"id":7025,"date":"2020-12-11T15:56:38","date_gmt":"2020-12-11T14:56:38","guid":{"rendered":"https:\/\/www.soglio-produkte.com\/?page_id=7025"},"modified":"2023-08-22T14:46:48","modified_gmt":"2023-08-22T12:46:48","slug":"datenschutz","status":"publish","type":"page","link":"https:\/\/www.soglio-produkte.com\/de\/datenschutz\/","title":{"rendered":"Datenschutz"},"content":{"rendered":"<div class=\"fusion-fullwidth fullwidth-box fusion-builder-row-1 nonhundred-percent-fullwidth non-hundred-percent-height-scrolling\" style=\"--awb-border-radius-top-left:0px;--awb-border-radius-top-right:0px;--awb-border-radius-bottom-right:0px;--awb-border-radius-bottom-left:0px;--awb-flex-wrap:wrap;\" ><div class=\"fusion-builder-row fusion-row\"><div class=\"fusion-layout-column fusion_builder_column fusion-builder-column-0 fusion_builder_column_1_5 1_5 fusion-one-fifth fusion-column-first\" style=\"--awb-bg-size:cover;width:20%;width:calc(20% - ( ( 4% + 4% ) * 0.2 ) );margin-right: 4%;\"><div class=\"fusion-column-wrapper fusion-flex-column-wrapper-legacy\"><div class=\"fusion-clearfix\"><\/div><\/div><\/div><div class=\"fusion-layout-column fusion_builder_column fusion-builder-column-1 fusion_builder_column_3_5 3_5 fusion-three-fifth\" style=\"--awb-bg-size:cover;width:60%;width:calc(60% - ( ( 4% + 4% ) * 0.6 ) );margin-right: 4%;\"><div class=\"fusion-column-wrapper fusion-flex-column-wrapper-legacy\"><div class=\"fusion-text fusion-text-1\"><h1 data-fontsize=\"44\" data-lineheight=\"61\"><span class=\"s1\">Datenschutzerkl\u00e4rung<\/span><\/h1>\n<div id=\"shopContent\">\n<ol start=\"1\">\n<li style=\"list-style-type: none;\">\n<ol start=\"1\">\n<li><strong>Allgemeines <\/strong>Vielen Dank f\u00fcr Ihr Interesse an unserem Unternehmen. Datenschutz und Vertraulichkeit haben einen sehr hohen Stellenwert bei der SOGLIO-PRODUKTE AG und SOGLIO (Deutschland) GmbH (nachstehend SOGLIO genannt). Wir befolgen die geltenden nationalen und europ\u00e4ischen Datenschutzvorschriften und informieren nachfolgend welche Daten wir gegebenenfalls speichern und wie wir diese Daten verwenden.<\/li>\n<li><strong>Speicherung und Verwendung von Daten <\/strong>Als Besucher auf unserer Website bleiben Sie anonym. Die Daten, die wir speichern und analysieren, werden ausschliesslich zu statistischen Zwecken verwendet, damit wir beispielsweise unsere Dienstleistungen kontinuierlich verbessern k\u00f6nnen. Zu den Daten, die wir auf unseren Servern speichern, geh\u00f6ren der Name Ihres Internet-Serviceanbieters, die Website, \u00fcber die Sie uns besuchen, die SOGLIO-Webseiten, welche Sie angesehen haben, Ihre IP-Adresse sowie Datum und Dauer Ihres Besuchs.<\/li>\n<li><strong>Erhebung, Verarbeitung und Verwendung personenbezogener Daten <\/strong>Wir erheben und verarbeiten personenbezogene Daten nur, wenn Sie bestimmte Dienstleistungen abrufen und wir hierf\u00fcr Ihre Daten ben\u00f6tigen oder wenn Sie uns freiwillig Ihre ausdr\u00fcckliche Zustimmung dazu erteilt haben. Dies k\u00f6nnen Sie beispielsweise mit einer Online-Anmeldung tun, indem Sie ein entsprechendes Formular ausf\u00fcllen oder uns eine E-Mail senden, bzw. Produkte oder Dienstleistungen bestellen oder Anfragen an uns richten. Sofern keine anderslautenden gesetzlichen Verpflichtungen bestehen, verwenden wir Ihre pers\u00f6nlichen Daten nur zu den Zwecken, f\u00fcr die Sie Ihre Einwilligung erteilt haben. Ihre pers\u00f6nlichen Daten werden von uns nur dann an Dritte weitergegeben, wenn dies f\u00fcr die Erbringung der von Ihnen angeforderten Dienstleistung erforderlich ist oder wenn Sie uns Ihre Zustimmung dazu erteilt haben.<\/li>\n<li><strong>Aufbewahrung von Daten <\/strong>Wir speichern Daten solange, wie dies gesetzlich notwendig ist bzw. zur Erbringung der von Ihnen angeforderten Dienstleistung erforderlich ist oder wie dies in einer entsprechenden Einwilligung festgelegt wurde.<\/li>\n<li><strong>Zugriffsrecht, Korrektur und Widerspruch <\/strong>Sie haben das Recht, Ihre von uns gespeicherten personenbezogenen Daten einzusehen und zu korrigieren; ausserdem k\u00f6nnen Sie Ihre Zustimmung zur k\u00fcnftigen Verwendung Ihrer Daten jederzeit widerrufen. Hierzu gen\u00fcgt eine E-Mail an <u><u>datenschutz@soglio-produkte.ch<\/u><\/u><\/li>\n<li><strong>Datenschutz und Sicherheit <\/strong>Unsere Mitarbeiter sind beim Umgang mit personenbezogenen Daten zu Vertraulichkeit verpflichtet. Unsere Datenschutzmassnahmen werden unter Ber\u00fccksichtigung neuer technischer Entwicklungen laufend aktualisiert.<\/li>\n<li><strong>Social Media Plugins <\/strong>Im Internetauftritt von SOGLIO k\u00f6nnen auf bestimmten Seiten Social-Media-Plugins von Facebook, Twitter, Google+ und\/oder Youtube integriert sein. Diese Social-Media-Plugins sind durch das SOGLIO-Logo, Kommentarfelder und die \u201eLike\u201c bzw. \u201e+1\u201c-Buttons kenntlich gemacht. Beim Aufrufen einer Internetseite mit einem Social-Media-Plugin wird eine direkte Verbindung mit dem Server des Social-Media-Anbieters hergestellt. Gleichzeitig erfassen Facebook, Twitter, LinkedIn und\/oder Google die jeweilige Internetseite, von der auf deren Dienste zugegriffen wurde. Falls Sie bei einem der Anbieter registriert sind und sich dort angemeldet haben, kann der Aufruf der Internetseite mit Ihrem Benutzerkonto in Verbindung gebracht werden. Social-Media-Anbieter wie Facebook, Twitter, Google+ und\/oder Youtube geben keine Auskunft dar\u00fcber, welche spezifischen Informationen w\u00e4hrend der Nutzung ihrer Plugins erfasst werden. Wir haben daher keine Kenntnisse \u00fcber den Inhalt, den Umfang und die Nutzung der erfassten Daten durch Facebook, Twitter, Google+ und\/oder Youtube. Weiterf\u00fchrende Informationen dazu k\u00f6nnen Sie in den Datenschutzbestimmungen der Social-Media-Anbieter unter den folgenden Links nachlesen: Facebook, Twitter, Google+ und\/oder Youtube. Falls Sie der Erhebung personenbezogener Daten auf unseren Internetseiten durch einen Anbieter nicht zustimmen, k\u00f6nnen Sie die Plugins in Ihrem Browser deaktivieren. Falls Sie vermeiden wollen, dass eine Verbindung zu einem bestehenden Benutzerkonto hergestellt wird, m\u00fcssen Sie sich vor dem Besuch unserer Internetseiten abmelden.<\/li>\n<li><strong>Google Analytics <\/strong>Diese Website benutzt Google Analytics, einen Webanalysedienst der Google Inc. (\u201eGoogle\u201c). Google Analytics verwendet sog. \u201eCookies\u201c, Textdateien, die auf Ihrem Computer gespeichert werden und die eine Analyse der Benutzung der Website durch Sie erm\u00f6glichen. Die durch den Cookie erzeugten Informationen \u00fcber Ihre Benutzung dieser Website werden in der Regel an einen Server von Google in den USA \u00fcbertragen und dort gespeichert. Im Falle der Aktivierung der IP-Anonymisierung auf dieser Webseite, wird Ihre IP-Adresse von Google jedoch innerhalb von Mitgliedstaaten der Europ\u00e4ischen Union oder in anderen Vertragsstaaten des Abkommens \u00fcber den Europ\u00e4ischen Wirtschaftsraum zuvor gek\u00fcrzt. Nur in Ausnahmef\u00e4llen wird die volle IP-Adresse an einen Server von Google in den USA \u00fcbertragen und dort gek\u00fcrzt. Im Auftrag des Betreibers dieser Website wird Google diese Informationen benutzen, um Ihre Nutzung der Website auszuwerten, um Reports \u00fcber die Websiteaktivit\u00e4ten zusammenzustellen und um weitere mit der Websitenutzung und der Internetnutzung verbundene Dienstleistungen gegen\u00fcber dem Websitebetreiber zu erbringen. Die im Rahmen von Google Analytics von Ihrem Browser \u00fcbermittelte IP-Adresse wird nicht mit anderen Daten von Google zusammengef\u00fchrt. Sie k\u00f6nnen die Speicherung der Cookies durch eine entsprechende Einstellung Ihrer Browser-Software verhindern; wir weisen Sie jedoch darauf hin, dass Sie in diesem Fall gegebenenfalls nicht s\u00e4mtliche Funktionen dieser Website vollumf\u00e4nglich werden nutzen k\u00f6nnen. Sie k\u00f6nnen dar\u00fcber hinaus die Erfassung der durch das Cookie erzeugten und auf Ihre Nutzung der Website bezogenen Daten (inkl. Ihrer IP-Adresse) an Google sowie die Verarbeitung dieser Daten durch Google verhindern, indem Sie das unter dem folgenden Link (http:\/\/tools.google.com\/dlpage\/gaoptout?hl=de) verf\u00fcgbare Browser-Plugin herunterladen und installieren. Weitere Informationen finden Sie unter: <a href=\"http:\/\/www.google.com\/analytics\/learn\/privacy.html\" target=\"_blank\" rel=\"noopener\">http:\/\/www.google.com\/analytics\/learn\/privacy.html<\/a><\/li>\n<li><strong>Meta\/Facebook<\/strong>Auf der Webseite verwenden wir das sogenannte Facebook-Pixel des sozialen Netzwerks facebook.com, welches von der Facebook Inc. (1601 South California Avenue, Palo Alto, CA 94304, USA) betrieben wird. Wenn Sie unsere Seiten aufrufen, baut Ihr Browser eine direkte Verbindung mit den Servern von Facebook auf. Durch die Einbindung des Pixels erh\u00e4lt Facebook die Information, dass Sie die entsprechende Seite unseres Internetauftritts aufgerufen haben. Sind Sie bei Facebook eingeloggt, kann Facebook den Besuch Ihrem Facebook-Konto zuordnen.<br \/>Zweck und Umfang der Datenerhebung und die weitere Verarbeitung und Nutzung der Daten durch Facebook sowie Ihre diesbez\u00fcglichen Rechte und Einstellungsm\u00f6glichkeiten zum Schutz Ihrer Privatsph\u00e4re entnehmen Sie bitte den Datenschutzhinweisen von Facebook unter: <a href=\"http:\/\/de-de.facebook.com\/policy.php\" target=\"_blank\" rel=\"noopener\">http:\/\/de-de.facebook.com\/policy.php<\/a><\/li>\n<li><strong>Meta\/Instagram<\/strong>Auf unserer Website sind Funktionen des Dienstes Instagram eingebunden. Diese Funktionen werden angeboten durch die Instagram Inc., 1601 Willow Road, Menlo Park, CA, 94025, USA integriert. Wenn Sie in Ihrem Instagram-Account eingeloggt sind k\u00f6nnen Sie durch Anklicken des Instagram-Buttons die Inhalte unserer Seiten mit Ihrem Instagram-Profil verlinken. Dadurch kann Instagram den Besuch unserer Seiten Ihrem Benutzerkonto zuordnen. Wir weisen darauf hin, dass wir als Anbieter der Seiten keine Kenntnis vom Inhalt der \u00fcbermittelten Daten sowie deren Nutzung durch Instagram erhalten.Weitere Informationen hierzu finden Sie in der Datenschutzerkl\u00e4rung von Instagram: <a href=\"http:\/\/instagram.com\/about\/legal\/privacy\/\" target=\"_blank\" rel=\"noopener\">http:\/\/instagram.com\/about\/legal\/privacy\/<\/a><\/li>\n<li><strong>Webanalysedienste<\/strong> Diese Webseite verwendet Cookies und Webanalyse Dienste, um die Attraktivit\u00e4t der Webseite zu steigern. Diese Trackingdaten lassen keine R\u00fcckschl\u00fcsse auf einzelne Webseitenbesucher zu. Aufgrund dieser Daten sind keine Personen bestimmbar. Die Webseite <a href=\"https:\/\/www.soglio-produkte.com\">soglio-produkte.com<\/a> benutzt die Analysedienste von Google Analytics und Facebook.<\/li>\n<li><strong>Newsletter <\/strong>Gerne informieren wir Sie \u00fcber unsere SOGLIO-Newsletter \u00fcber aktuelle Themen rund unsere Produkte. Zum Versand eines Newsletters ben\u00f6tigen wir Ihren Namen und Vornamen sowie Ihre E-Mail-Adresse. Diese Daten k\u00f6nnen Sie in die daf\u00fcr vorgesehenen Felder eingeben. Nachdem Sie die Informationen abgeschickt haben, erhalten Sie von uns eine E-Mail an die von Ihnen angegebene E-Mail-Adresse zur Best\u00e4tigung. Ihre Daten werden von uns nur zum Zwecke des Newsletter Versands gespeichert. Sie k\u00f6nnen sich jederzeit wieder vom Newsletter abmelden und damit der weiteren Verwendung Ihrer Daten widersprechen. Sie k\u00f6nnen sich am Ende eines Newsletters aus dem Verteiler austragen. Der Versand der Newsletter erfolgt mittels des Versanddienstleisters \u201aMailChimp\u2018, einer Newsletterversandplattform des US-Anbieters Rocket Science Group, LLC, 675 Ponce De Leon Ave NE #5000, Atlanta, GA 30308, USA. Die Datenschutzbestimmungen des Versanddienstleisters k\u00f6nnen Sie <a href=\"https:\/\/mailchimp.com\/legal\/privacy\/\" target=\"_blank\" rel=\"noreferrer noopener\">hier<\/a> einsehen. The Rocket Science Group LLC d\/b\/a MailChimp ist unter dem Privacy-Shield-Abkommen zertifiziert und bietet hierdurch eine Garantie, das europ\u00e4isches Datenschutzniveau einzuhalten (<a href=\"https:\/\/www.privacyshield.gov\/participant?id=a2zt0000000TO6hAAG&amp;status=Active&amp;t=1\" target=\"_blank\" rel=\"noreferrer noopener\">PrivacyShield<\/a>). Der Versanddienstleister wird auf Grundlage unserer berechtigten Interessen gem. Art. 6 Abs. 1 lit. f DSGVO und eines Auftragsverarbeitungsvertrages gem. Art. 28 Abs. 3 S. 1 DSGVO eingesetzt. Der Versanddienstleister kann die Daten der Empf\u00e4nger in pseudonymer Form, d.h. ohne Zuordnung zu einem Nutzer, zur Optimierung oder Verbesserung der eigenen Services nutzen, z.B. zur technischen Optimierung des Versandes und der Darstellung der Newsletter oder f\u00fcr statistische Zwecke verwenden. Der Versanddienstleister nutzt die Daten unserer Newsletterempf\u00e4nger jedoch nicht, um diese selbst anzuschreiben oder um die Daten an Dritte weiterzugeben.<\/li>\n<li><strong>Kundenmagazin <\/strong>Gerne stellen wir Ihnen per Post unser SOGLIO-Kundenmagazin zu, welches in der Regel zweimal im Jahr per Post versandt wird. Darin informieren wir Sie \u00fcber aktuelle Themen aus dem Bergell, aus unserem Unternehmen und \u00fcber unsere Produkte. Zum Versand eines Kundenmagazins ben\u00f6tigen wir Ihren Namen und Vornamen, Ihre E-Mail-Adresse sowie Ihre vollst\u00e4ndige Anschrift. Diese Daten k\u00f6nnen Sie in die daf\u00fcr vorgesehenen Felder eingeben. Nachdem Sie die Informationen abgeschickt haben, erhalten Sie von uns eine E-Mail an die von Ihnen angegebene E-Mail-Adresse zur Best\u00e4tigung. Ihre Daten werden von uns nur zum Zwecke des Kundenmagazin Versands gespeichert. Sie k\u00f6nnen sich jederzeit wieder vom Kundenmagazin abmelden und damit der weiteren Verwendung Ihrer Daten widersprechen. Per E-Mail an <u>datenschutz@soglio-produkte.ch,<\/u> per Postzuschrift oder per Telefon k\u00f6nnen sich aus dem Verteiler des Kundenmagazins jederzeit austragen lassen.<\/li>\n<li><strong>Dauer der Datenspeicherung <\/strong>Wenn nicht anders angegeben, speichern wir Nutzungsdaten oder andere personenbezogenen Daten so lange wie wir dies zur Einhaltung der geltenden Gesetze als notwendig oder angemessen erachten oder solange wir es f\u00fcr die Zwecke, f\u00fcr die sie bearbeitet werden, als notwendig erachten. Wir l\u00f6schen Ihre Daten, sobald diese nicht mehr ben\u00f6tigt werden und auf jeden Fall nach Ablauf der gesetzlich vorgeschriebenen maximalen Aufbewahrungsfrist.<\/li>\n<li><strong>Verwendung von Cookies <\/strong>Die Internetseiten verwenden teilweise so genannte Cookies. Cookies richten auf Ihrem Rechner keinen Schaden an und enthalten keine Viren. Cookies dienen dazu, unser Angebot nutzerfreundlicher, effektiver und sicherer zu machen. Cookies sind kleine Textdateien, die auf Ihrem Rechner abgelegt werden und die Ihr Browser speichert. Die meisten der von uns verwendeten Cookies sind so genannte \u201cSession-Cookies\u201d. Sie werden nach Ende Ihres Besuchs automatisch gel\u00f6scht. Andere Cookies bleiben auf Ihrem Endger\u00e4t gespeichert bis Sie diese l\u00f6schen. Diese Cookies erm\u00f6glichen es uns, Ihren Browser beim n\u00e4chsten Besuch wiederzuerkennen. Sie k\u00f6nnen Ihren Browser so einstellen, dass Sie \u00fcber das Setzen von Cookies informiert werden und Cookies nur im Einzelfall erlauben, die Annahme von Cookies f\u00fcr bestimmte F\u00e4lle oder generell ausschliessen sowie das automatische L\u00f6schen der Cookies beim Schliessen des Browsers aktivieren. Bei der Deaktivierung von Cookies kann die Funktionalit\u00e4t dieser Website eingeschr\u00e4nkt sein. Cookies, die zur Durchf\u00fchrung des elektronischen Kommunikationsvorgangs oder zur Bereitstellung bestimmter, von Ihnen erw\u00fcnschter Funktionen (z.B. Warenkorbfunktion) erforderlich sind, werden auf Grundlage von Art. 6 Abs. 1 lit. f DSGVO gespeichert. Der Websitebetreiber hat ein berechtigtes Interesse an der Speicherung von Cookies zur technisch fehlerfreien und optimierten Bereitstellung seiner Dienste.<\/li>\n<li><strong>Rechte der betroffenen Person <\/strong>Ihnen stehen bei Vorliegen der gesetzlichen Voraussetzungen folgende Rechte zu: Recht auf Auskunft, Berichtigung, L\u00f6schung, Einschr\u00e4nkung der Verarbeitung, Daten\u00fcbertragbarkeit. Ebenso steht Ihnen ein jederzeitiges Widerspruchsrecht gegen die Verarbeitung zu, die auf einer von Ihnen erteilten Einwilligung oder unseren berechtigten Interessen beruht.<\/li>\n<li><strong>Beschwerderecht bei der Aufsichtsbeh\u00f6rde <\/strong>Sie haben das Recht, sich bei der zust\u00e4ndigen Aufsichtsbeh\u00f6rde zu beschweren, wenn Sie der Ansicht sind, dass die Verarbeitung Ihrer personenbezogenen Daten nicht rechtm\u00e4ssig erfolgt.<\/li>\n<li><strong>Datensicherheit <\/strong>Wir unterhalten aktuelle technische Massnahmen zur Gew\u00e4hrleistung der Datensicherheit, insbesondere zum Schutz Ihrer personenbezogenen Daten vor Gefahren bei Daten\u00fcbertragungen sowie vor Kenntniserlangung durch Dritte. Diese werden, dem aktuellen Stand der Technik entsprechend, angepasst.<\/li>\n<\/ol>\n<p><strong>Kontakt zust\u00e4ndig f\u00fcr Datenschutz:<\/strong><br \/>SOGLIO-PRODUKTE AG, Via Principale 21, CH-7608 Castasegna &#8211; SOGLIO (Deutschland) GmbH, Hauptstrasse 29, DE-79807 Lottstetten <u>datenschutz@soglio-produkte.ch<\/u><\/p>\n<p>CH-7608 Castasegna, 22.08.2023<\/p>\n<\/li>\n<\/ol>\n<\/div>\n<\/div><div class=\"fusion-clearfix\"><\/div><\/div><\/div><div class=\"fusion-layout-column fusion_builder_column fusion-builder-column-2 fusion_builder_column_1_5 1_5 fusion-one-fifth fusion-column-last\" style=\"--awb-bg-size:cover;width:20%;width:calc(20% - ( ( 4% + 4% ) * 0.2 ) );\"><div class=\"fusion-column-wrapper fusion-flex-column-wrapper-legacy\"><div class=\"fusion-clearfix\"><\/div><\/div><\/div><\/div><\/div><div class=\"fusion-fullwidth fullwidth-box fusion-builder-row-2 nonhundred-percent-fullwidth non-hundred-percent-height-scrolling\" style=\"--awb-border-radius-top-left:0px;--awb-border-radius-top-right:0px;--awb-border-radius-bottom-right:0px;--awb-border-radius-bottom-left:0px;--awb-padding-top:20px;--awb-padding-bottom:0px;--awb-background-color:#f8f9e6;--awb-flex-wrap:wrap;\" ><div class=\"fusion-builder-row fusion-row\"><div class=\"fusion-layout-column fusion_builder_column fusion-builder-column-3 fusion_builder_column_1_1 1_1 fusion-one-full fusion-column-first fusion-column-last\" style=\"--awb-bg-size:cover;\"><div class=\"fusion-column-wrapper fusion-flex-column-wrapper-legacy\"><div class=\"fusion-text fusion-text-2\"><h3 style=\"text-align: center;\">HABEN SIE FRAGEN? RUFEN SIE UNS AN <a href=\"tel:+41818221843\">+41 (0)81 822 18 43<\/a><\/h3>\n<h4 style=\"text-align: center;\">Wir beraten Sie gerne: Montag bis Freitag, 08.00 bis 12.00 Uhr und 13.30 bis 17.30 Uhr.<\/h4>\n<\/div><div class=\"fusion-clearfix\"><\/div><\/div><\/div><div class=\"fusion-layout-column fusion_builder_column fusion-builder-column-4 fusion_builder_column_1_4 1_4 fusion-one-fourth fusion-column-first\" style=\"--awb-bg-size:cover;width:25%;width:calc(25% - ( ( 4% + 4% + 4% ) * 0.25 ) );margin-right: 4%;\"><div class=\"fusion-column-wrapper fusion-flex-column-wrapper-legacy\"><h4>Kontakt Schweiz<\/h4>\nSOGLIO-PRODUKTE AG<br \/>\nVia Principale 21<br \/>\n7608 Castasegna<br \/>\nSchweiz<br \/>\n<br \/>\nTel. <a href=\"tel:+41818221843\">+41 (0)81 822 18 43<\/a><br \/>\nFax +41 (0)81 822 19 70<br \/>\n<a href=\"mailto:mail@soglio-produkte.ch\">mail@soglio-produkte.ch<\/a><div class=\"fusion-clearfix\"><\/div><\/div><\/div><div class=\"fusion-layout-column fusion_builder_column fusion-builder-column-5 fusion_builder_column_1_4 1_4 fusion-one-fourth\" style=\"--awb-bg-size:cover;width:25%;width:calc(25% - ( ( 4% + 4% + 4% ) * 0.25 ) );margin-right: 4%;\"><div class=\"fusion-column-wrapper fusion-flex-column-wrapper-legacy\"><h4>Kontakt Deutschland \/ EU<\/h4>\nSOGLIO (Deutschland) GmbH<br \/>\nHauptstra\u00dfe 29<br \/>\n79807 Lottstetten<br \/>\nDeutschland<br \/>\n<br \/>\n<a href=\"mailto:mail@soglio-produkte.eu\">mail@soglio-produkte.eu<\/a><div class=\"fusion-clearfix\"><\/div><\/div><\/div><div class=\"fusion-layout-column fusion_builder_column fusion-builder-column-6 fusion_builder_column_1_4 1_4 fusion-one-fourth\" style=\"--awb-bg-size:cover;width:25%;width:calc(25% - ( ( 4% + 4% + 4% ) * 0.25 ) );margin-right: 4%;\"><div class=\"fusion-column-wrapper fusion-flex-column-wrapper-legacy\"><h4>\u00d6ffnungszeiten Laden Castasegna<\/h4>\nMo bis Fr, 8.00 bis 12.00 Uhr<br \/>\nund 13.30 bis 18.00 Uhr<br \/>\n<h4>\u00d6ffnungszeiten Laden Soglio<\/h4>\nVon Juni bis Mitte Oktober<br \/>\nMi* \/ Do \/ Fr \/ Sa 11.00 bis 17.00 Uhr<br \/>\n*Erst ab 1. Juli<div class=\"fusion-clearfix\"><\/div><\/div><\/div><div class=\"fusion-layout-column fusion_builder_column fusion-builder-column-7 fusion_builder_column_1_4 1_4 fusion-one-fourth fusion-column-last\" style=\"--awb-bg-size:cover;width:25%;width:calc(25% - ( ( 4% + 4% + 4% ) * 0.25 ) );\"><div class=\"fusion-column-wrapper fusion-flex-column-wrapper-legacy\"><h4>Rechtliches<\/h4>\n<a href=\"https:\/\/www.soglio-produkte.com\/de\/agb\/\" style=\"text-decoration:underline;\">Allgemeine Gesch\u00e4ftsbedingungen<\/a><br \/>\n<a href=\"https:\/\/www.soglio-produkte.com\/de\/impressum\/\" style=\"text-decoration:underline;\">Impressum<\/a><br \/>\n<a href=\"https:\/\/www.soglio-produkte.com\/de\/datenschutz\/\" style=\"text-decoration:underline;\">Datenschutz<\/a><br \/>\n<a href=\"https:\/\/www.soglio-produkte.com\/de\/versand-zahlungsmoeglichkeiten\/\" style=\"text-decoration:underline;\">Versand und Zahlungsm\u00f6glichkeiten <\/a><div class=\"fusion-text fusion-text-3\"><h4>Social Media<\/h4>\n<p><a href=\"https:\/\/www.facebook.com\/soglio.produkte.Kraft.der.Berge\" target=\"_blank\" rel=\"noopener noreferrer\"><img decoding=\"async\" class=\"wp-image-830 size-full lazyload\" data-src=\"https:\/\/www.soglio-produkte.com\/wp-content\/uploads\/2019\/05\/54997.png\" alt=\"Facebook\" width=\"51\" height=\"51\" src=\"data:image\/svg+xml;base64,PHN2ZyB3aWR0aD0iMSIgaGVpZ2h0PSIxIiB4bWxucz0iaHR0cDovL3d3dy53My5vcmcvMjAwMC9zdmciPjwvc3ZnPg==\" style=\"--smush-placeholder-width: 51px; --smush-placeholder-aspect-ratio: 51\/51;\" \/><\/a><a href=\"https:\/\/www.instagram.com\/soglio.produkte\" target=\"_blank\" rel=\"noopener noreferrer\"> <img decoding=\"async\" class=\"wp-image-830 size-full lazyload\" data-src=\"https:\/\/www.soglio-produkte.com\/wp-content\/uploads\/2019\/05\/glyph-logo_may2016.png\" alt=\"Instagram\" width=\"51\" height=\"51\" src=\"data:image\/svg+xml;base64,PHN2ZyB3aWR0aD0iMSIgaGVpZ2h0PSIxIiB4bWxucz0iaHR0cDovL3d3dy53My5vcmcvMjAwMC9zdmciPjwvc3ZnPg==\" style=\"--smush-placeholder-width: 51px; --smush-placeholder-aspect-ratio: 51\/51;\" \/> <\/a><a href=\"https:\/\/www.pinterest.de\/Soglioprodukte\/\" target=\"_blank\" rel=\"noopener noreferrer\"> <img decoding=\"async\" class=\"wp-image-830 size-full lazyload\" data-src=\"https:\/\/www.soglio-produkte.com\/wp-content\/uploads\/2019\/05\/badgergb-black.png\" alt=\"Pinterest\" width=\"51\" height=\"51\" src=\"data:image\/svg+xml;base64,PHN2ZyB3aWR0aD0iMSIgaGVpZ2h0PSIxIiB4bWxucz0iaHR0cDovL3d3dy53My5vcmcvMjAwMC9zdmciPjwvc3ZnPg==\" style=\"--smush-placeholder-width: 51px; --smush-placeholder-aspect-ratio: 51\/51;\" \/><\/a><\/p>\n<\/div><div class=\"fusion-clearfix\"><\/div><\/div><\/div><\/div><\/div>\n","protected":false},"excerpt":{"rendered":"","protected":false},"author":1,"featured_media":0,"parent":0,"menu_order":0,"comment_status":"closed","ping_status":"closed","template":"100-width.php","meta":{"footnotes":""},"class_list":["post-7025","page","type-page","status-publish","hentry"],"_links":{"self":[{"href":"https:\/\/www.soglio-produkte.com\/de\/wp-json\/wp\/v2\/pages\/7025","targetHints":{"allow":["GET"]}}],"collection":[{"href":"https:\/\/www.soglio-produkte.com\/de\/wp-json\/wp\/v2\/pages"}],"about":[{"href":"https:\/\/www.soglio-produkte.com\/de\/wp-json\/wp\/v2\/types\/page"}],"author":[{"embeddable":true,"href":"https:\/\/www.soglio-produkte.com\/de\/wp-json\/wp\/v2\/users\/1"}],"replies":[{"embeddable":true,"href":"https:\/\/www.soglio-produkte.com\/de\/wp-json\/wp\/v2\/comments?post=7025"}],"version-history":[{"count":9,"href":"https:\/\/www.soglio-produkte.com\/de\/wp-json\/wp\/v2\/pages\/7025\/revisions"}],"predecessor-version":[{"id":8306,"href":"https:\/\/www.soglio-produkte.com\/de\/wp-json\/wp\/v2\/pages\/7025\/revisions\/8306"}],"wp:attachment":[{"href":"https:\/\/www.soglio-produkte.com\/de\/wp-json\/wp\/v2\/media?parent=7025"}],"curies":[{"name":"wp","href":"https:\/\/api.w.org\/{rel}","templated":true}]}}