{"id":7028,"date":"2020-12-11T15:57:38","date_gmt":"2020-12-11T14:57:38","guid":{"rendered":"https:\/\/www.soglio-produkte.com\/?page_id=7028"},"modified":"2021-11-23T14:54:46","modified_gmt":"2021-11-23T13:54:46","slug":"versand-zahlungsmoeglichkeiten","status":"publish","type":"page","link":"https:\/\/www.soglio-produkte.com\/de\/versand-zahlungsmoeglichkeiten\/","title":{"rendered":"Versand &#038; Zahlungsm\u00f6glichkeiten"},"content":{"rendered":"<div class=\"fusion-fullwidth fullwidth-box fusion-builder-row-1 nonhundred-percent-fullwidth non-hundred-percent-height-scrolling\" style=\"--awb-border-radius-top-left:0px;--awb-border-radius-top-right:0px;--awb-border-radius-bottom-right:0px;--awb-border-radius-bottom-left:0px;--awb-flex-wrap:wrap;\" ><div class=\"fusion-builder-row fusion-row\"><div class=\"fusion-layout-column fusion_builder_column fusion-builder-column-0 fusion_builder_column_1_5 1_5 fusion-one-fifth fusion-column-first\" style=\"--awb-bg-size:cover;width:20%;width:calc(20% - ( ( 4% + 4% ) * 0.2 ) );margin-right: 4%;\"><div class=\"fusion-column-wrapper fusion-flex-column-wrapper-legacy\"><div class=\"fusion-clearfix\"><\/div><\/div><\/div><div class=\"fusion-layout-column fusion_builder_column fusion-builder-column-1 fusion_builder_column_3_5 3_5 fusion-three-fifth\" style=\"--awb-bg-size:cover;width:60%;width:calc(60% - ( ( 4% + 4% ) * 0.6 ) );margin-right: 4%;\"><div class=\"fusion-column-wrapper fusion-flex-column-wrapper-legacy\"><div class=\"fusion-text fusion-text-1\"><h1 data-fontsize=\"44\" data-lineheight=\"61\"><span class=\"s1\">Versand und Zahlungsm\u00f6glichkeiten\n<\/span><\/h1>\n<div id=\"shopContent\">\n<div class=\"contenthaupt\">\n<p><strong>Versand<\/strong><\/p>\n<p>Der Versand erfolgt innerhalb der Schweiz und Liechtenstein mit der schweizerischen Post per PostPac Economy. Ab einem Einkaufswert von CHF 100.00 ist der Versand kostenlos. F\u00fcr alle anderen Bestellungen wird eine Versandkostenpauschale von CHF 9.50 verrechnet. Auf Wunsch versenden wir per PostPac Priority f\u00fcr CHF 11.00. In Ausnahmef\u00e4llen m\u00fcssen h\u00f6here Versandkosten in Rechnung gestellt werden.<\/p>\n<p>SOGLIO versendet die im Schweizer Webshop <a href=\"https:\/\/shop.soglio-produkte.ch\" target=\"_blank\" rel=\"noopener\">https:\/\/shop.soglio-produkte.ch<\/a> angebotenen Waren ausschliesslich innerhalb der Schweiz und Liechtenstein. Bestellungen und Lieferungen in die EU m\u00fcssen \u00fcber den Webshop der SOGLIO (Deutschland) GmbH abgewickelt werden <a href=\"https:\/\/shop.soglio-produkte.de\" target=\"_blank\" rel=\"noopener\">https:\/\/shop.soglio-produkte.de<\/a><\/p>\n<p><strong>R\u00fcckgabe- und Gew\u00e4hrleistungsrichtlinien<\/strong><\/p>\n<p>Der Kunde pr\u00fcft die Produkte nach deren Lieferung und r\u00fcgt schriftlich alle offensichtlichen M\u00e4ngel, insbesondere Falschlieferungen, Mengenabweichungen und andere erkennbare M\u00e4ngel unverz\u00fcglich, sp\u00e4testens aber 10 Tage nach Erhalt der Ware.<\/p>\n<p>Der Kunde benachrichtigt SOGLIO ausserdem schriftlich \u00fcber alle verdeckten M\u00e4ngel innerhalb von 10 Tagen nach deren Feststellung. Versteckte M\u00e4ngel k\u00f6nnen bis sp\u00e4testens zwei Jahre nach Erhalt der Ware schriftlich ger\u00fcgt werden. Alle M\u00e4ngelr\u00fcgen m\u00fcssen, soweit dem Kunden zumutbar, eine m\u00f6glichst genaue Beschreibung des Problems enthalten. Versp\u00e4tete, unzureichende und unbegr\u00fcndete R\u00fcgen befreien SOGLIO von jeglicher Gew\u00e4hrleistungspflicht.<\/p>\n<p>R\u00fccksendungen werden nur nach vorheriger Absprache und mit einer beigelegten Rechnungskopie angenommen. F\u00fcr den fachgerechten Transport ist der Kunde verantwortlich. Die Versandkosten gehen zu seinen Lasten. SOGLIO entscheidet nach eigenem Gutd\u00fcnken, ob eine mangelhafte Lieferung nachgebessert oder ganz oder teilweise ersetzt wird.<\/p>\n<p>Der vorstehende Gew\u00e4hrleistungsumfang ist abschliessend. Jede weitergehende Gew\u00e4hrleistung von SOGLIO wird somit ausdr\u00fccklich wegbedungen. SOGLIO haftet insbesondere nicht f\u00fcr mittelbaren oder unmittelbaren Schaden.<\/p>\n<p><strong>Zahlungsm\u00f6glichkeiten<\/strong><\/p>\n<ul>\n<li><strong>Auf Rechnung<\/strong><strong>\n<\/strong>Sie erhalten zusammen mit der Lieferung eine Rechnung in Papierform. Beim Kauf auf Rechnung beh\u00e4lt sich die SOGLIO-PRODUKTE AG das Recht vor eine Bonit\u00e4tsauskunft einzuholen. Bankverbindung: SOGLIO-PRODUKTE AG, GKB Chur, Konto-Nr.: CK 412.125.200, IBAN: CH31 0077 4110 4121 2520 0, Clearing-Nr.: 774, SWIFT (BIC): GRKBCH2270A<\/li>\n<li><strong>Mit Kreditkarte <\/strong>(Visa oder Eurocard\/Mastercard) via SIX Payment Services<\/li>\n<li><strong>Via Paypal<\/strong><\/li>\n<li><strong>Via Twint<\/strong><\/li>\n<li><strong>Via PostFinance <\/strong>(Card oder E-Finance)<\/li>\n<\/ul>\n<p><strong>Zahlungsverzug<\/strong><\/p>\n<p>Wenn wir 45 Tage nach Rechnungsstellung keine Zahlung feststellen, senden wir eine Erinnerung (1. Mahnung) zu. Bleibt diese erfolglos, senden wir kostenpflichtige Mahnungen (2. Mahnung CHF 20.00, 3. Mahnung CHF 50.00) zu. Nach diesem Mahnverfahren behalten wir uns rechtliche Schritte vor.<\/p>\n<p>CH-7608 Castasegna, 08.12.2020<\/p>\n<\/div>\n<\/div>\n<\/div><div class=\"fusion-clearfix\"><\/div><\/div><\/div><div class=\"fusion-layout-column fusion_builder_column fusion-builder-column-2 fusion_builder_column_1_5 1_5 fusion-one-fifth fusion-column-last\" style=\"--awb-bg-size:cover;width:20%;width:calc(20% - ( ( 4% + 4% ) * 0.2 ) );\"><div class=\"fusion-column-wrapper fusion-flex-column-wrapper-legacy\"><div class=\"fusion-clearfix\"><\/div><\/div><\/div><\/div><\/div><div class=\"fusion-fullwidth fullwidth-box fusion-builder-row-2 nonhundred-percent-fullwidth non-hundred-percent-height-scrolling\" style=\"--awb-border-radius-top-left:0px;--awb-border-radius-top-right:0px;--awb-border-radius-bottom-right:0px;--awb-border-radius-bottom-left:0px;--awb-padding-top:20px;--awb-padding-bottom:0px;--awb-background-color:#f8f9e6;--awb-flex-wrap:wrap;\" ><div class=\"fusion-builder-row fusion-row\"><div class=\"fusion-layout-column fusion_builder_column fusion-builder-column-3 fusion_builder_column_1_1 1_1 fusion-one-full fusion-column-first fusion-column-last\" style=\"--awb-bg-size:cover;\"><div class=\"fusion-column-wrapper fusion-flex-column-wrapper-legacy\"><div class=\"fusion-text fusion-text-2\"><h3 style=\"text-align: center;\">HABEN SIE FRAGEN? RUFEN SIE UNS AN <a href=\"tel:+41818221843\">+41 (0)81 822 18 43<\/a><\/h3>\n<h4 style=\"text-align: center;\">Wir beraten Sie gerne: Montag bis Freitag, 08.00 bis 12.00 Uhr und 13.30 bis 17.30 Uhr.<\/h4>\n<\/div><div class=\"fusion-clearfix\"><\/div><\/div><\/div><div class=\"fusion-layout-column fusion_builder_column fusion-builder-column-4 fusion_builder_column_1_4 1_4 fusion-one-fourth fusion-column-first\" style=\"--awb-bg-size:cover;width:25%;width:calc(25% - ( ( 4% + 4% + 4% ) * 0.25 ) );margin-right: 4%;\"><div class=\"fusion-column-wrapper fusion-flex-column-wrapper-legacy\"><h4>Kontakt Schweiz<\/h4>\nSOGLIO-PRODUKTE AG<br \/>\nVia Principale 21<br \/>\n7608 Castasegna<br \/>\nSchweiz<br \/>\n<br \/>\nTel. <a href=\"tel:+41818221843\">+41 (0)81 822 18 43<\/a><br \/>\nFax +41 (0)81 822 19 70<br \/>\n<a href=\"mailto:mail@soglio-produkte.ch\">mail@soglio-produkte.ch<\/a><div class=\"fusion-clearfix\"><\/div><\/div><\/div><div class=\"fusion-layout-column fusion_builder_column fusion-builder-column-5 fusion_builder_column_1_4 1_4 fusion-one-fourth\" style=\"--awb-bg-size:cover;width:25%;width:calc(25% - ( ( 4% + 4% + 4% ) * 0.25 ) );margin-right: 4%;\"><div class=\"fusion-column-wrapper fusion-flex-column-wrapper-legacy\"><h4>Kontakt Deutschland \/ EU<\/h4>\nSOGLIO (Deutschland) GmbH<br \/>\nHauptstra\u00dfe 29<br \/>\n79807 Lottstetten<br \/>\nDeutschland<br \/>\n<br \/>\n<a href=\"mailto:mail@soglio-produkte.eu\">mail@soglio-produkte.eu<\/a><div class=\"fusion-clearfix\"><\/div><\/div><\/div><div class=\"fusion-layout-column fusion_builder_column fusion-builder-column-6 fusion_builder_column_1_4 1_4 fusion-one-fourth\" style=\"--awb-bg-size:cover;width:25%;width:calc(25% - ( ( 4% + 4% + 4% ) * 0.25 ) );margin-right: 4%;\"><div class=\"fusion-column-wrapper fusion-flex-column-wrapper-legacy\"><h4>\u00d6ffnungszeiten Laden Castasegna<\/h4>\nMo bis Fr, 8.00 bis 12.00 Uhr<br \/>\nund 13.30 bis 18.00 Uhr<br \/>\n<h4>\u00d6ffnungszeiten Laden Soglio<\/h4>\nVon Juni bis Mitte Oktober<br \/>\nMi* \/ Do \/ Fr \/ Sa 11.00 bis 17.00 Uhr<br \/>\n*Erst ab 1. Juli<div class=\"fusion-clearfix\"><\/div><\/div><\/div><div class=\"fusion-layout-column fusion_builder_column fusion-builder-column-7 fusion_builder_column_1_4 1_4 fusion-one-fourth fusion-column-last\" style=\"--awb-bg-size:cover;width:25%;width:calc(25% - ( ( 4% + 4% + 4% ) * 0.25 ) );\"><div class=\"fusion-column-wrapper fusion-flex-column-wrapper-legacy\"><h4>Rechtliches<\/h4>\n<a href=\"https:\/\/www.soglio-produkte.com\/de\/agb\/\" style=\"text-decoration:underline;\">Allgemeine Gesch\u00e4ftsbedingungen<\/a><br \/>\n<a href=\"https:\/\/www.soglio-produkte.com\/de\/impressum\/\" style=\"text-decoration:underline;\">Impressum<\/a><br \/>\n<a href=\"https:\/\/www.soglio-produkte.com\/de\/datenschutz\/\" style=\"text-decoration:underline;\">Datenschutz<\/a><br \/>\n<a href=\"https:\/\/www.soglio-produkte.com\/de\/versand-zahlungsmoeglichkeiten\/\" style=\"text-decoration:underline;\">Versand und Zahlungsm\u00f6glichkeiten <\/a><div class=\"fusion-text fusion-text-3\"><h4>Social Media<\/h4>\n<p><a href=\"https:\/\/www.facebook.com\/soglio.produkte.Kraft.der.Berge\" target=\"_blank\" rel=\"noopener noreferrer\"><img decoding=\"async\" class=\"wp-image-830 size-full lazyload\" data-src=\"https:\/\/www.soglio-produkte.com\/wp-content\/uploads\/2019\/05\/54997.png\" alt=\"Facebook\" width=\"51\" height=\"51\" src=\"data:image\/svg+xml;base64,PHN2ZyB3aWR0aD0iMSIgaGVpZ2h0PSIxIiB4bWxucz0iaHR0cDovL3d3dy53My5vcmcvMjAwMC9zdmciPjwvc3ZnPg==\" style=\"--smush-placeholder-width: 51px; --smush-placeholder-aspect-ratio: 51\/51;\" \/><\/a><a href=\"https:\/\/www.instagram.com\/soglio.produkte\" target=\"_blank\" rel=\"noopener noreferrer\"> <img decoding=\"async\" class=\"wp-image-830 size-full lazyload\" data-src=\"https:\/\/www.soglio-produkte.com\/wp-content\/uploads\/2019\/05\/glyph-logo_may2016.png\" alt=\"Instagram\" width=\"51\" height=\"51\" src=\"data:image\/svg+xml;base64,PHN2ZyB3aWR0aD0iMSIgaGVpZ2h0PSIxIiB4bWxucz0iaHR0cDovL3d3dy53My5vcmcvMjAwMC9zdmciPjwvc3ZnPg==\" style=\"--smush-placeholder-width: 51px; --smush-placeholder-aspect-ratio: 51\/51;\" \/> <\/a><a href=\"https:\/\/www.pinterest.de\/Soglioprodukte\/\" target=\"_blank\" rel=\"noopener noreferrer\"> <img decoding=\"async\" class=\"wp-image-830 size-full lazyload\" data-src=\"https:\/\/www.soglio-produkte.com\/wp-content\/uploads\/2019\/05\/badgergb-black.png\" alt=\"Pinterest\" width=\"51\" height=\"51\" src=\"data:image\/svg+xml;base64,PHN2ZyB3aWR0aD0iMSIgaGVpZ2h0PSIxIiB4bWxucz0iaHR0cDovL3d3dy53My5vcmcvMjAwMC9zdmciPjwvc3ZnPg==\" style=\"--smush-placeholder-width: 51px; --smush-placeholder-aspect-ratio: 51\/51;\" \/><\/a><\/p>\n<\/div><div class=\"fusion-clearfix\"><\/div><\/div><\/div><\/div><\/div>\n","protected":false},"excerpt":{"rendered":"","protected":false},"author":1,"featured_media":0,"parent":0,"menu_order":0,"comment_status":"closed","ping_status":"closed","template":"100-width.php","meta":{"footnotes":""},"class_list":["post-7028","page","type-page","status-publish","hentry"],"_links":{"self":[{"href":"https:\/\/www.soglio-produkte.com\/de\/wp-json\/wp\/v2\/pages\/7028","targetHints":{"allow":["GET"]}}],"collection":[{"href":"https:\/\/www.soglio-produkte.com\/de\/wp-json\/wp\/v2\/pages"}],"about":[{"href":"https:\/\/www.soglio-produkte.com\/de\/wp-json\/wp\/v2\/types\/page"}],"author":[{"embeddable":true,"href":"https:\/\/www.soglio-produkte.com\/de\/wp-json\/wp\/v2\/users\/1"}],"replies":[{"embeddable":true,"href":"https:\/\/www.soglio-produkte.com\/de\/wp-json\/wp\/v2\/comments?post=7028"}],"version-history":[{"count":2,"href":"https:\/\/www.soglio-produkte.com\/de\/wp-json\/wp\/v2\/pages\/7028\/revisions"}],"predecessor-version":[{"id":7033,"href":"https:\/\/www.soglio-produkte.com\/de\/wp-json\/wp\/v2\/pages\/7028\/revisions\/7033"}],"wp:attachment":[{"href":"https:\/\/www.soglio-produkte.com\/de\/wp-json\/wp\/v2\/media?parent=7028"}],"curies":[{"name":"wp","href":"https:\/\/api.w.org\/{rel}","templated":true}]}}