{"id":941,"date":"2017-03-23T16:45:10","date_gmt":"2017-03-23T15:45:10","guid":{"rendered":"https:\/\/www.soglio-produkte.com\/?page_id=941"},"modified":"2022-12-13T09:01:19","modified_gmt":"2022-12-13T08:01:19","slug":"agb","status":"publish","type":"page","link":"https:\/\/www.soglio-produkte.com\/de\/agb\/","title":{"rendered":"AGB"},"content":{"rendered":"<div class=\"fusion-fullwidth fullwidth-box fusion-builder-row-1 nonhundred-percent-fullwidth non-hundred-percent-height-scrolling\" style=\"--awb-border-radius-top-left:0px;--awb-border-radius-top-right:0px;--awb-border-radius-bottom-right:0px;--awb-border-radius-bottom-left:0px;--awb-flex-wrap:wrap;\" ><div class=\"fusion-builder-row fusion-row\"><div class=\"fusion-layout-column fusion_builder_column fusion-builder-column-0 fusion_builder_column_1_5 1_5 fusion-one-fifth fusion-column-first\" style=\"--awb-bg-size:cover;width:20%;width:calc(20% - ( ( 4% + 4% ) * 0.2 ) );margin-right: 4%;\"><div class=\"fusion-column-wrapper fusion-flex-column-wrapper-legacy\"><div class=\"fusion-clearfix\"><\/div><\/div><\/div><div class=\"fusion-layout-column fusion_builder_column fusion-builder-column-1 fusion_builder_column_3_5 3_5 fusion-three-fifth\" style=\"--awb-bg-size:cover;width:60%;width:calc(60% - ( ( 4% + 4% ) * 0.6 ) );margin-right: 4%;\"><div class=\"fusion-column-wrapper fusion-flex-column-wrapper-legacy\"><div class=\"fusion-text fusion-text-1\"><h2 data-fontsize=\"44\" data-lineheight=\"61\"><span class=\"s1\">Allgemeine Gesch\u00e4ftsbedingungen<\/span><\/h2>\n<p><strong>BESTELLUNG<\/strong><\/p>\n<ol>\n<li><strong>G\u00fcltigkeit<\/strong><\/li>\n<\/ol>\n<p>Diese allgemeinen Gesch\u00e4ftsbedingungen gelten ausschliesslich und liegen jedem Vertrag f\u00fcr den Verkauf von Waren, Dienstleistungen und Angeboten der SOGLIO-PRODUKTE AG (nachfolgend: SOGLIO) mit jedem Kunden zugrunde. Sie gelten anstelle von und vorrangig vor jeglichen Gesch\u00e4ftsbedingungen, auf die sich ein Kunde in seinen Unterlagen bezieht oder die er vorlegt. Abweichungen davon erlangen nur G\u00fcltigkeit unter der ausdr\u00fccklichen schriftlichen Zustimmung von SOGLIO.<\/p>\n<p>Abweichungen davon erlangen nur G\u00fcltigkeit unter der ausdr\u00fccklichen schriftlichen Zustimmung von SOGLIO.<\/p>\n<ol start=\"2\">\n<li><strong>Vertragsabschluss<\/strong><\/li>\n<\/ol>\n<p>Der Vertrag zwischen dem K\u00e4ufer und SOGLIO kommt erst durch die Annahme der Bestellung des Kunden durch SOGLIO zustande. Die Bestellung des Kunden erfolgt online auf der Webseite von SOGLIO, per Telefon, per Fax oder schriftlich.<\/p>\n<ol start=\"3\">\n<li><strong>Preise<\/strong><\/li>\n<\/ol>\n<p>Alle Preisangaben im Internet und auf den Bestellkarten sind unverbindlich. Preis-anpassungen und Produkte\u00e4nderungen bleiben vorbehalten und sind ohne vorherige Bekanntmachung und ohne Angabe von Gr\u00fcnden jederzeit m\u00f6glich. Massgebend sind die Preise auf der von SOGLIO akzeptierten Offerte bzw. der von SOGLIO ausgestellten Auftragsbest\u00e4tigung. Sollten sich im Laufe einer Auftragsabwicklung \u00c4nderungen durch Preisaufschl\u00e4ge, zus\u00e4tzliche fiskalische Belastungen, Zollerh\u00f6hungen oder starke W\u00e4hrungsschwankungen ergeben, so beh\u00e4lt sich SOGLIO eine entsprechende Preisanpassung vor. In diesem Fall wird der Kunde umgehend informiert. Sofern die Mehrwertsteuer nicht explizit ausgewiesen ist, verstehen sich alle Preisangaben ohne Mehrwertsteuer sowie vergleichbaren Steuern und Abgaben; diese sind vom Kunden zu tragen. Versandkosten und allf\u00e4llige Bearbeitungsgeb\u00fchren werden in der Rechnung von SOGLIO gesondert ausgewiesen, sofern sie nicht im Preis der Produkte enthalten sind. Teillieferungen mit entsprechend gesonderten Rechnungen sind m\u00f6glich. Die Versandkosten werden in diesem Fall nur einmalig in Rechnung gestellt.<\/p>\n<p><strong>BEZAHLUNG, LIEFERUNG und VERSAND<\/strong><\/p>\n<ol start=\"4\">\n<li><strong>Zahlungsbedingungen<\/strong><\/li>\n<\/ol>\n<p>Die Zahlungen erfolgen in der Regel per Rechnung und sind innert 30 Tagen ab Rechnungsdatum zur Zahlung f\u00e4llig. Nach unbenutztem Ablauf dieser Frist ger\u00e4t der Kunde ohne weitere Mahnung in Verzug, der einen Verzugsjahreszins von f\u00fcnf Prozent zur Folge hat. Die Rechnung wird in der Regel mit der Warenlieferung zugestellt. SOGLIO kann teilweise oder volle Vorauszahlung fordern, insbesondere, wenn zum Kunden noch keine Gesch\u00e4ftsverbindung besteht, oder wenn andere Gr\u00fcnde vorliegen, welche eine Sicherung der Zahlung durch den Kunden erforderlich machen. Falls sich die finanzielle Lage des Kunden im Verlauf der Gesch\u00e4ftsverbindung wesentlich verschlechtert, so dass der Zahlungsanspruch von SOGLIO gef\u00e4hrdet ist, ist SOGLIO berechtigt, die weitere Vertragserf\u00fcllung von der Zahlung der f\u00e4lligen Rechnungen abh\u00e4ngig zu machen. Der Kunde ist nur in Bezug auf unstrittige Forderungen oder Forderungen, die ihm rechtskr\u00e4ftig und bindend zugesprochen wurden, gegen\u00fcber SOGLIO zur Verrechnung berechtigt.<\/p>\n<ol start=\"5\">\n<li><strong>Zahlungsm\u00f6glichkeiten<\/strong><\/li>\n<\/ol>\n<ul>\n<li><strong>Auf Rechnung<\/strong><strong>\n<\/strong>Sie erhalten zusammen mit der Lieferung eine Rechnung in Papierform. Beim Kauf auf Rechnung beh\u00e4lt sich die SOGLIO-PRODUKTE AG das Recht vor eine Bonit\u00e4tsauskunft einzuholen. Bankverbindung: SOGLIO-PRODUKTE AG, GKB Chur, Konto-Nr.: CK 412.125.200, IBAN: CH31 0077 4110 4121 2520 0, Clearing-Nr.: 774, SWIFT (BIC): GRKBCH2270A<\/li>\n<li><strong>Mit Kreditkarte <\/strong>(Visa oder Eurocard\/Mastercard) via WORLDLINE Payment Services<\/li>\n<li><strong>Via Paypal<\/strong><\/li>\n<li><strong>Via Twint<\/strong><\/li>\n<li><strong>Via PostFinance <\/strong>(Card oder E-Finance)<\/li>\n<\/ul>\n<ol start=\"6\">\n<li><strong>Zahlungsverzug<\/strong><\/li>\n<\/ol>\n<p>Wenn wir 45 Tage nach Rechnungsstellung keine Zahlung feststellen, senden wir eine Erinnerung (1. Mahnung) zu. Bleibt diese erfolglos, senden wir kostenpflichtige Mahnungen (2. Mahnung CHF 20.00, 3. Mahnung CHF 50.00) zu. Nach diesem Mahnverfahren behalten wir uns rechtliche Schritte vor.<\/p>\n<ol start=\"7\">\n<li><strong>Lieferung<\/strong><\/li>\n<\/ol>\n<p>Die Lieferung ist abh\u00e4ngig von der Verf\u00fcgbarkeit der Produkte. Lieferzeiten und -termine sind nur verbindlich, sofern sie mit dem Kunden schriftlich und ausdr\u00fccklich vereinbart und als verbindlich bezeichnet werden. Andernfalls gelten Lieferzeiten und -termine nur als Benachrichtigung und implizieren keine definitive Zusage f\u00fcr einen Fix- oder F\u00e4lligkeitstermin.<\/p>\n<p>Ohne anderslautende Auftragsbest\u00e4tigung erfolgt der Versand in der Regel 2 Arbeitstage nach Bestelleingang. Erreicht eine Lieferung den Kunden nicht innert 10 Tagen, setzt sich dieser mit SOGLIO in Verbindung. Sollte sich die Lieferung eines einzelnen Produktes um mehr als drei Wochen \u00fcber den Liefertermin verz\u00f6gern, hat der Kunde das Recht, die Lieferung des entsprechenden Produktes schriftlich zu stornieren. Jegliche weiteren Anspr\u00fcche des K\u00e4ufers aus versp\u00e4teter Lieferung oder aus Geltendmachung des R\u00fccktritts sind ausdr\u00fccklich wegbedungen. SOGLIO ist berechtigt, jederzeit Erf\u00fcllungsgehilfen, insbesondere Drittlieferanten und deren verbundene Unternehmen, hinzuzuziehen.<\/p>\n<ol start=\"8\">\n<li><strong>Versand<\/strong><\/li>\n<\/ol>\n<p>Der Versand erfolgt innerhalb der Schweiz und Liechtenstein mit der schweizerischen Post per PostPac Economy. Ab einem Einkaufswert von CHF 100.00 ist der Versand kostenlos. F\u00fcr alle anderen Bestellungen wird eine Versandkostenpauschale von CHF 9.50 verrechnet. Auf Wunsch versenden wir per PostPac Priority f\u00fcr CHF 11.00. In Ausnahmef\u00e4llen m\u00fcssen h\u00f6here Versandkosten in Rechnung gestellt werden.\nSOGLIO versendet die im Schweizer Webshop (<a href=\"https:\/\/shop.soglio-produkte.ch\" target=\"_blank\" rel=\"noopener\">https:\/\/shop.soglio-produkte.ch<\/a>) angebotenen Waren ausschliesslich innerhalb der Schweiz und Liechtenstein. Bestellungen und Lieferungen in die EU m\u00fcssen \u00fcber den Webshop der SOGLIO (Deutschland) GmbH abgewickelt werden: <a href=\"https:\/\/shop.soglio-produkte.de\" target=\"_blank\" rel=\"noopener\">https:\/\/shop.soglio-produkte.de<\/a><\/p>\n<p><strong>DAS KLEINGEDRUCKTE<\/strong><\/p>\n<ol start=\"9\">\n<li><strong>Gefahren\u00fcbergang<\/strong><\/li>\n<\/ol>\n<p>Die Gefahr f\u00fcr den Verlust oder die Besch\u00e4digung der Produkte geht auf den Kunden \u00fcber, nachdem die Produkte dem Kunden pers\u00f6nlich bzw. an die Schweizerische Post oder ein anderes Bef\u00f6rderungsunternehmen \u00fcbergeben wurden. Der Transport erfolgt auf Gefahr des Kunden.<\/p>\n<ol start=\"10\">\n<li><strong>Eigentumsvorbehalt<\/strong><\/li>\n<\/ol>\n<p>S\u00e4mtliche gelieferte Ware bleibt bis zu ihrer vollst\u00e4ndigen Bezahlung Eigentum von SOGLIO. Falls ein Kunde mit der Bezahlung des Kaufpreises in Verzug ger\u00e4t, ist SOGLIO berechtigt, durch R\u00fccktrittserkl\u00e4rung vom Vertrag zur\u00fcckzutreten und die Aush\u00e4ndigung der gelieferten Ware zu verlangen.<\/p>\n<ol start=\"11\">\n<li><strong>R\u00fcckgabe- und Gew\u00e4hrleistungsrichtlinien<\/strong><\/li>\n<\/ol>\n<p>Der Kunde pr\u00fcft die Produkte nach deren Lieferung und r\u00fcgt schriftlich alle offensichtlichen M\u00e4ngel, insbesondere Falschlieferungen, Mengenabweichungen und andere erkennbare M\u00e4ngel unverz\u00fcglich, sp\u00e4testens aber 10 Tage nach Erhalt der Ware. Der Kunde benachrichtigt SOGLIO ausserdem schriftlich \u00fcber alle verdeckten M\u00e4ngel innerhalb von 10 Tagen nach deren Feststellung. Versteckte M\u00e4ngel k\u00f6nnen bis sp\u00e4testens zwei Jahre nach Erhalt der Ware schriftlich ger\u00fcgt werden. Alle M\u00e4ngelr\u00fcgen m\u00fcssen, soweit dem Kunden zumutbar, eine m\u00f6glichst genaue Beschreibung des Problems enthalten. Versp\u00e4tete, unzureichende und unbegr\u00fcndete R\u00fcgen befreien SOGLIO von jeglicher Gew\u00e4hrleistungspflicht.<\/p>\n<p>R\u00fccksendungen werden nur nach vorheriger Absprache sowie inkl. allem Zubeh\u00f6r und mit einer beigelegten Rechnungskopie angenommen. F\u00fcr den fachgerechten Transport ist der Kunde verantwortlich. Die Versandkosten gehen zu seinen Lasten. SOGLIO entscheidet nach eigenem Gutd\u00fcnken, ob eine mangelhafte Lieferung nachgebessert oder ganz oder teilweise ersetzt wird. Der vorstehende Gew\u00e4hrleistungsumfang ist abschliessend. Jede weitergehende Gew\u00e4hrleistung von SOGLIO wird somit ausdr\u00fccklich wegbedungen. SOGLIO haftet insbesondere nicht f\u00fcr mittelbaren oder unmittelbaren Schaden.<\/p>\n<ol start=\"12\">\n<li><strong>Verj\u00e4hrung<\/strong><\/li>\n<\/ol>\n<p>Die Verj\u00e4hrungsfrist f\u00fcr Gew\u00e4hrleistungsanspr\u00fcche betr\u00e4gt \u2013 unter Vorbehalt abweichender Bedingungen von Gesetzesvorschriften, welche den Bestimmungen dieser AGBs vorgehen \u2013 ein Jahr und beginnt mit der Ablieferung der Produkte.<\/p>\n<ol start=\"13\">\n<li><strong>Weiterverkauf<\/strong><\/li>\n<\/ol>\n<p>Bitte setzen Sie sich mit uns in Verbindung, falls sie interessiert sind, die Produkte von SOGLIO weiterzuverkaufen. Ohne die schriftliche Zusage von SOGLIO ist es nicht erlaubt, mit SOGLIO-Produkten zu handeln.<\/p>\n<ol start=\"14\">\n<li><strong>Datenschutz<\/strong><\/li>\n<\/ol>\n<p>Siehe separate <a href=\"https:\/\/www.soglio-produkte.com\/de\/datenschutz\/\">Datenschutzerkl\u00e4rung<\/a>.<\/p>\n<ol start=\"15\">\n<li><strong>Haftung f\u00fcr technische Probleme<\/strong><\/li>\n<\/ol>\n<p>SOGLIO lehnt im Rahmen des gesetzlich Zul\u00e4ssigen jegliche Haftung f\u00fcr Sch\u00e4den ab, welche aus vor\u00fcbergehenden oder dauernden technischen Problemen und\/oder Ausf\u00e4llen im Betrieb mit ihrer Webseite, dem E-Mail-Verkehr oder sonstigen technischen Einrichtungen entstehen.<\/p>\n<ol start=\"16\">\n<li><strong>Anwendbares Recht \/ Gerichtsstand<\/strong><\/li>\n<\/ol>\n<p>Diese Gesch\u00e4ftsbedingungen sowie die \u00fcber die Webseite von SOGLIO abgewickelten Gesch\u00e4fte unterstehen ausschliesslich dem materiellen Schweizerischen Recht unter Ausschluss des \u00dcbereinkommens der Vereinten Nationen f\u00fcr Vertr\u00e4ge \u00fcber den internationalen Warenkauf vom 11. April 1980 (UN-Kaufrecht \/ CISG).<\/p>\n<p>Erf\u00fcllungsort ist Castasegna, Bregaglia \/ CH. Soweit gesetzlich zul\u00e4ssig gilt Castasegna, Bregaglia \/ CH als ausschliesslicher Gerichtsstand f\u00fcr beide Parteien.<\/p>\n<ol start=\"17\">\n<li><strong>Schlussbestimmungen<\/strong><\/li>\n<\/ol>\n<p>Der Kunde kann Rechte und Pflichten aus dieser Vereinbarung nicht auf Dritte \u00fcbertragen. Im Zweifelsfall ist die in deutscher Sprache abgefasste Version der Gesch\u00e4ftsbedingungen massgebend und geht anderssprachigen vor. Diese Gesch\u00e4ftsbedingungen ersetzen alle bisherigen Abmachungen und Gesch\u00e4ftsbedingungen zwischen den Parteien.<\/p>\n<p>CH-7608 Castasegna, 08.12.2020<\/p>\n<\/div><div class=\"fusion-clearfix\"><\/div><\/div><\/div><div class=\"fusion-layout-column fusion_builder_column fusion-builder-column-2 fusion_builder_column_1_5 1_5 fusion-one-fifth fusion-column-last\" style=\"--awb-bg-size:cover;width:20%;width:calc(20% - ( ( 4% + 4% ) * 0.2 ) );\"><div class=\"fusion-column-wrapper fusion-flex-column-wrapper-legacy\"><div class=\"fusion-clearfix\"><\/div><\/div><\/div><\/div><\/div><div class=\"fusion-fullwidth fullwidth-box fusion-builder-row-2 nonhundred-percent-fullwidth non-hundred-percent-height-scrolling\" style=\"--awb-border-radius-top-left:0px;--awb-border-radius-top-right:0px;--awb-border-radius-bottom-right:0px;--awb-border-radius-bottom-left:0px;--awb-padding-top:20px;--awb-padding-bottom:0px;--awb-background-color:#f8f9e6;--awb-flex-wrap:wrap;\" ><div class=\"fusion-builder-row fusion-row\"><div class=\"fusion-layout-column fusion_builder_column fusion-builder-column-3 fusion_builder_column_1_1 1_1 fusion-one-full fusion-column-first fusion-column-last\" style=\"--awb-bg-size:cover;\"><div class=\"fusion-column-wrapper fusion-flex-column-wrapper-legacy\"><div class=\"fusion-text fusion-text-2\"><h3 style=\"text-align: center;\">HABEN SIE FRAGEN? RUFEN SIE UNS AN <a href=\"tel:+41818221843\">+41 (0)81 822 18 43<\/a><\/h3>\n<h4 style=\"text-align: center;\">Wir beraten Sie gerne: Montag bis Freitag, 08.00 bis 12.00 Uhr und 13.30 bis 17.30 Uhr.<\/h4>\n<\/div><div class=\"fusion-clearfix\"><\/div><\/div><\/div><div class=\"fusion-layout-column fusion_builder_column fusion-builder-column-4 fusion_builder_column_1_4 1_4 fusion-one-fourth fusion-column-first\" style=\"--awb-bg-size:cover;width:25%;width:calc(25% - ( ( 4% + 4% + 4% ) * 0.25 ) );margin-right: 4%;\"><div class=\"fusion-column-wrapper fusion-flex-column-wrapper-legacy\"><h4>Kontakt Schweiz<\/h4>\nSOGLIO-PRODUKTE AG<br \/>\nVia Principale 21<br \/>\n7608 Castasegna<br \/>\nSchweiz<br \/>\n<br \/>\nTel. <a href=\"tel:+41818221843\">+41 (0)81 822 18 43<\/a><br \/>\nFax +41 (0)81 822 19 70<br \/>\n<a href=\"mailto:mail@soglio-produkte.ch\">mail@soglio-produkte.ch<\/a><div class=\"fusion-clearfix\"><\/div><\/div><\/div><div class=\"fusion-layout-column fusion_builder_column fusion-builder-column-5 fusion_builder_column_1_4 1_4 fusion-one-fourth\" style=\"--awb-bg-size:cover;width:25%;width:calc(25% - ( ( 4% + 4% + 4% ) * 0.25 ) );margin-right: 4%;\"><div class=\"fusion-column-wrapper fusion-flex-column-wrapper-legacy\"><h4>Kontakt Deutschland \/ EU<\/h4>\nSOGLIO (Deutschland) GmbH<br \/>\nHauptstra\u00dfe 29<br \/>\n79807 Lottstetten<br \/>\nDeutschland<br \/>\n<br \/>\n<a href=\"mailto:mail@soglio-produkte.eu\">mail@soglio-produkte.eu<\/a><div class=\"fusion-clearfix\"><\/div><\/div><\/div><div class=\"fusion-layout-column fusion_builder_column fusion-builder-column-6 fusion_builder_column_1_4 1_4 fusion-one-fourth\" style=\"--awb-bg-size:cover;width:25%;width:calc(25% - ( ( 4% + 4% + 4% ) * 0.25 ) );margin-right: 4%;\"><div class=\"fusion-column-wrapper fusion-flex-column-wrapper-legacy\"><h4>\u00d6ffnungszeiten Laden Castasegna<\/h4>\nMo bis Fr, 8.00 bis 12.00 Uhr<br \/>\nund 13.30 bis 18.00 Uhr<br \/>\n<h4>\u00d6ffnungszeiten Laden Soglio<\/h4>\nVon Juni bis Mitte Oktober<br \/>\nMi* \/ Do \/ Fr \/ Sa 11.00 bis 17.00 Uhr<br \/>\n*Erst ab 1. Juli<div class=\"fusion-clearfix\"><\/div><\/div><\/div><div class=\"fusion-layout-column fusion_builder_column fusion-builder-column-7 fusion_builder_column_1_4 1_4 fusion-one-fourth fusion-column-last\" style=\"--awb-bg-size:cover;width:25%;width:calc(25% - ( ( 4% + 4% + 4% ) * 0.25 ) );\"><div class=\"fusion-column-wrapper fusion-flex-column-wrapper-legacy\"><h4>Rechtliches<\/h4>\n<a href=\"https:\/\/www.soglio-produkte.com\/de\/agb\/\" style=\"text-decoration:underline;\">Allgemeine Gesch\u00e4ftsbedingungen<\/a><br \/>\n<a href=\"https:\/\/www.soglio-produkte.com\/de\/impressum\/\" style=\"text-decoration:underline;\">Impressum<\/a><br \/>\n<a href=\"https:\/\/www.soglio-produkte.com\/de\/datenschutz\/\" style=\"text-decoration:underline;\">Datenschutz<\/a><br \/>\n<a href=\"https:\/\/www.soglio-produkte.com\/de\/versand-zahlungsmoeglichkeiten\/\" style=\"text-decoration:underline;\">Versand und Zahlungsm\u00f6glichkeiten <\/a><div class=\"fusion-text fusion-text-3\"><h4>Social Media<\/h4>\n<p><a href=\"https:\/\/www.facebook.com\/soglio.produkte.Kraft.der.Berge\" target=\"_blank\" rel=\"noopener noreferrer\"><img decoding=\"async\" class=\"wp-image-830 size-full lazyload\" data-src=\"https:\/\/www.soglio-produkte.com\/wp-content\/uploads\/2019\/05\/54997.png\" alt=\"Facebook\" width=\"51\" height=\"51\" src=\"data:image\/svg+xml;base64,PHN2ZyB3aWR0aD0iMSIgaGVpZ2h0PSIxIiB4bWxucz0iaHR0cDovL3d3dy53My5vcmcvMjAwMC9zdmciPjwvc3ZnPg==\" style=\"--smush-placeholder-width: 51px; --smush-placeholder-aspect-ratio: 51\/51;\" \/><\/a><a href=\"https:\/\/www.instagram.com\/soglio.produkte\" target=\"_blank\" rel=\"noopener noreferrer\"> <img decoding=\"async\" class=\"wp-image-830 size-full lazyload\" data-src=\"https:\/\/www.soglio-produkte.com\/wp-content\/uploads\/2019\/05\/glyph-logo_may2016.png\" alt=\"Instagram\" width=\"51\" height=\"51\" src=\"data:image\/svg+xml;base64,PHN2ZyB3aWR0aD0iMSIgaGVpZ2h0PSIxIiB4bWxucz0iaHR0cDovL3d3dy53My5vcmcvMjAwMC9zdmciPjwvc3ZnPg==\" style=\"--smush-placeholder-width: 51px; --smush-placeholder-aspect-ratio: 51\/51;\" \/> <\/a><a href=\"https:\/\/www.pinterest.de\/Soglioprodukte\/\" target=\"_blank\" rel=\"noopener noreferrer\"> <img decoding=\"async\" class=\"wp-image-830 size-full lazyload\" data-src=\"https:\/\/www.soglio-produkte.com\/wp-content\/uploads\/2019\/05\/badgergb-black.png\" alt=\"Pinterest\" width=\"51\" height=\"51\" src=\"data:image\/svg+xml;base64,PHN2ZyB3aWR0aD0iMSIgaGVpZ2h0PSIxIiB4bWxucz0iaHR0cDovL3d3dy53My5vcmcvMjAwMC9zdmciPjwvc3ZnPg==\" style=\"--smush-placeholder-width: 51px; --smush-placeholder-aspect-ratio: 51\/51;\" \/><\/a><\/p>\n<\/div><div class=\"fusion-clearfix\"><\/div><\/div><\/div><\/div><\/div>\n","protected":false},"excerpt":{"rendered":"","protected":false},"author":1,"featured_media":0,"parent":0,"menu_order":0,"comment_status":"closed","ping_status":"closed","template":"100-width.php","meta":{"footnotes":""},"class_list":["post-941","page","type-page","status-publish","hentry"],"_links":{"self":[{"href":"https:\/\/www.soglio-produkte.com\/de\/wp-json\/wp\/v2\/pages\/941","targetHints":{"allow":["GET"]}}],"collection":[{"href":"https:\/\/www.soglio-produkte.com\/de\/wp-json\/wp\/v2\/pages"}],"about":[{"href":"https:\/\/www.soglio-produkte.com\/de\/wp-json\/wp\/v2\/types\/page"}],"author":[{"embeddable":true,"href":"https:\/\/www.soglio-produkte.com\/de\/wp-json\/wp\/v2\/users\/1"}],"replies":[{"embeddable":true,"href":"https:\/\/www.soglio-produkte.com\/de\/wp-json\/wp\/v2\/comments?post=941"}],"version-history":[{"count":23,"href":"https:\/\/www.soglio-produkte.com\/de\/wp-json\/wp\/v2\/pages\/941\/revisions"}],"predecessor-version":[{"id":7918,"href":"https:\/\/www.soglio-produkte.com\/de\/wp-json\/wp\/v2\/pages\/941\/revisions\/7918"}],"wp:attachment":[{"href":"https:\/\/www.soglio-produkte.com\/de\/wp-json\/wp\/v2\/media?parent=941"}],"curies":[{"name":"wp","href":"https:\/\/api.w.org\/{rel}","templated":true}]}}