{"id":1854,"date":"2018-03-20T11:42:49","date_gmt":"2018-03-20T10:42:49","guid":{"rendered":"https:\/\/www.soglio-produkte.com\/?page_id=1854"},"modified":"2022-12-13T09:04:59","modified_gmt":"2022-12-13T08:04:59","slug":"conditions-generales-de-vente","status":"publish","type":"page","link":"https:\/\/www.soglio-produkte.com\/fr\/conditions-generales-de-vente\/","title":{"rendered":"Conditions g\u00e9n\u00e9rales de vente"},"content":{"rendered":"<div class=\"fusion-fullwidth fullwidth-box fusion-builder-row-1 nonhundred-percent-fullwidth non-hundred-percent-height-scrolling\" style=\"--awb-border-radius-top-left:0px;--awb-border-radius-top-right:0px;--awb-border-radius-bottom-right:0px;--awb-border-radius-bottom-left:0px;--awb-flex-wrap:wrap;\" ><div class=\"fusion-builder-row fusion-row\"><div class=\"fusion-layout-column fusion_builder_column fusion-builder-column-0 fusion_builder_column_1_5 1_5 fusion-one-fifth fusion-column-first\" style=\"--awb-bg-size:cover;width:20%;width:calc(20% - ( ( 4% + 4% ) * 0.2 ) );margin-right: 4%;\"><div class=\"fusion-column-wrapper fusion-flex-column-wrapper-legacy\"><div class=\"fusion-clearfix\"><\/div><\/div><\/div><div class=\"fusion-layout-column fusion_builder_column fusion-builder-column-1 fusion_builder_column_3_5 3_5 fusion-three-fifth\" style=\"--awb-bg-size:cover;width:60%;width:calc(60% - ( ( 4% + 4% ) * 0.6 ) );margin-right: 4%;\"><div class=\"fusion-column-wrapper fusion-flex-column-wrapper-legacy\"><div class=\"fusion-text fusion-text-1\"><h1>Conditions g\u00e9n\u00e9rales de vente<\/h1>\n<p><strong>COMMANDES<\/strong><\/p>\n<ol>\n<li><strong> Validit\u00e9<\/strong><\/li>\n<\/ol>\n<p>Ces conditions g\u00e9n\u00e9rales de vente s\u2019appliquent exclusivement \u00e0, et sont \u00e0 la base de chaque contrat avec chaque client concernant la vente de marchandises, services et offres de SOGLIO SA (ci-apr\u00e8s : SOGLIO). Elles ont priorit\u00e9 sur et remplacent toutes dispositions auxquelles fait r\u00e9f\u00e9rence un client dans ses documents ou qu\u2019il pr\u00e9sente. Des d\u00e9rogations ne sont valides que sous r\u00e9serve d\u2019un accord explicite sous forme \u00e9crite avec SOGLIO.<\/p>\n<ol start=\"2\">\n<li><strong> Conclusion du contrat<\/strong><\/li>\n<\/ol>\n<p>Le contrat entre l\u2019acheteur et SOGLIO ne se r\u00e9alise que lorsque SOGLIO accepte la commande du client. La commande du client s\u2019op\u00e8re en ligne sur le site Web de SOGLIO, par t\u00e9l\u00e9phone, par fax ou par \u00e9crit.<\/p>\n<ol start=\"3\">\n<li><strong> Prix<\/strong><\/li>\n<\/ol>\n<p>Tous les prix indiqu\u00e9s sur Internet et sur les bons de commandes sont sans engagement. Des adaptations de prix et des changements de produits restent sous r\u00e9serve et possibles \u00e0 tout moment sans notification pr\u00e9liminaire ni justification. Seuls font foi les prix indiqu\u00e9s sur les offres accept\u00e9es par SOGLIO resp. sur les confirmations de commande \u00e9tablies par SOGLIO. En cas de changements de prix pendant l\u2019ex\u00e9cution de la commande suite \u00e0 des majorations, des charges fiscales additionnelles, des majorations de droits de douane ou des fluctuations mon\u00e9taires importantes, SOGLIO se r\u00e9serve le droit d\u2019adapter ses prix conform\u00e9ment. Dans ce cas, le client en est inform\u00e9 imm\u00e9diatement. Sauf mention explicite de la taxe \u00e0 la valeur ajout\u00e9e, les prix indiqu\u00e9s s\u2019entendent sans taxe \u00e0 la valeur ajout\u00e9e ainsi que sans redevances ni taxes similaires\u00a0; celles-ci sont \u00e0 la charge du client. Les frais d\u2019exp\u00e9dition et les \u00e9ventuels frais de dossier sont indiqu\u00e9s s\u00e9par\u00e9ment sur la facture par SOGLIO, au cas o\u00f9 ceux-ci ne sont pas inclus dans le prix du produit. Des livraisons partielles avec des factures s\u00e9par\u00e9es correspondantes sont possibles. En ce cas, les frais d\u2019exp\u00e9dition ne sont factur\u00e9s qu\u2019une seule fois.<\/p>\n<p><strong>PAIEMENT, LIVRAISON et EXPEDITION<\/strong><\/p>\n<ol start=\"4\">\n<li><strong> Conditions de paiement<\/strong><\/li>\n<\/ol>\n<p>En r\u00e8gle g\u00e9n\u00e9rale, le paiement s\u2019effectue sur facture \u00e0 30 jours \u00e0 partir de la date de facturation. A l\u2019expiration de ce d\u00e9lai et en l\u2019absence de paiement, le client est,\u00a0sans rappel, consid\u00e9r\u00e9 d\u2019embl\u00e9e en retard de paiement, avec pour cons\u00e9quence des int\u00e9r\u00eats moratoires annuels de cinq pourcent. G\u00e9n\u00e9ralement, la facture est envoy\u00e9e avec la livraison des marchandises. SOGLIO est en droit d\u2019exiger un paiement anticip\u00e9 partiel ou complet, notamment quand il n\u2019y a pas encore de relations d\u2019affaires avec le client, ou quand existent d\u2019autres raisons rendant n\u00e9cessaire la s\u00e9curisation du paiement par le client. Dans le cas o\u00f9 la situation financi\u00e8re du client se d\u00e9grade de mani\u00e8re importante pendant la relation d\u2019affaire, de fa\u00e7on telle que le droit \u00e0 paiement de SOGLIO est compromis, SOGLIO est en droit de rendre l\u2019ex\u00e9cution du contrat tributaire du paiement des factures venues \u00e0 \u00e9ch\u00e9ance.\u00a0Le client n\u2019est en droit de demander des compensations \u00e0 SOGLIO qu\u2019en cas de cr\u00e9ances indisputables, ou de cr\u00e9ances contraignantes ou constat\u00e9es par d\u00e9cision judiciaire.<\/p>\n<ol start=\"5\">\n<li><strong> Modalit\u00e9s de paiement<\/strong><\/li>\n<\/ol>\n<ul>\n<li><strong>Sur facture\n<\/strong>Avec la livraison, vous recevez une facture papier. Lors d\u2019un achat sur facture, SOGLIO-PRODUKTE AG se r\u00e9serve le droit de se renseigner sur la solvabilit\u00e9 du client. R\u00e9f\u00e9rences bancaires\u00a0: SOGLIO-PRODUKTE AG, GKB Choire, Compte No. CK 412.125.200, IBAN CH31 0077 4110 4121 2520-0, Clearing No. 774, SWIFT (BIC) GRKBCH2270A.<\/li>\n<li><strong>Par carte de cr\u00e9dit<\/strong> (Visa ou Eurocard\/Mastercard) via WORLDLINE Payment Services<\/li>\n<li><strong>Via Paypal<\/strong><\/li>\n<li><strong>Via Twint<\/strong><\/li>\n<li><strong>Via PostFinance<\/strong> (Card ou E-Finance)<\/li>\n<\/ul>\n<ol start=\"6\">\n<li><strong>Retard de paiement<\/strong><\/li>\n<\/ol>\n<p>Sans paiement effectu\u00e9 dans les 45 jours apr\u00e8s la date de facturation, nous envoyons un rappel (1<sup>er<\/sup> rappel de paiement). Si ce rappel reste infructueux, nous envoyons des rappels de paiement payants (2<sup>\u00e8me<\/sup> rappel de paiement CHF 20.00, 3<sup>\u00e8me<\/sup> rappel de paiement CHF 50.00). Apr\u00e8s ces injonctions, nous nous r\u00e9servons le droit d\u2019engager des poursuites.<\/p>\n<ol start=\"7\">\n<li><strong> Livraison<\/strong><\/li>\n<\/ol>\n<p>La livraison est conditionn\u00e9e \u00e0 la disponibilit\u00e9 des produits. Les d\u00e9lais et dates de livraison ne sont valides que dans le cas o\u00f9 ils ont \u00e9t\u00e9 express\u00e9ment agr\u00e9\u00e9s par \u00e9crit avec le client et sp\u00e9cifi\u00e9s fermes. Autrement, les\u00a0d\u00e9lais et dates de livraison ne comptent que comme notification et n\u2019impliquent en aucune mani\u00e8re un engagement d\u00e9finitif concernant une date butoir ou d\u2019\u00e9ch\u00e9ance.<\/p>\n<p>Sauf stipulation contraire dans la confirmation de commande, l\u2019exp\u00e9dition s\u2019effectue, en r\u00e8gle g\u00e9n\u00e9rale, 2 jours ouvrables apr\u00e8s l\u2019enregistrement de la commande. Au cas o\u00f9 le client ne re\u00e7oit pas la livraison dans un d\u00e9lai de 10 jours, celui-ci prend contact avec SOGLIO. Au cas o\u00f9 la livraison d\u2019un produit individuel est retard\u00e9e de plus de 3 semaines au-del\u00e0 de la date de livraison, le client a le droit d\u2019annuler par \u00e9crit la livraison du produit concern\u00e9. Toutes r\u00e9clamations ult\u00e9rieures provenant d\u2019une livraison tardive ou cons\u00e9cutives \u00e0 la revendication du droit de r\u00e9siliation sont express\u00e9ment exclues. SOGLIO est autoris\u00e9 \u00e0 tout instant \u00e0 faire appel \u00e0 des auxiliaires d\u2019ex\u00e9cution, particuli\u00e8rement \u00e0 des fournisseurs tiers et leurs soci\u00e9t\u00e9s connexes.<\/p>\n<ol start=\"8\">\n<li><strong> Exp\u00e9dition<\/strong><\/li>\n<\/ol>\n<p>La livraison s\u2019effectue en Suisse et au Lichtenstein par la Poste Suisse par PostPac Economy. Au-dessus d\u2019une valeur de CHF 100.00, la livraison est gratuite. Pour toute autre commande, un forfait d\u2019exp\u00e9dition de CHF 9.50 est factur\u00e9. Sur demande, une exp\u00e9dition par PostPac Priority est possible, les frais d\u2019exp\u00e9dition se montent alors \u00e0 CHF 11.00. Dans des cas exceptionnels, des frais d\u2019exp\u00e9dition plus importants doivent \u00eatre factur\u00e9s.\nSOGLIO exp\u00e9die les marchandises offertes dans la boutique en ligne suisse (<a href=\"https:\/\/shop.soglio-produkte.ch\" target=\"_blank\" rel=\"noopener\">https:\/\/shop.soglio-produkte.ch<\/a>) uniquement en Suisse et au Lichtenstein. Les commandes et livraisons pour l\u2019UE doivent \u00eatre effectu\u00e9es dans la boutique en ligne de SOGLIO (Deutschland) GmbH : <a href=\"https:\/\/shop.soglio-produkte.de\" target=\"_blank\" rel=\"noopener\">https:\/\/shop.soglio-produkte.de<\/a><\/p>\n<p><strong>CLAUSES EN PETITS CARACT\u00c8RES<\/strong><\/p>\n<ol start=\"9\">\n<li><strong> Transfert de risques<\/strong><\/li>\n<\/ol>\n<p>Le risque de perte des ou de dommages aux produits est d\u00e9volu au client, \u00e0 partir du moment o\u00f9 les produits lui ont \u00e9t\u00e9 remis personnellement, ou \u00e0 La Poste Suisse, ou \u00e0 un autre transporteur. Le transport s\u2019effectue aux risques du client.<\/p>\n<ol start=\"10\">\n<li><strong> R\u00e9serve de propri\u00e9t\u00e9<\/strong><\/li>\n<\/ol>\n<p>Toute la marchandise livr\u00e9e reste la propri\u00e9t\u00e9 de SOGLIO jusqu\u2019\u00e0 son paiement int\u00e9gral. Si un client est en retard de paiement du prix de vente, SOGLIO est en droit de se d\u00e9sister du contrat et d\u2019exiger la remise de la marchandise livr\u00e9e.<\/p>\n<ol start=\"11\">\n<li><strong> Conditions de restitution et de garantie<\/strong><\/li>\n<\/ol>\n<p>Le client contr\u00f4le les produits \u00e0 leur livraison et r\u00e9clame imm\u00e9diatement par \u00e9crit tout vice apparent, en particulier livraisons par erreur, quantit\u00e9s erron\u00e9es et tout autre d\u00e9faut, au plus tard dans les 10 jours suivant la r\u00e9ception de la marchandise. En outre, le client informe SOGLIO par \u00e9crit de tous les vices cach\u00e9s dans les 10 jours suivant leur constatation. Les vices cach\u00e9s peuvent faire l\u2019objet de r\u00e9clamations par \u00e9crit jusqu\u2019\u00e0 deux ans apr\u00e8s r\u00e9ception de la marchandise. Autant que ceci peut \u00eatre raisonnablement exig\u00e9 du client, toutes les r\u00e9clamations doivent contenir une description d\u00e9taill\u00e9e du probl\u00e8me. Des r\u00e9clamations tardives, insuffisantes ou sans fondement lib\u00e8rent SOGLIO de l\u2019obligation de garantie.<\/p>\n<p>Des renvois seront accept\u00e9s uniquement apr\u00e8s accord pr\u00e9alable et incluant tous les accessoires et une copie de la facture jointe. Le client est responsable du transport appropri\u00e9. Les co\u00fbts d\u2019exp\u00e9dition sont \u00e0 sa charge. SOGLIO d\u00e9cide \u00e0 son gr\u00e9 de proc\u00e9der \u00e0 une correction ou \u00e0 un remplacement partiel ou total de la livraison d\u00e9fectueuse. L\u2019\u00e9tendue de la garantie mentionn\u00e9e pr\u00e9c\u00e9demment est exhaustive. Ainsi, toute extension de garantie de la part de SOGLIO est express\u00e9ment exclue. Particuli\u00e8rement, SOGLIO d\u00e9cline toute responsabilit\u00e9 pour des dommages directs ou indirects.<\/p>\n<ol start=\"12\">\n<li><strong> Prescription<\/strong><\/li>\n<\/ol>\n<p>Le d\u00e9lai de prescription pour les exigences de garantie est d\u2019un an \u2013 sous r\u00e9serve de conditions d\u00e9rogatoires \u00e0 des r\u00e8glements l\u00e9gaux, qui pr\u00e9valent sur ces conditions g\u00e9n\u00e9rales de vente \u2013 et d\u00e9bute avec la livraison des produits.<\/p>\n<ol start=\"13\">\n<li><strong> Revente<\/strong><\/li>\n<\/ol>\n<p>Veuillez s\u2019il vous pla\u00eet nous contacter au cas o\u00f9 vous seriez int\u00e9ress\u00e9 par la revente des produits SOGLIO. Sans accord \u00e9crit de la part de SOGLIO, il n\u2019est pas permis de faire commerce avec les produits SOGLIO.<\/p>\n<ol start=\"14\">\n<li><strong> Protection des donn\u00e9es<\/strong><\/li>\n<\/ol>\n<p>Voir la d\u00e9claration s\u00e9par\u00e9e relative \u00e0 la <u>protection des donn\u00e9es<\/u>.<\/p>\n<ol start=\"15\">\n<li><strong> Responsabilit\u00e9 pour probl\u00e8mes techniques<\/strong><\/li>\n<\/ol>\n<p>Dans le cadre l\u00e9gal, SOGLIO d\u00e9cline toute responsabilit\u00e9 pour les dommages r\u00e9sultants de probl\u00e8mes techniques passagers ou persistants et\/ou de d\u00e9faillances de fonctionnement incluant la page Web, le service e-mail ou tout autre \u00e9quipement technique.<\/p>\n<ol start=\"16\">\n<li><strong> Droit applicable \/ Tribunal comp\u00e9tent<\/strong><\/li>\n<\/ol>\n<p>Ces conditions g\u00e9n\u00e9rales de vente, ainsi que les transactions effectu\u00e9es par l\u2019interm\u00e9diaire de la page Web de SOGLIO, sont exclusivement r\u00e9gies par le droit mat\u00e9riel Suisse \u00e0 l\u2019exclusion de la Convention des Nations Unies du 11 avril 1980 sur les contrats de vente internationales de marchandises (CISG).<\/p>\n<p>Le lieu d\u2019ex\u00e9cution est Castasegna, Bregaglia \/ CH.\nDans la limite autoris\u00e9e par la loi, le tribunal de Castasegna\/Bregaglia est seul comp\u00e9tent pour les deux parties.<\/p>\n<ol start=\"17\">\n<li><strong> Dispositions finales<\/strong><\/li>\n<\/ol>\n<p>Le client ne peut transf\u00e9rer \u00e0 un tiers les droits et devoirs r\u00e9sultants de cet accord.\nEn cas de doute, la version des conditions g\u00e9n\u00e9rales de vente en langue allemande fait foi et pr\u00e9vaut sur les versions en d\u2019autres langues.\nCes conditions g\u00e9n\u00e9rales de vente remplacent toutes conditions g\u00e9n\u00e9rales de vente et accords ant\u00e9rieurs entre les parties.<\/p>\n<p>CH-7608 Castasegna, 08.12.2020<\/p>\n<\/div><div class=\"fusion-clearfix\"><\/div><\/div><\/div><div class=\"fusion-layout-column fusion_builder_column fusion-builder-column-2 fusion_builder_column_1_5 1_5 fusion-one-fifth fusion-column-last\" style=\"--awb-bg-size:cover;width:20%;width:calc(20% - ( ( 4% + 4% ) * 0.2 ) );\"><div class=\"fusion-column-wrapper fusion-flex-column-wrapper-legacy\"><div class=\"fusion-clearfix\"><\/div><\/div><\/div><\/div><\/div><div class=\"fusion-fullwidth fullwidth-box fusion-builder-row-2 nonhundred-percent-fullwidth non-hundred-percent-height-scrolling\" style=\"--awb-border-radius-top-left:0px;--awb-border-radius-top-right:0px;--awb-border-radius-bottom-right:0px;--awb-border-radius-bottom-left:0px;--awb-padding-top:20px;--awb-padding-bottom:0px;--awb-background-color:#f8f9e6;--awb-flex-wrap:wrap;\" ><div class=\"fusion-builder-row fusion-row\"><div class=\"fusion-layout-column fusion_builder_column fusion-builder-column-3 fusion_builder_column_1_1 1_1 fusion-one-full fusion-column-first fusion-column-last\" style=\"--awb-bg-size:cover;\"><div class=\"fusion-column-wrapper fusion-flex-column-wrapper-legacy\"><div class=\"fusion-text fusion-text-2\"><h3 style=\"text-align: center;\">AVEZ-VOUS DES QUESTIONS? APPELEZ-NOUS AU <a href=\"tel:+41818221843\">+41 (0)81 822 18 43<\/a><\/h3>\n<h4 style=\"text-align: center;\">Notre service t\u00e9l\u00e9phonique est ouvert du lundi au vendredi, de 08.00 \u00e0 12.00 h et de 13.30 \u00e0 17.30 h.<\/h4>\n<\/div><div class=\"fusion-clearfix\"><\/div><\/div><\/div><div class=\"fusion-layout-column fusion_builder_column fusion-builder-column-4 fusion_builder_column_1_4 1_4 fusion-one-fourth fusion-column-first\" style=\"--awb-bg-size:cover;width:25%;width:calc(25% - ( ( 4% + 4% + 4% ) * 0.25 ) );margin-right: 4%;\"><div class=\"fusion-column-wrapper fusion-flex-column-wrapper-legacy\"><h4>Contact Suisse<\/h4>\nSOGLIO-PRODUKTE SA<br \/>\nVia Principale 21<br \/>\n7608 Castasegna<br \/>\nSuisse<br \/>\n<br \/>\nTel. <a href=\"tel:+41818221843\">+41 (0)81 822 18 43<\/a><br \/>\nFax +41 (0)81 822 19 70<br \/>\n<a href=\"mailto:mail@soglio-produkte.ch\">mail@soglio-produkte.ch<\/a><div class=\"fusion-clearfix\"><\/div><\/div><\/div><div class=\"fusion-layout-column fusion_builder_column fusion-builder-column-5 fusion_builder_column_1_4 1_4 fusion-one-fourth\" style=\"--awb-bg-size:cover;width:25%;width:calc(25% - ( ( 4% + 4% + 4% ) * 0.25 ) );margin-right: 4%;\"><div class=\"fusion-column-wrapper fusion-flex-column-wrapper-legacy\"><h4>Contact UE<\/h4>\nSOGLIO (Deutschland) GmbH<br \/>\nHauptstr. 29<br \/>\n79807 Lottstetten<br \/>\nAllemagne<br \/>\n<br \/>\n<a href=\"mailto:mail@soglio-produkte.eu\">mail@soglio-produkte.eu<\/a><div class=\"fusion-clearfix\"><\/div><\/div><\/div><div class=\"fusion-layout-column fusion_builder_column fusion-builder-column-6 fusion_builder_column_1_4 1_4 fusion-one-fourth\" style=\"--awb-bg-size:cover;width:25%;width:calc(25% - ( ( 4% + 4% + 4% ) * 0.25 ) );margin-right: 4%;\"><div class=\"fusion-column-wrapper fusion-flex-column-wrapper-legacy\"><h4>Heures d\u2019ouverture magasin \u00e0 Castasegna<\/h4>\nLun \u00e0 Ven, 8.00 \u00e0 12.00 h<br \/>\net 13.30 \u00e0 18.00 h<br \/>\n<h4>Heures d\u2019ouverture magasin \u00e0 Soglio<\/h4>\nde juin jusqu\u2019\u00e0 mi octobre<br \/>\nMer* \/ Jeu \/ Ven \/ Sam 11.00 \u00e0 17.00 h<br \/>\n*\u00e0 partir de juillet<div class=\"fusion-clearfix\"><\/div><\/div><\/div><div class=\"fusion-layout-column fusion_builder_column fusion-builder-column-7 fusion_builder_column_1_4 1_4 fusion-one-fourth fusion-column-last\" style=\"--awb-bg-size:cover;width:25%;width:calc(25% - ( ( 4% + 4% + 4% ) * 0.25 ) );\"><div class=\"fusion-column-wrapper fusion-flex-column-wrapper-legacy\"><h4>L\u00e9gal<\/h4>\n<a href=\"https:\/\/www.soglio-produkte.com\/fr\/conditions-generales-de-vente\/\" style=\"text-decoration:underline;\">Conditions g\u00e9n\u00e9rales de vente<\/a><br \/>\n<a href=\"https:\/\/www.soglio-produkte.com\/fr\/impressum\/\" style=\"text-decoration:underline;\">Impressum<\/a><br \/>\n<a href=\"https:\/\/www.soglio-produkte.com\/fr\/dataprotection\/\" style=\"text-decoration:underline;\">D\u00e9claration relative \u00e0 la protection des donn\u00e9es<\/a><br \/>\n<a href=\"https:\/\/www.soglio-produkte.com\/fr\/expedition-modalites-de-paiement\/\" style=\"text-decoration:underline;\">Exp\u00e9dition & modalit\u00e9s de paiement<\/a><div class=\"fusion-text fusion-text-3\"><h4>R\u00e9seaux sociaux<\/h4>\n<p><a href=\"https:\/\/www.facebook.com\/soglio.produkte.Kraft.der.Berge\" target=\"_blank\" rel=\"noopener noreferrer\"><img decoding=\"async\" class=\"wp-image-830 size-full lazyload\" data-src=\"https:\/\/www.soglio-produkte.com\/wp-content\/uploads\/2019\/05\/54997.png\" alt=\"Facebook\" width=\"51\" height=\"51\" src=\"data:image\/svg+xml;base64,PHN2ZyB3aWR0aD0iMSIgaGVpZ2h0PSIxIiB4bWxucz0iaHR0cDovL3d3dy53My5vcmcvMjAwMC9zdmciPjwvc3ZnPg==\" style=\"--smush-placeholder-width: 51px; --smush-placeholder-aspect-ratio: 51\/51;\" \/><\/a><a href=\"https:\/\/www.instagram.com\/soglio.produkte\" target=\"_blank\" rel=\"noopener noreferrer\"> <img decoding=\"async\" class=\"wp-image-830 size-full lazyload\" data-src=\"https:\/\/www.soglio-produkte.com\/wp-content\/uploads\/2019\/05\/glyph-logo_may2016.png\" alt=\"Instagram\" width=\"51\" height=\"51\" src=\"data:image\/svg+xml;base64,PHN2ZyB3aWR0aD0iMSIgaGVpZ2h0PSIxIiB4bWxucz0iaHR0cDovL3d3dy53My5vcmcvMjAwMC9zdmciPjwvc3ZnPg==\" style=\"--smush-placeholder-width: 51px; --smush-placeholder-aspect-ratio: 51\/51;\" \/> <\/a><a href=\"https:\/\/www.pinterest.de\/Soglioprodukte\/\" target=\"_blank\" rel=\"noopener noreferrer\"> <img decoding=\"async\" class=\"wp-image-830 size-full lazyload\" data-src=\"https:\/\/www.soglio-produkte.com\/wp-content\/uploads\/2019\/05\/badgergb-black.png\" alt=\"Pinterest\" width=\"51\" height=\"51\" src=\"data:image\/svg+xml;base64,PHN2ZyB3aWR0aD0iMSIgaGVpZ2h0PSIxIiB4bWxucz0iaHR0cDovL3d3dy53My5vcmcvMjAwMC9zdmciPjwvc3ZnPg==\" style=\"--smush-placeholder-width: 51px; --smush-placeholder-aspect-ratio: 51\/51;\" \/><\/a><\/p>\n<\/div><div class=\"fusion-clearfix\"><\/div><\/div><\/div><\/div><\/div>\n","protected":false},"excerpt":{"rendered":"","protected":false},"author":1,"featured_media":0,"parent":0,"menu_order":0,"comment_status":"closed","ping_status":"closed","template":"100-width.php","meta":{"footnotes":""},"class_list":["post-1854","page","type-page","status-publish","hentry"],"_links":{"self":[{"href":"https:\/\/www.soglio-produkte.com\/fr\/wp-json\/wp\/v2\/pages\/1854","targetHints":{"allow":["GET"]}}],"collection":[{"href":"https:\/\/www.soglio-produkte.com\/fr\/wp-json\/wp\/v2\/pages"}],"about":[{"href":"https:\/\/www.soglio-produkte.com\/fr\/wp-json\/wp\/v2\/types\/page"}],"author":[{"embeddable":true,"href":"https:\/\/www.soglio-produkte.com\/fr\/wp-json\/wp\/v2\/users\/1"}],"replies":[{"embeddable":true,"href":"https:\/\/www.soglio-produkte.com\/fr\/wp-json\/wp\/v2\/comments?post=1854"}],"version-history":[{"count":30,"href":"https:\/\/www.soglio-produkte.com\/fr\/wp-json\/wp\/v2\/pages\/1854\/revisions"}],"predecessor-version":[{"id":7922,"href":"https:\/\/www.soglio-produkte.com\/fr\/wp-json\/wp\/v2\/pages\/1854\/revisions\/7922"}],"wp:attachment":[{"href":"https:\/\/www.soglio-produkte.com\/fr\/wp-json\/wp\/v2\/media?parent=1854"}],"curies":[{"name":"wp","href":"https:\/\/api.w.org\/{rel}","templated":true}]}}