{"id":2910,"date":"2018-08-08T14:47:10","date_gmt":"2018-08-08T12:47:10","guid":{"rendered":"https:\/\/www.soglio-produkte.com\/?page_id=2910"},"modified":"2021-02-04T15:29:51","modified_gmt":"2021-02-04T14:29:51","slug":"impressum","status":"publish","type":"page","link":"https:\/\/www.soglio-produkte.com\/fr\/impressum\/","title":{"rendered":"Impressum"},"content":{"rendered":"<div class=\"fusion-fullwidth fullwidth-box fusion-builder-row-1 nonhundred-percent-fullwidth non-hundred-percent-height-scrolling\" style=\"--awb-border-radius-top-left:0px;--awb-border-radius-top-right:0px;--awb-border-radius-bottom-right:0px;--awb-border-radius-bottom-left:0px;--awb-flex-wrap:wrap;\" ><div class=\"fusion-builder-row fusion-row\"><div class=\"fusion-layout-column fusion_builder_column fusion-builder-column-0 fusion_builder_column_1_5 1_5 fusion-one-fifth fusion-column-first\" style=\"--awb-bg-size:cover;width:20%;width:calc(20% - ( ( 4% + 4% ) * 0.2 ) );margin-right: 4%;\"><div class=\"fusion-column-wrapper fusion-flex-column-wrapper-legacy\"><div class=\"fusion-clearfix\"><\/div><\/div><\/div><div class=\"fusion-layout-column fusion_builder_column fusion-builder-column-1 fusion_builder_column_3_5 3_5 fusion-three-fifth\" style=\"--awb-bg-size:cover;width:60%;width:calc(60% - ( ( 4% + 4% ) * 0.6 ) );margin-right: 4%;\"><div class=\"fusion-column-wrapper fusion-flex-column-wrapper-legacy\"><div class=\"fusion-text fusion-text-1\"><h1 class=\"fusion-responsive-typography-calculated\" data-fontsize=\"44\" data-lineheight=\"61.6px\">Impressum<\/h1>\n<p><strong>Contenu\u00a0&amp;\u00a0Responsabilit\u00e9 g\u00e9n\u00e9rale<\/strong><\/p>\n<p>SOGLIO-PRODUKTE AG, Via Principale 21, CH-7608 Castasegna, Tel. +41 (0)81 822 18 43, Fax. +41 (0)81 822 19 70, <a href=\"mailto:mail@soglio-produkte.ch\">mail@soglio-produkte.ch<\/a><\/p>\n<p><strong>Idee &amp; Design<\/strong><\/p>\n<p><a href=\"http:\/\/www.braincom.ch\" target=\"_blank\" rel=\"noopener\">braincom.ch<\/a><\/p>\n<p><strong>Cr\u00e9dits photographiques<\/strong><\/p>\n<p>Bregaglia Engadin Turismo\nMichael Hamburger\nAndreas Brunnschweiler <a href=\"http:\/\/www.braincom.ch\" target=\"_blank\" rel=\"noopener\">braincom.ch<\/a>\nShutterstock<\/p>\n<p><strong>Droits de propri\u00e9t\u00e9 intellectuelle<\/strong><\/p>\n<p>L\u2019autorisation \u00e9crite pr\u00e9alable des titulaires des droits de propri\u00e9t\u00e9 intellectuelle est n\u00e9cessaire avant la reproduction de tout \u00e9l\u00e9ment quel qu\u2019il soit.<\/p>\n<p><strong>R\u00e9f\u00e9rences et\u00a0Liens hypertexte<\/strong><\/p>\n<p>R\u00e9f\u00e9rences et liens hypertexte \u00e0 des pages Web de tierces personnes ne sont pas de notre responsabilit\u00e9. Nous d\u00e9clinons toute responsabilit\u00e9 pour ces pages Web. L\u2019acc\u00e8s et l\u2019utilisation de telles pages Web est \u00e0 l\u2019enti\u00e8re responsabilit\u00e9 de l\u2019utilisateur ou utilisatrice.<\/p>\n<p><strong>Contenu de l\u2019offre en ligne<\/strong><\/p>\n<p>L\u2019auteur n\u2019assume aucune garantie pour la pertinence du contenu, la pr\u00e9cision, l\u2019actualit\u00e9, la fiabilit\u00e9 et l\u2019int\u00e9gralit\u00e9 des informations. La responsabilit\u00e9 de l\u2019auteur concernant tout d\u00e9g\u00e2t de nature mat\u00e9rielle ou immat\u00e9rielle r\u00e9sultant de l\u2019acc\u00e8s ou de l\u2019utilisation, respectivement de la non-utilisation, des informations publi\u00e9es, de l\u2019abus de la connexion ou de dysfonctionnement technique, est exclue. Toutes les offres sont sans engagement. L\u2019auteur se r\u00e9serve express\u00e9ment le droit de modifier, compl\u00e9ter, supprimer ou suspendre partie ou totalit\u00e9 de la publication sans avis particulier au pr\u00e9alable.<\/p>\n<p><u>CH-7608 Castasegna, 08.12.2020<\/u><\/p>\n<\/div><div class=\"fusion-clearfix\"><\/div><\/div><\/div><div class=\"fusion-layout-column fusion_builder_column fusion-builder-column-2 fusion_builder_column_1_5 1_5 fusion-one-fifth fusion-column-last\" style=\"--awb-bg-size:cover;width:20%;width:calc(20% - ( ( 4% + 4% ) * 0.2 ) );\"><div class=\"fusion-column-wrapper fusion-flex-column-wrapper-legacy\"><div class=\"fusion-clearfix\"><\/div><\/div><\/div><\/div><\/div><div class=\"fusion-fullwidth fullwidth-box fusion-builder-row-2 nonhundred-percent-fullwidth non-hundred-percent-height-scrolling\" style=\"--awb-border-radius-top-left:0px;--awb-border-radius-top-right:0px;--awb-border-radius-bottom-right:0px;--awb-border-radius-bottom-left:0px;--awb-padding-top:20px;--awb-padding-bottom:0px;--awb-background-color:#f8f9e6;--awb-flex-wrap:wrap;\" ><div class=\"fusion-builder-row fusion-row\"><div class=\"fusion-layout-column fusion_builder_column fusion-builder-column-3 fusion_builder_column_1_1 1_1 fusion-one-full fusion-column-first fusion-column-last\" style=\"--awb-bg-size:cover;\"><div class=\"fusion-column-wrapper fusion-flex-column-wrapper-legacy\"><div class=\"fusion-text fusion-text-2\"><h3 style=\"text-align: center;\">AVEZ-VOUS DES QUESTIONS? APPELEZ-NOUS AU <a href=\"tel:+41818221843\">+41 (0)81 822 18 43<\/a><\/h3>\n<h4 style=\"text-align: center;\">Notre service t\u00e9l\u00e9phonique est ouvert du lundi au vendredi, de 08.00 \u00e0 12.00 h et de 13.30 \u00e0 17.30 h.<\/h4>\n<\/div><div class=\"fusion-clearfix\"><\/div><\/div><\/div><div class=\"fusion-layout-column fusion_builder_column fusion-builder-column-4 fusion_builder_column_1_4 1_4 fusion-one-fourth fusion-column-first\" style=\"--awb-bg-size:cover;width:25%;width:calc(25% - ( ( 4% + 4% + 4% ) * 0.25 ) );margin-right: 4%;\"><div class=\"fusion-column-wrapper fusion-flex-column-wrapper-legacy\"><h4>Contact Suisse<\/h4>\nSOGLIO-PRODUKTE SA<br \/>\nVia Principale 21<br \/>\n7608 Castasegna<br \/>\nSuisse<br \/>\n<br \/>\nTel. <a href=\"tel:+41818221843\">+41 (0)81 822 18 43<\/a><br \/>\nFax +41 (0)81 822 19 70<br \/>\n<a href=\"mailto:mail@soglio-produkte.ch\">mail@soglio-produkte.ch<\/a><div class=\"fusion-clearfix\"><\/div><\/div><\/div><div class=\"fusion-layout-column fusion_builder_column fusion-builder-column-5 fusion_builder_column_1_4 1_4 fusion-one-fourth\" style=\"--awb-bg-size:cover;width:25%;width:calc(25% - ( ( 4% + 4% + 4% ) * 0.25 ) );margin-right: 4%;\"><div class=\"fusion-column-wrapper fusion-flex-column-wrapper-legacy\"><h4>Contact UE<\/h4>\nSOGLIO (Deutschland) GmbH<br \/>\nHauptstr. 29<br \/>\n79807 Lottstetten<br \/>\nAllemagne<br \/>\n<br \/>\n<a href=\"mailto:mail@soglio-produkte.eu\">mail@soglio-produkte.eu<\/a><div class=\"fusion-clearfix\"><\/div><\/div><\/div><div class=\"fusion-layout-column fusion_builder_column fusion-builder-column-6 fusion_builder_column_1_4 1_4 fusion-one-fourth\" style=\"--awb-bg-size:cover;width:25%;width:calc(25% - ( ( 4% + 4% + 4% ) * 0.25 ) );margin-right: 4%;\"><div class=\"fusion-column-wrapper fusion-flex-column-wrapper-legacy\"><h4>Heures d\u2019ouverture magasin \u00e0 Castasegna<\/h4>\nLun \u00e0 Ven, 8.00 \u00e0 12.00 h<br \/>\net 13.30 \u00e0 18.00 h<br \/>\n<h4>Heures d\u2019ouverture magasin \u00e0 Soglio<\/h4>\nde juin jusqu\u2019\u00e0 mi octobre<br \/>\nMer* \/ Jeu \/ Ven \/ Sam 11.00 \u00e0 17.00 h<br \/>\n*\u00e0 partir de juillet<div class=\"fusion-clearfix\"><\/div><\/div><\/div><div class=\"fusion-layout-column fusion_builder_column fusion-builder-column-7 fusion_builder_column_1_4 1_4 fusion-one-fourth fusion-column-last\" style=\"--awb-bg-size:cover;width:25%;width:calc(25% - ( ( 4% + 4% + 4% ) * 0.25 ) );\"><div class=\"fusion-column-wrapper fusion-flex-column-wrapper-legacy\"><h4>L\u00e9gal<\/h4>\n<a href=\"https:\/\/www.soglio-produkte.com\/fr\/conditions-generales-de-vente\/\" style=\"text-decoration:underline;\">Conditions g\u00e9n\u00e9rales de vente<\/a><br \/>\n<a href=\"https:\/\/www.soglio-produkte.com\/fr\/impressum\/\" style=\"text-decoration:underline;\">Impressum<\/a><br \/>\n<a href=\"https:\/\/www.soglio-produkte.com\/fr\/dataprotection\/\" style=\"text-decoration:underline;\">D\u00e9claration relative \u00e0 la protection des donn\u00e9es<\/a><br \/>\n<a href=\"https:\/\/www.soglio-produkte.com\/fr\/expedition-modalites-de-paiement\/\" style=\"text-decoration:underline;\">Exp\u00e9dition & modalit\u00e9s de paiement<\/a><div class=\"fusion-text fusion-text-3\"><h4>R\u00e9seaux sociaux<\/h4>\n<p><a href=\"https:\/\/www.facebook.com\/soglio.produkte.Kraft.der.Berge\" target=\"_blank\" rel=\"noopener noreferrer\"><img decoding=\"async\" class=\"wp-image-830 size-full lazyload\" data-src=\"https:\/\/www.soglio-produkte.com\/wp-content\/uploads\/2019\/05\/54997.png\" alt=\"Facebook\" width=\"51\" height=\"51\" src=\"data:image\/svg+xml;base64,PHN2ZyB3aWR0aD0iMSIgaGVpZ2h0PSIxIiB4bWxucz0iaHR0cDovL3d3dy53My5vcmcvMjAwMC9zdmciPjwvc3ZnPg==\" style=\"--smush-placeholder-width: 51px; --smush-placeholder-aspect-ratio: 51\/51;\" \/><\/a><a href=\"https:\/\/www.instagram.com\/soglio.produkte\" target=\"_blank\" rel=\"noopener noreferrer\"> <img decoding=\"async\" class=\"wp-image-830 size-full lazyload\" data-src=\"https:\/\/www.soglio-produkte.com\/wp-content\/uploads\/2019\/05\/glyph-logo_may2016.png\" alt=\"Instagram\" width=\"51\" height=\"51\" src=\"data:image\/svg+xml;base64,PHN2ZyB3aWR0aD0iMSIgaGVpZ2h0PSIxIiB4bWxucz0iaHR0cDovL3d3dy53My5vcmcvMjAwMC9zdmciPjwvc3ZnPg==\" style=\"--smush-placeholder-width: 51px; --smush-placeholder-aspect-ratio: 51\/51;\" \/> <\/a><a href=\"https:\/\/www.pinterest.de\/Soglioprodukte\/\" target=\"_blank\" rel=\"noopener noreferrer\"> <img decoding=\"async\" class=\"wp-image-830 size-full lazyload\" data-src=\"https:\/\/www.soglio-produkte.com\/wp-content\/uploads\/2019\/05\/badgergb-black.png\" alt=\"Pinterest\" width=\"51\" height=\"51\" src=\"data:image\/svg+xml;base64,PHN2ZyB3aWR0aD0iMSIgaGVpZ2h0PSIxIiB4bWxucz0iaHR0cDovL3d3dy53My5vcmcvMjAwMC9zdmciPjwvc3ZnPg==\" style=\"--smush-placeholder-width: 51px; --smush-placeholder-aspect-ratio: 51\/51;\" \/><\/a><\/p>\n<\/div><div class=\"fusion-clearfix\"><\/div><\/div><\/div><\/div><\/div>\n","protected":false},"excerpt":{"rendered":"","protected":false},"author":1,"featured_media":0,"parent":0,"menu_order":0,"comment_status":"closed","ping_status":"closed","template":"100-width.php","meta":{"footnotes":""},"class_list":["post-2910","page","type-page","status-publish","hentry"],"_links":{"self":[{"href":"https:\/\/www.soglio-produkte.com\/fr\/wp-json\/wp\/v2\/pages\/2910","targetHints":{"allow":["GET"]}}],"collection":[{"href":"https:\/\/www.soglio-produkte.com\/fr\/wp-json\/wp\/v2\/pages"}],"about":[{"href":"https:\/\/www.soglio-produkte.com\/fr\/wp-json\/wp\/v2\/types\/page"}],"author":[{"embeddable":true,"href":"https:\/\/www.soglio-produkte.com\/fr\/wp-json\/wp\/v2\/users\/1"}],"replies":[{"embeddable":true,"href":"https:\/\/www.soglio-produkte.com\/fr\/wp-json\/wp\/v2\/comments?post=2910"}],"version-history":[{"count":12,"href":"https:\/\/www.soglio-produkte.com\/fr\/wp-json\/wp\/v2\/pages\/2910\/revisions"}],"predecessor-version":[{"id":7088,"href":"https:\/\/www.soglio-produkte.com\/fr\/wp-json\/wp\/v2\/pages\/2910\/revisions\/7088"}],"wp:attachment":[{"href":"https:\/\/www.soglio-produkte.com\/fr\/wp-json\/wp\/v2\/media?parent=2910"}],"curies":[{"name":"wp","href":"https:\/\/api.w.org\/{rel}","templated":true}]}}