{"id":2979,"date":"2018-08-08T15:43:44","date_gmt":"2018-08-08T13:43:44","guid":{"rendered":"https:\/\/www.soglio-produkte.com\/?page_id=2979"},"modified":"2023-04-25T08:38:40","modified_gmt":"2023-04-25T06:38:40","slug":"contact-2","status":"publish","type":"page","link":"https:\/\/www.soglio-produkte.com\/fr\/contact-2\/","title":{"rendered":"Contact"},"content":{"rendered":"<div class=\"fusion-fullwidth fullwidth-box fusion-builder-row-1 nonhundred-percent-fullwidth non-hundred-percent-height-scrolling\" style=\"--awb-border-radius-top-left:0px;--awb-border-radius-top-right:0px;--awb-border-radius-bottom-right:0px;--awb-border-radius-bottom-left:0px;--awb-flex-wrap:wrap;\" ><div class=\"fusion-builder-row fusion-row\"><div class=\"fusion-layout-column fusion_builder_column fusion-builder-column-0 fusion_builder_column_1_1 1_1 fusion-one-full fusion-column-first fusion-column-last\" style=\"--awb-bg-size:cover;\"><div class=\"fusion-column-wrapper fusion-flex-column-wrapper-legacy\"><div class=\"fusion-sep-clear\"><\/div><div class=\"fusion-separator fusion-full-width-sep\" style=\"margin-left: auto;margin-right: auto;margin-bottom:2em;width:100%;\"><\/div><div class=\"fusion-sep-clear\"><\/div><div class=\"fusion-clearfix\"><\/div><\/div><\/div><\/div><\/div><div class=\"fusion-fullwidth fullwidth-box fusion-builder-row-2 nonhundred-percent-fullwidth non-hundred-percent-height-scrolling\" style=\"--awb-border-radius-top-left:0px;--awb-border-radius-top-right:0px;--awb-border-radius-bottom-right:0px;--awb-border-radius-bottom-left:0px;--awb-flex-wrap:wrap;\" ><div class=\"fusion-builder-row fusion-row\"><div class=\"fusion-layout-column fusion_builder_column fusion-builder-column-1 fusion_builder_column_1_3 1_3 fusion-one-third fusion-column-first\" style=\"--awb-bg-size:cover;width:33.333333333333%;width:calc(33.333333333333% - ( ( 4% + 4% ) * 0.33333333333333 ) );margin-right: 4%;\"><div class=\"fusion-column-wrapper fusion-flex-column-wrapper-legacy\"><div class=\"fusion-image-element in-legacy-container\" style=\"--awb-caption-title-font-family:var(--h2_typography-font-family);--awb-caption-title-font-weight:var(--h2_typography-font-weight);--awb-caption-title-font-style:var(--h2_typography-font-style);--awb-caption-title-size:var(--h2_typography-font-size);--awb-caption-title-transform:var(--h2_typography-text-transform);--awb-caption-title-line-height:var(--h2_typography-line-height);--awb-caption-title-letter-spacing:var(--h2_typography-letter-spacing);\"><span class=\" fusion-imageframe imageframe-none imageframe-1 hover-type-none\"><img decoding=\"async\" width=\"400\" height=\"294\" alt=\"Soglio Kontakt\" title=\"Soglio Kontakt\" data-src=\"https:\/\/www.soglio-produkte.com\/wp-content\/uploads\/2017\/01\/Kontakt-400x294.jpg\" class=\"img-responsive wp-image-778 lazyload\" data-srcset=\"https:\/\/www.soglio-produkte.com\/wp-content\/uploads\/2017\/01\/Kontakt-200x147.jpg 200w, https:\/\/www.soglio-produkte.com\/wp-content\/uploads\/2017\/01\/Kontakt-400x294.jpg 400w, https:\/\/www.soglio-produkte.com\/wp-content\/uploads\/2017\/01\/Kontakt-600x441.jpg 600w, https:\/\/www.soglio-produkte.com\/wp-content\/uploads\/2017\/01\/Kontakt.jpg 680w\" data-sizes=\"(max-width: 800px) 100vw, 600px\" src=\"data:image\/svg+xml;base64,PHN2ZyB3aWR0aD0iMSIgaGVpZ2h0PSIxIiB4bWxucz0iaHR0cDovL3d3dy53My5vcmcvMjAwMC9zdmciPjwvc3ZnPg==\" style=\"--smush-placeholder-width: 400px; --smush-placeholder-aspect-ratio: 400\/294;\" \/><\/span><\/div><div class=\"fusion-text fusion-text-1\"><h3 class=\"p1\"><span class=\"s1\">C\u2019est avec plaisir que\nnous sommes l\u00e0 pour vous<\/span><\/h3>\n<\/div><div class=\"fusion-text fusion-text-2\"><p class=\"p1\">Conseil t\u00e9l\u00e9phonique +41 (0)81 822 18 43<\/p>\n<p class=\"p1\">D\u00e9sirez-vous vous informer plus en d\u00e9tail\nsur nos produits, ou avez-vous\ndes questions concernant leurs caract\u00e9ristiques ou\nleur utilisation?<\/p>\n<p class=\"p1\">Notre service t\u00e9l\u00e9phonique est ouvert du lundi\nau vendredi,<\/p>\n<p>de 08.00 \u00e0 12.00 h\net de 13.30 \u00e0 17.30 h.<\/p>\n<\/div><div class=\"fusion-clearfix\"><\/div><\/div><\/div><div class=\"fusion-layout-column fusion_builder_column fusion-builder-column-2 fusion_builder_column_1_3 1_3 fusion-one-third\" style=\"--awb-bg-size:cover;width:33.333333333333%;width:calc(33.333333333333% - ( ( 4% + 4% ) * 0.33333333333333 ) );margin-right: 4%;\"><div class=\"fusion-column-wrapper fusion-flex-column-wrapper-legacy\"><div class=\"fusion-image-element fusion-image-align-left in-legacy-container\" style=\"text-align:left;--awb-caption-title-font-family:var(--h2_typography-font-family);--awb-caption-title-font-weight:var(--h2_typography-font-weight);--awb-caption-title-font-style:var(--h2_typography-font-style);--awb-caption-title-size:var(--h2_typography-font-size);--awb-caption-title-transform:var(--h2_typography-text-transform);--awb-caption-title-line-height:var(--h2_typography-line-height);--awb-caption-title-letter-spacing:var(--h2_typography-letter-spacing);\"><span class=\" fusion-imageframe imageframe-none imageframe-2 hover-type-none\" style=\"margin-right:25px;float:left;\"><img decoding=\"async\" width=\"400\" height=\"294\" alt=\"Castasegna Manufaktur Soglio\" title=\"Castasegna Manufaktur Soglio\" data-src=\"https:\/\/www.soglio-produkte.com\/wp-content\/uploads\/2017\/01\/Castasegna_Manufaktur-400x294.jpg\" class=\"img-responsive wp-image-777 lazyload\" data-srcset=\"https:\/\/www.soglio-produkte.com\/wp-content\/uploads\/2017\/01\/Castasegna_Manufaktur-200x147.jpg 200w, https:\/\/www.soglio-produkte.com\/wp-content\/uploads\/2017\/01\/Castasegna_Manufaktur-400x294.jpg 400w, https:\/\/www.soglio-produkte.com\/wp-content\/uploads\/2017\/01\/Castasegna_Manufaktur-600x441.jpg 600w, https:\/\/www.soglio-produkte.com\/wp-content\/uploads\/2017\/01\/Castasegna_Manufaktur.jpg 680w\" data-sizes=\"(max-width: 800px) 100vw, 600px\" src=\"data:image\/svg+xml;base64,PHN2ZyB3aWR0aD0iMSIgaGVpZ2h0PSIxIiB4bWxucz0iaHR0cDovL3d3dy53My5vcmcvMjAwMC9zdmciPjwvc3ZnPg==\" style=\"--smush-placeholder-width: 400px; --smush-placeholder-aspect-ratio: 400\/294;\" \/><\/span><\/div><div class=\"fusion-sep-clear\"><\/div><div class=\"fusion-separator fusion-full-width-sep\" style=\"margin-left: auto;margin-right: auto;margin-bottom:1em;width:100%;\"><\/div><div class=\"fusion-sep-clear\"><\/div><div class=\"fusion-text fusion-text-3\"><h2 class=\"p1\"><span class=\"s1\">Visites guid\u00e9es<\/span><\/h2>\n<\/div><div class=\"fusion-text fusion-text-4\"><p>Tous les mardis \u00e0 10.30 h\nRassemblement: devant le magasin \u00e0 Castasegna\nDur\u00e9e: env. 45 min., inscriptions au plus tard\nla veille, 17 h\nParticipants: min. 3 personnes\nGroupes: veuillez nous contacter<\/p>\n<\/div><div class=\"fusion-clearfix\"><\/div><\/div><\/div><div class=\"fusion-layout-column fusion_builder_column fusion-builder-column-3 fusion_builder_column_1_3 1_3 fusion-one-third fusion-column-last\" style=\"--awb-bg-size:cover;width:33.333333333333%;width:calc(33.333333333333% - ( ( 4% + 4% ) * 0.33333333333333 ) );\"><div class=\"fusion-column-wrapper fusion-flex-column-wrapper-legacy\"><div class=\"fusion-image-element in-legacy-container\" style=\"--awb-caption-title-font-family:var(--h2_typography-font-family);--awb-caption-title-font-weight:var(--h2_typography-font-weight);--awb-caption-title-font-style:var(--h2_typography-font-style);--awb-caption-title-size:var(--h2_typography-font-size);--awb-caption-title-transform:var(--h2_typography-text-transform);--awb-caption-title-line-height:var(--h2_typography-line-height);--awb-caption-title-letter-spacing:var(--h2_typography-letter-spacing);\"><span class=\" fusion-imageframe imageframe-none imageframe-3 hover-type-none\"><img decoding=\"async\" width=\"400\" height=\"294\" alt=\"Manufaktur Laden Soglio\" title=\"Manufaktur Laden Soglio\" data-src=\"https:\/\/www.soglio-produkte.com\/wp-content\/uploads\/2017\/01\/Manufaktur-Laden-400x294.jpg\" class=\"img-responsive wp-image-780 lazyload\" data-srcset=\"https:\/\/www.soglio-produkte.com\/wp-content\/uploads\/2017\/01\/Manufaktur-Laden-200x147.jpg 200w, https:\/\/www.soglio-produkte.com\/wp-content\/uploads\/2017\/01\/Manufaktur-Laden-400x294.jpg 400w, https:\/\/www.soglio-produkte.com\/wp-content\/uploads\/2017\/01\/Manufaktur-Laden-600x441.jpg 600w, https:\/\/www.soglio-produkte.com\/wp-content\/uploads\/2017\/01\/Manufaktur-Laden.jpg 680w\" data-sizes=\"(max-width: 800px) 100vw, 600px\" src=\"data:image\/svg+xml;base64,PHN2ZyB3aWR0aD0iMSIgaGVpZ2h0PSIxIiB4bWxucz0iaHR0cDovL3d3dy53My5vcmcvMjAwMC9zdmciPjwvc3ZnPg==\" style=\"--smush-placeholder-width: 400px; --smush-placeholder-aspect-ratio: 400\/294;\" \/><\/span><\/div><div class=\"fusion-sep-clear\"><\/div><div class=\"fusion-separator fusion-full-width-sep\" style=\"margin-left: auto;margin-right: auto;margin-bottom:1em;width:100%;\"><\/div><div class=\"fusion-sep-clear\"><\/div><div class=\"fusion-text fusion-text-5\"><h2 class=\"p1\"><span class=\"s1\">Heures d\u2019ouverture\n<\/span><\/h2>\n<\/div><div class=\"fusion-text fusion-text-6\"><h4 class=\"p1\"><strong>Le magasin \u00e0 Soglio<\/strong><\/h4>\n<p class=\"p1\">Mer*\/ Jeu\/ Ven\/ Sam\/ 11.00 \u00e0 17.00 h\nOuvert de juin \u00e0 la mi-octobre\n*\u00e0 partir de juillet<\/p>\n<h4 class=\"p1\"><strong>Le magasin \u00e0 Castasegna<\/strong><\/h4>\n<p class=\"p1\">Ouvert tous les jours:\nLun \u00e0 Ven, 8.00 \u00e0 12.00 h\net 13.30 \u00e0 18.00 h<\/p>\n<\/div><div class=\"fusion-clearfix\"><\/div><\/div><\/div><\/div><\/div><div class=\"fusion-fullwidth fullwidth-box fusion-builder-row-3 nonhundred-percent-fullwidth non-hundred-percent-height-scrolling\" style=\"--awb-border-radius-top-left:0px;--awb-border-radius-top-right:0px;--awb-border-radius-bottom-right:0px;--awb-border-radius-bottom-left:0px;--awb-flex-wrap:wrap;\" ><div class=\"fusion-builder-row fusion-row\"><div class=\"fusion-layout-column fusion_builder_column fusion-builder-column-4 fusion_builder_column_1_1 1_1 fusion-one-full fusion-column-first fusion-column-last\" style=\"--awb-bg-size:cover;\"><div class=\"fusion-column-wrapper fusion-flex-column-wrapper-legacy\">\t\t\t\t\t<script type=\"text\/javascript\">\n\t\t\t\t\t\tvar map_fusion_map_69d345bc1bd31;\n\t\t\t\t\t\tvar markers = [];\n\t\t\t\t\t\tvar counter = 0;\n\t\t\t\t\t\t\t\t\t\t\t\t\t\t\t\t\t\t\t\tvar fusionMapNonce = 'fa6cd1bc08';\n\t\t\t\t\t\t\t\t\t\t\t\tfunction fusion_run_map_fusion_map_69d345bc1bd31() {\n\t\t\t\t\t\t\tjQuery ('#fusion_map_69d345bc1bd31' ).fusion_maps( {\n\t\t\t\t\t\t\t\taddresses: [{\"address\":\"Via Principale 21, 7608 Castasegna\",\"infobox_content\":\"SOGLIO-PRODUKTE AG\\\\nVillaggio 12\\\\n7608 Castasegna\",\"coordinates\":false,\"cache\":true,\"latitude\":\"46.3339636\",\"longitude\":\"9.5155627\"}],\n\t\t\t\t\t\t\t\tanimations: true,\n\t\t\t\t\t\t\t\tinfobox_background_color: '',\n\t\t\t\t\t\t\t\tinfobox_styling: 'default',\n\t\t\t\t\t\t\t\tinfobox_text_color: '',\n\t\t\t\t\t\t\t\tmap_style: 'custom',\n\t\t\t\t\t\t\t\tmap_type: 'satellite',\n\t\t\t\t\t\t\t\tmarker_icon: '',\n\t\t\t\t\t\t\t\toverlay_color: '',\n\t\t\t\t\t\t\t\toverlay_color_hsl: {\"hue\":0,\"sat\":0,\"lum\":100},\n\t\t\t\t\t\t\t\tshow_address: true,\n\t\t\t\t\t\t\t\tscale_control: true,\n\t\t\t\t\t\t\t\tscrollwheel: true,\n\t\t\t\t\t\t\t\tzoom: 16,\n\t\t\t\t\t\t\t\tzoom_control: true,\n\t\t\t\t\t\t\t} );\n\t\t\t\t\t\t}\n\n\t\t\t\t\t\tgoogle.maps.event.addDomListener(window, 'load', fusion_run_map_fusion_map_69d345bc1bd31);\n\t\t\t\t\t<\/script>\n\t\t\t\t\t<div class=\"shortcode-map fusion-google-map fusion-maps-js-type\" id=\"fusion_map_69d345bc1bd31\"><\/div><div class=\"fusion-clearfix\"><\/div><\/div><\/div><\/div><\/div><div class=\"fusion-fullwidth fullwidth-box fusion-builder-row-4 nonhundred-percent-fullwidth non-hundred-percent-height-scrolling\" style=\"--awb-border-radius-top-left:0px;--awb-border-radius-top-right:0px;--awb-border-radius-bottom-right:0px;--awb-border-radius-bottom-left:0px;--awb-padding-top:20px;--awb-padding-bottom:0px;--awb-background-color:#f8f9e6;--awb-flex-wrap:wrap;\" ><div class=\"fusion-builder-row fusion-row\"><div class=\"fusion-layout-column fusion_builder_column fusion-builder-column-5 fusion_builder_column_1_1 1_1 fusion-one-full fusion-column-first fusion-column-last\" style=\"--awb-bg-size:cover;\"><div class=\"fusion-column-wrapper fusion-flex-column-wrapper-legacy\"><div class=\"fusion-text fusion-text-7\"><h3 style=\"text-align: center;\">AVEZ-VOUS DES QUESTIONS? APPELEZ-NOUS AU <a href=\"tel:+41818221843\">+41 (0)81 822 18 43<\/a><\/h3>\n<h4 style=\"text-align: center;\">Notre service t\u00e9l\u00e9phonique est ouvert du lundi au vendredi, de 08.00 \u00e0 12.00 h et de 13.30 \u00e0 17.30 h.<\/h4>\n<\/div><div class=\"fusion-clearfix\"><\/div><\/div><\/div><div class=\"fusion-layout-column fusion_builder_column fusion-builder-column-6 fusion_builder_column_1_4 1_4 fusion-one-fourth fusion-column-first\" style=\"--awb-bg-size:cover;width:25%;width:calc(25% - ( ( 4% + 4% + 4% ) * 0.25 ) );margin-right: 4%;\"><div class=\"fusion-column-wrapper fusion-flex-column-wrapper-legacy\"><h4>Contact Suisse<\/h4>\nSOGLIO-PRODUKTE SA<br \/>\nVia Principale 21<br \/>\n7608 Castasegna<br \/>\nSuisse<br \/>\n<br \/>\nTel. <a href=\"tel:+41818221843\">+41 (0)81 822 18 43<\/a><br \/>\nFax +41 (0)81 822 19 70<br \/>\n<a href=\"mailto:mail@soglio-produkte.ch\">mail@soglio-produkte.ch<\/a><div class=\"fusion-clearfix\"><\/div><\/div><\/div><div class=\"fusion-layout-column fusion_builder_column fusion-builder-column-7 fusion_builder_column_1_4 1_4 fusion-one-fourth\" style=\"--awb-bg-size:cover;width:25%;width:calc(25% - ( ( 4% + 4% + 4% ) * 0.25 ) );margin-right: 4%;\"><div class=\"fusion-column-wrapper fusion-flex-column-wrapper-legacy\"><h4>Contact UE<\/h4>\nSOGLIO (Deutschland) GmbH<br \/>\nHauptstr. 29<br \/>\n79807 Lottstetten<br \/>\nAllemagne<br \/>\n<br \/>\n<a href=\"mailto:mail@soglio-produkte.eu\">mail@soglio-produkte.eu<\/a><div class=\"fusion-clearfix\"><\/div><\/div><\/div><div class=\"fusion-layout-column fusion_builder_column fusion-builder-column-8 fusion_builder_column_1_4 1_4 fusion-one-fourth\" style=\"--awb-bg-size:cover;width:25%;width:calc(25% - ( ( 4% + 4% + 4% ) * 0.25 ) );margin-right: 4%;\"><div class=\"fusion-column-wrapper fusion-flex-column-wrapper-legacy\"><h4>Heures d\u2019ouverture magasin \u00e0 Castasegna<\/h4>\nLun \u00e0 Ven, 8.00 \u00e0 12.00 h<br \/>\net 13.30 \u00e0 18.00 h<br \/>\n<h4>Heures d\u2019ouverture magasin \u00e0 Soglio<\/h4>\nde juin jusqu\u2019\u00e0 mi octobre<br \/>\nMer* \/ Jeu \/ Ven \/ Sam 11.00 \u00e0 17.00 h<br \/>\n*\u00e0 partir de juillet<div class=\"fusion-clearfix\"><\/div><\/div><\/div><div class=\"fusion-layout-column fusion_builder_column fusion-builder-column-9 fusion_builder_column_1_4 1_4 fusion-one-fourth fusion-column-last\" style=\"--awb-bg-size:cover;width:25%;width:calc(25% - ( ( 4% + 4% + 4% ) * 0.25 ) );\"><div class=\"fusion-column-wrapper fusion-flex-column-wrapper-legacy\"><h4>L\u00e9gal<\/h4>\n<a href=\"https:\/\/www.soglio-produkte.com\/fr\/conditions-generales-de-vente\/\" style=\"text-decoration:underline;\">Conditions g\u00e9n\u00e9rales de vente<\/a><br \/>\n<a href=\"https:\/\/www.soglio-produkte.com\/fr\/impressum\/\" style=\"text-decoration:underline;\">Impressum<\/a><br \/>\n<a href=\"https:\/\/www.soglio-produkte.com\/fr\/dataprotection\/\" style=\"text-decoration:underline;\">D\u00e9claration relative \u00e0 la protection des donn\u00e9es<\/a><br \/>\n<a href=\"https:\/\/www.soglio-produkte.com\/fr\/expedition-modalites-de-paiement\/\" style=\"text-decoration:underline;\">Exp\u00e9dition & modalit\u00e9s de paiement<\/a><div class=\"fusion-text fusion-text-8\"><h4>R\u00e9seaux sociaux<\/h4>\n<p><a href=\"https:\/\/www.facebook.com\/soglio.produkte.Kraft.der.Berge\" target=\"_blank\" rel=\"noopener noreferrer\"><img decoding=\"async\" class=\"wp-image-830 size-full lazyload\" data-src=\"https:\/\/www.soglio-produkte.com\/wp-content\/uploads\/2019\/05\/54997.png\" alt=\"Facebook\" width=\"51\" height=\"51\" src=\"data:image\/svg+xml;base64,PHN2ZyB3aWR0aD0iMSIgaGVpZ2h0PSIxIiB4bWxucz0iaHR0cDovL3d3dy53My5vcmcvMjAwMC9zdmciPjwvc3ZnPg==\" style=\"--smush-placeholder-width: 51px; --smush-placeholder-aspect-ratio: 51\/51;\" \/><\/a><a href=\"https:\/\/www.instagram.com\/soglio.produkte\" target=\"_blank\" rel=\"noopener noreferrer\"> <img decoding=\"async\" class=\"wp-image-830 size-full lazyload\" data-src=\"https:\/\/www.soglio-produkte.com\/wp-content\/uploads\/2019\/05\/glyph-logo_may2016.png\" alt=\"Instagram\" width=\"51\" height=\"51\" src=\"data:image\/svg+xml;base64,PHN2ZyB3aWR0aD0iMSIgaGVpZ2h0PSIxIiB4bWxucz0iaHR0cDovL3d3dy53My5vcmcvMjAwMC9zdmciPjwvc3ZnPg==\" style=\"--smush-placeholder-width: 51px; --smush-placeholder-aspect-ratio: 51\/51;\" \/> <\/a><a href=\"https:\/\/www.pinterest.de\/Soglioprodukte\/\" target=\"_blank\" rel=\"noopener noreferrer\"> <img decoding=\"async\" class=\"wp-image-830 size-full lazyload\" data-src=\"https:\/\/www.soglio-produkte.com\/wp-content\/uploads\/2019\/05\/badgergb-black.png\" alt=\"Pinterest\" width=\"51\" height=\"51\" src=\"data:image\/svg+xml;base64,PHN2ZyB3aWR0aD0iMSIgaGVpZ2h0PSIxIiB4bWxucz0iaHR0cDovL3d3dy53My5vcmcvMjAwMC9zdmciPjwvc3ZnPg==\" style=\"--smush-placeholder-width: 51px; --smush-placeholder-aspect-ratio: 51\/51;\" \/><\/a><\/p>\n<\/div><div class=\"fusion-clearfix\"><\/div><\/div><\/div><\/div><\/div>\n","protected":false},"excerpt":{"rendered":"","protected":false},"author":1,"featured_media":0,"parent":0,"menu_order":0,"comment_status":"closed","ping_status":"closed","template":"100-width.php","meta":{"footnotes":""},"class_list":["post-2979","page","type-page","status-publish","hentry"],"_links":{"self":[{"href":"https:\/\/www.soglio-produkte.com\/fr\/wp-json\/wp\/v2\/pages\/2979","targetHints":{"allow":["GET"]}}],"collection":[{"href":"https:\/\/www.soglio-produkte.com\/fr\/wp-json\/wp\/v2\/pages"}],"about":[{"href":"https:\/\/www.soglio-produkte.com\/fr\/wp-json\/wp\/v2\/types\/page"}],"author":[{"embeddable":true,"href":"https:\/\/www.soglio-produkte.com\/fr\/wp-json\/wp\/v2\/users\/1"}],"replies":[{"embeddable":true,"href":"https:\/\/www.soglio-produkte.com\/fr\/wp-json\/wp\/v2\/comments?post=2979"}],"version-history":[{"count":25,"href":"https:\/\/www.soglio-produkte.com\/fr\/wp-json\/wp\/v2\/pages\/2979\/revisions"}],"predecessor-version":[{"id":8031,"href":"https:\/\/www.soglio-produkte.com\/fr\/wp-json\/wp\/v2\/pages\/2979\/revisions\/8031"}],"wp:attachment":[{"href":"https:\/\/www.soglio-produkte.com\/fr\/wp-json\/wp\/v2\/media?parent=2979"}],"curies":[{"name":"wp","href":"https:\/\/api.w.org\/{rel}","templated":true}]}}