{"id":7078,"date":"2020-12-11T15:57:38","date_gmt":"2020-12-11T14:57:38","guid":{"rendered":"https:\/\/www.soglio-produkte.com\/versand-zahlungsmoeglichkeiten\/"},"modified":"2021-02-04T15:13:47","modified_gmt":"2021-02-04T14:13:47","slug":"expedition-modalites-de-paiement","status":"publish","type":"page","link":"https:\/\/www.soglio-produkte.com\/fr\/expedition-modalites-de-paiement\/","title":{"rendered":"Exp\u00e9dition &#038; modalit\u00e9s de paiement"},"content":{"rendered":"<div class=\"fusion-fullwidth fullwidth-box fusion-builder-row-1 nonhundred-percent-fullwidth non-hundred-percent-height-scrolling\" style=\"--awb-border-radius-top-left:0px;--awb-border-radius-top-right:0px;--awb-border-radius-bottom-right:0px;--awb-border-radius-bottom-left:0px;--awb-flex-wrap:wrap;\" ><div class=\"fusion-builder-row fusion-row\"><div class=\"fusion-layout-column fusion_builder_column fusion-builder-column-0 fusion_builder_column_1_5 1_5 fusion-one-fifth fusion-column-first\" style=\"--awb-bg-size:cover;width:20%;width:calc(20% - ( ( 4% + 4% ) * 0.2 ) );margin-right: 4%;\"><div class=\"fusion-column-wrapper fusion-flex-column-wrapper-legacy\"><div class=\"fusion-clearfix\"><\/div><\/div><\/div><div class=\"fusion-layout-column fusion_builder_column fusion-builder-column-1 fusion_builder_column_3_5 3_5 fusion-three-fifth\" style=\"--awb-bg-size:cover;width:60%;width:calc(60% - ( ( 4% + 4% ) * 0.6 ) );margin-right: 4%;\"><div class=\"fusion-column-wrapper fusion-flex-column-wrapper-legacy\"><div class=\"fusion-text fusion-text-1\"><h1>Exp\u00e9dition &amp; modalit\u00e9s de paiement<\/h1>\n<p><strong>Exp\u00e9dition<\/strong><\/p>\n<p>La livraison s\u2019effectue en Suisse et au Lichtenstein par la Poste Suisse par PostPac Economy. Au-dessus d\u2019une valeur de CHF 100.00, la livraison est gratuite. Pour toute autre commande, un forfait d\u2019exp\u00e9dition de CHF 9.50 est factur\u00e9. Sur demande, une exp\u00e9dition par PostPac Priority est possible, les frais d\u2019exp\u00e9dition se montent alors \u00e0 CHF 11.00. Dans des cas exceptionnels, des frais d\u2019exp\u00e9dition plus importants doivent \u00eatre factur\u00e9s.<\/p>\n<p>SOGLIO exp\u00e9die les marchandises offertes dans la boutique en ligne suisse <a href=\"https:\/\/shop.soglio-produkte.ch\" target=\"_blank\" rel=\"noopener\">https:\/\/shop.soglio-produkte.ch<\/a> uniquement en Suisse et au Lichtenstein. Les commandes et livraisons pour l\u2019UE doivent \u00eatre effectu\u00e9es dans la boutique en ligne de SOGLIO (Deutschland) GmbH <a href=\"https:\/\/shop.soglio-produkte.de\" target=\"_blank\" rel=\"noopener\">https:\/\/shop.soglio-produkte.de<\/a><\/p>\n<p><strong>Conditions de restitution-et garantie <\/strong><\/p>\n<p>Le client contr\u00f4le les produits \u00e0 leur livraison et r\u00e9clame imm\u00e9diatement par \u00e9crit tout vice apparent, en particulier livraisons par erreur, quantit\u00e9s erron\u00e9es et tout autre d\u00e9faut, au plus tard dans les 10 jours suivant la r\u00e9ception de la marchandise.<\/p>\n<p>En outre, le client informe SOGLIO par \u00e9crit de tous les vices cach\u00e9s dans les 10 jours suivant leur constatation. Les vices cach\u00e9s peuvent faire l\u2019objet de r\u00e9clamations par \u00e9crit jusqu\u2019\u00e0 deux ans apr\u00e8s r\u00e9ception de la marchandise. Autant que ceci peut \u00eatre raisonnablement exig\u00e9 du client, toutes les r\u00e9clamations doivent contenir une description d\u00e9taill\u00e9e du probl\u00e8me. Des r\u00e9clamations tardives, insuffisantes ou sans fondement lib\u00e8rent SOGLIO de l\u2019obligation de garantie.<\/p>\n<p>Des renvois seront accept\u00e9s uniquement apr\u00e8s accord pr\u00e9alable et avec une copie de la facture jointe. Le client est responsable du transport appropri\u00e9. Les co\u00fbts d\u2019exp\u00e9dition sont \u00e0 sa charge. SOGLIO d\u00e9cide \u00e0 son gr\u00e9 de proc\u00e9der \u00e0 une correction ou \u00e0 un remplacement partiel ou total de la livraison d\u00e9fectueuse.<\/p>\n<p>L\u2019\u00e9tendue de la garantie mentionn\u00e9e pr\u00e9c\u00e9demment est exhaustive. Ainsi, toute extension de garantie de la part de SOGLIO est express\u00e9ment exclue. Particuli\u00e8rement, SOGLIO d\u00e9cline toute responsabilit\u00e9 pour des dommages directs ou indirects.<strong>\u00a0<\/strong><\/p>\n<p><strong>Modalit\u00e9s de paiement<\/strong><\/p>\n<ul>\n<li><strong>Sur facture\n<\/strong>Avec la livraison, vous recevez une facture papier. Lors d\u2019un achat sur facture, SOGLIO-PRODUKTE AG se r\u00e9serve le droit de se renseigner sur la solvabilit\u00e9 du client. R\u00e9f\u00e9rences bancaires\u00a0: SOGLIO-PRODUKTE AG, GKB Choire, Compte No. CK 412.125.200, IBAN CH31 0077 4110 4121 2520-0, Clearing No. 774, SWIFT (BIC) GRKBCH2270A.<\/li>\n<li><strong>Par carte de cr\u00e9dit<\/strong> (Visa ou Eurocard\/Mastercard) via SIX Payment Services<\/li>\n<li><strong>Via Paypal<\/strong><\/li>\n<li><strong>Via Twint<\/strong><\/li>\n<li><strong>Via PostFinance<\/strong> (Card ou E-Finance<\/li>\n<\/ul>\n<p><strong>Retard de paiement<\/strong><\/p>\n<p>Sans paiement effectu\u00e9 dans les 45 jours apr\u00e8s la date de facturation, nous envoyons un rappel (1<sup>er<\/sup> rappel de paiement). Si ce rappel reste infructueux, nous envoyons des rappels de paiement payants (2<sup>\u00e8me<\/sup> rappel de paiement CHF 20.00, 3<sup>\u00e8me<\/sup> rappel de paiement CHF 50.00). Apr\u00e8s ces injonctions, nous nous r\u00e9servons le droit d\u2019engager des poursuites.<\/p>\n<p>CH-7608 Castasegna, 08.12.2020<\/p>\n<\/div><div class=\"fusion-clearfix\"><\/div><\/div><\/div><div class=\"fusion-layout-column fusion_builder_column fusion-builder-column-2 fusion_builder_column_1_5 1_5 fusion-one-fifth fusion-column-last\" style=\"--awb-bg-size:cover;width:20%;width:calc(20% - ( ( 4% + 4% ) * 0.2 ) );\"><div class=\"fusion-column-wrapper fusion-flex-column-wrapper-legacy\"><div class=\"fusion-clearfix\"><\/div><\/div><\/div><\/div><\/div><div class=\"fusion-fullwidth fullwidth-box fusion-builder-row-2 nonhundred-percent-fullwidth non-hundred-percent-height-scrolling\" style=\"--awb-border-radius-top-left:0px;--awb-border-radius-top-right:0px;--awb-border-radius-bottom-right:0px;--awb-border-radius-bottom-left:0px;--awb-padding-top:20px;--awb-padding-bottom:0px;--awb-background-color:#f8f9e6;--awb-flex-wrap:wrap;\" ><div class=\"fusion-builder-row fusion-row\"><div class=\"fusion-layout-column fusion_builder_column fusion-builder-column-3 fusion_builder_column_1_1 1_1 fusion-one-full fusion-column-first fusion-column-last\" style=\"--awb-bg-size:cover;\"><div class=\"fusion-column-wrapper fusion-flex-column-wrapper-legacy\"><div class=\"fusion-text fusion-text-2\"><h3 style=\"text-align: center;\">HABEN SIE FRAGEN? RUFEN SIE UNS AN <a href=\"tel:+41818221843\">+41 (0)81 822 18 43<\/a><\/h3>\n<h4 style=\"text-align: center;\">Wir beraten Sie gerne: Montag bis Freitag, 08.00 bis 12.00 Uhr und 13.30 bis 17.30 Uhr.<\/h4>\n<\/div><div class=\"fusion-clearfix\"><\/div><\/div><\/div><div class=\"fusion-layout-column fusion_builder_column fusion-builder-column-4 fusion_builder_column_1_4 1_4 fusion-one-fourth fusion-column-first\" style=\"--awb-bg-size:cover;width:25%;width:calc(25% - ( ( 4% + 4% + 4% ) * 0.25 ) );margin-right: 4%;\"><div class=\"fusion-column-wrapper fusion-flex-column-wrapper-legacy\"><h4>Kontakt Schweiz<\/h4>\nSOGLIO-PRODUKTE AG<br \/>\nVia Principale 21<br \/>\n7608 Castasegna<br \/>\nSchweiz<br \/>\n<br \/>\nTel. <a href=\"tel:+41818221843\">+41 (0)81 822 18 43<\/a><br \/>\nFax +41 (0)81 822 19 70<br \/>\n<a href=\"mailto:mail@soglio-produkte.ch\">mail@soglio-produkte.ch<\/a><div class=\"fusion-clearfix\"><\/div><\/div><\/div><div class=\"fusion-layout-column fusion_builder_column fusion-builder-column-5 fusion_builder_column_1_4 1_4 fusion-one-fourth\" style=\"--awb-bg-size:cover;width:25%;width:calc(25% - ( ( 4% + 4% + 4% ) * 0.25 ) );margin-right: 4%;\"><div class=\"fusion-column-wrapper fusion-flex-column-wrapper-legacy\"><h4>Kontakt Deutschland \/ EU<\/h4>\nSOGLIO (Deutschland) GmbH<br \/>\nHauptstra\u00dfe 29<br \/>\n79807 Lottstetten<br \/>\nDeutschland<br \/>\n<br \/>\n<a href=\"mailto:mail@soglio-produkte.eu\">mail@soglio-produkte.eu<\/a><div class=\"fusion-clearfix\"><\/div><\/div><\/div><div class=\"fusion-layout-column fusion_builder_column fusion-builder-column-6 fusion_builder_column_1_4 1_4 fusion-one-fourth\" style=\"--awb-bg-size:cover;width:25%;width:calc(25% - ( ( 4% + 4% + 4% ) * 0.25 ) );margin-right: 4%;\"><div class=\"fusion-column-wrapper fusion-flex-column-wrapper-legacy\"><h4>\u00d6ffnungszeiten Laden Castasegna<\/h4>\nMo bis Fr, 8.00 bis 12.00 Uhr<br \/>\nund 13.30 bis 18.00 Uhr<br \/>\n<h4>\u00d6ffnungszeiten Laden Soglio<\/h4>\nVon Juni bis Mitte Oktober<br \/>\nMi* \/ Do \/ Fr \/ Sa 11.00 bis 17.00 Uhr<br \/>\n*Erst ab 1. Juli<div class=\"fusion-clearfix\"><\/div><\/div><\/div><div class=\"fusion-layout-column fusion_builder_column fusion-builder-column-7 fusion_builder_column_1_4 1_4 fusion-one-fourth fusion-column-last\" style=\"--awb-bg-size:cover;width:25%;width:calc(25% - ( ( 4% + 4% + 4% ) * 0.25 ) );\"><div class=\"fusion-column-wrapper fusion-flex-column-wrapper-legacy\"><h4>Rechtliches<\/h4>\n<a href=\"https:\/\/www.soglio-produkte.com\/de\/agb\/\" style=\"text-decoration:underline;\">Allgemeine Gesch\u00e4ftsbedingungen<\/a><br \/>\n<a href=\"https:\/\/www.soglio-produkte.com\/de\/impressum\/\" style=\"text-decoration:underline;\">Impressum<\/a><br \/>\n<a href=\"https:\/\/www.soglio-produkte.com\/de\/datenschutz\/\" style=\"text-decoration:underline;\">Datenschutz<\/a><br \/>\n<a href=\"https:\/\/www.soglio-produkte.com\/de\/versand-zahlungsmoeglichkeiten\/\" style=\"text-decoration:underline;\">Versand und Zahlungsm\u00f6glichkeiten <\/a><div class=\"fusion-text fusion-text-3\"><h4>Social Media<\/h4>\n<p><a href=\"https:\/\/www.facebook.com\/soglio.produkte.Kraft.der.Berge\" target=\"_blank\" rel=\"noopener noreferrer\"><img decoding=\"async\" class=\"wp-image-830 size-full lazyload\" data-src=\"https:\/\/www.soglio-produkte.com\/wp-content\/uploads\/2019\/05\/54997.png\" alt=\"Facebook\" width=\"51\" height=\"51\" src=\"data:image\/svg+xml;base64,PHN2ZyB3aWR0aD0iMSIgaGVpZ2h0PSIxIiB4bWxucz0iaHR0cDovL3d3dy53My5vcmcvMjAwMC9zdmciPjwvc3ZnPg==\" style=\"--smush-placeholder-width: 51px; --smush-placeholder-aspect-ratio: 51\/51;\" \/><\/a><a href=\"https:\/\/www.instagram.com\/soglio.produkte\" target=\"_blank\" rel=\"noopener noreferrer\"> <img decoding=\"async\" class=\"wp-image-830 size-full lazyload\" data-src=\"https:\/\/www.soglio-produkte.com\/wp-content\/uploads\/2019\/05\/glyph-logo_may2016.png\" alt=\"Instagram\" width=\"51\" height=\"51\" src=\"data:image\/svg+xml;base64,PHN2ZyB3aWR0aD0iMSIgaGVpZ2h0PSIxIiB4bWxucz0iaHR0cDovL3d3dy53My5vcmcvMjAwMC9zdmciPjwvc3ZnPg==\" style=\"--smush-placeholder-width: 51px; --smush-placeholder-aspect-ratio: 51\/51;\" \/> <\/a><a href=\"https:\/\/www.pinterest.de\/Soglioprodukte\/\" target=\"_blank\" rel=\"noopener noreferrer\"> <img decoding=\"async\" class=\"wp-image-830 size-full lazyload\" data-src=\"https:\/\/www.soglio-produkte.com\/wp-content\/uploads\/2019\/05\/badgergb-black.png\" alt=\"Pinterest\" width=\"51\" height=\"51\" src=\"data:image\/svg+xml;base64,PHN2ZyB3aWR0aD0iMSIgaGVpZ2h0PSIxIiB4bWxucz0iaHR0cDovL3d3dy53My5vcmcvMjAwMC9zdmciPjwvc3ZnPg==\" style=\"--smush-placeholder-width: 51px; --smush-placeholder-aspect-ratio: 51\/51;\" \/><\/a><\/p>\n<\/div><div class=\"fusion-clearfix\"><\/div><\/div><\/div><\/div><\/div>\n","protected":false},"excerpt":{"rendered":"","protected":false},"author":1,"featured_media":0,"parent":0,"menu_order":0,"comment_status":"closed","ping_status":"closed","template":"100-width.php","meta":{"footnotes":""},"class_list":["post-7078","page","type-page","status-publish","hentry"],"_links":{"self":[{"href":"https:\/\/www.soglio-produkte.com\/fr\/wp-json\/wp\/v2\/pages\/7078","targetHints":{"allow":["GET"]}}],"collection":[{"href":"https:\/\/www.soglio-produkte.com\/fr\/wp-json\/wp\/v2\/pages"}],"about":[{"href":"https:\/\/www.soglio-produkte.com\/fr\/wp-json\/wp\/v2\/types\/page"}],"author":[{"embeddable":true,"href":"https:\/\/www.soglio-produkte.com\/fr\/wp-json\/wp\/v2\/users\/1"}],"replies":[{"embeddable":true,"href":"https:\/\/www.soglio-produkte.com\/fr\/wp-json\/wp\/v2\/comments?post=7078"}],"version-history":[{"count":3,"href":"https:\/\/www.soglio-produkte.com\/fr\/wp-json\/wp\/v2\/pages\/7078\/revisions"}],"predecessor-version":[{"id":7083,"href":"https:\/\/www.soglio-produkte.com\/fr\/wp-json\/wp\/v2\/pages\/7078\/revisions\/7083"}],"wp:attachment":[{"href":"https:\/\/www.soglio-produkte.com\/fr\/wp-json\/wp\/v2\/media?parent=7078"}],"curies":[{"name":"wp","href":"https:\/\/api.w.org\/{rel}","templated":true}]}}