{"id":2839,"date":"2018-08-08T10:55:43","date_gmt":"2018-08-08T08:55:43","guid":{"rendered":"https:\/\/www.soglio-produkte.com\/?page_id=2839"},"modified":"2020-09-29T16:40:32","modified_gmt":"2020-09-29T14:40:32","slug":"die-soglio-story","status":"publish","type":"page","link":"https:\/\/www.soglio-produkte.com\/it\/uber-uns\/die-soglio-story\/","title":{"rendered":"La storia di SOGLIO"},"content":{"rendered":"<div class=\"fusion-fullwidth fullwidth-box fusion-builder-row-1 nonhundred-percent-fullwidth non-hundred-percent-height-scrolling\" style=\"--awb-border-radius-top-left:0px;--awb-border-radius-top-right:0px;--awb-border-radius-bottom-right:0px;--awb-border-radius-bottom-left:0px;--awb-padding-top:20px;--awb-padding-bottom:20px;--awb-flex-wrap:wrap;\" ><div class=\"fusion-builder-row fusion-row\"><div class=\"fusion-layout-column fusion_builder_column fusion-builder-column-0 fusion_builder_column_1_2 1_2 fusion-one-half fusion-column-first\" style=\"--awb-bg-size:cover;width:50%;width:calc(50% - ( ( 4% ) * 0.5 ) );margin-right: 4%;\"><div class=\"fusion-column-wrapper fusion-flex-column-wrapper-legacy\"><div class=\"fusion-text fusion-text-1\"><h1 class=\"p1\" style=\"text-align: center;\"><span class=\"s1\">Tutto \u00e8 iniziato in piccolo<\/span><\/h1>\n<p class=\"p3\"><span class=\"s2\">Nel 1979 Walter Hunkeler, tecnico di laboratorio di origine basilese con esperienza lavorativa nel campo della ricerca microbiologica, allest\u00ec un laboratorio in un locale della sua casa a Soglio. Dove inizi\u00f2 a fare esperimenti con il burro caprino, dal quale, assieme a sua moglie, produsse una pomata contro i reumatismi e un balsamo per massaggi. Questi vennero dapprima venduti tra la loro cerchia di conoscenze e ai villeggianti e quindi in alcuni negozi. Risale a quei tempi anche la conoscenza con Martin Ermatinger, un economista aziendale che all\u2019epoca lavorava presso l\u2019amministrazione finanziaria del Canton Turgovia e s\u2019interessava alla questione dello sviluppo economico delle regioni di montagna e sognava di mettere in piedi qualcosa nella regione alpina.<\/span><\/p>\n<h4 class=\"p4\">Professionalizzazione dell\u2019azienda<\/h4>\n<p class=\"p3\">La collaborazione informale tra Ermatinger e Hunkeler gett\u00f2 le basi per la fondazione, nel 1986, della societ\u00e0 in nome collettivo creata dai medesimi. Per Ermatinger era chiaro che il commercio di prodotti rispettosi della natura aveva del potenziale, che doveva solo essere sviluppato. Per fare ci\u00f2 si rendeva necessario qualcosa in pi\u00f9 di un laboratorio casalingo. SOGLIO si trasfer\u00ec dunque a Castasegna, nei locali vuoti del ex albergo Croce Bianca. Su due piani trovarono spazio per la produzione, un laboratorio per i controlli, lo stoccaggio, l\u2019amministrazione e la vendita. Gradualmente ebbe luogo la professionalizzazione dell\u2019azienda. Vennero acquistati strumenti e macchinari per realizzare emulsioni, riempire tubetti e vasetti, si elabor\u00f2 un progetto per il marketing, si produsse del materiale pubblicitario e si svilupp\u00f2 un sistema di vendita e distribuzione.<\/p>\n<\/div><div class=\"fusion-clearfix\"><\/div><\/div><\/div><div class=\"fusion-layout-column fusion_builder_column fusion-builder-column-1 fusion_builder_column_1_2 1_2 fusion-one-half fusion-column-last\" style=\"--awb-bg-size:cover;width:50%;width:calc(50% - ( ( 4% ) * 0.5 ) );\"><div class=\"fusion-column-wrapper fusion-flex-column-wrapper-legacy\"><div class=\"fusion-sep-clear\"><\/div><div class=\"fusion-separator fusion-full-width-sep\" style=\"margin-left: auto;margin-right: auto;margin-bottom:1em;width:100%;\"><\/div><div class=\"fusion-sep-clear\"><\/div><div class=\"fusion-text fusion-text-2\"><p><img decoding=\"async\" class=\"size-full wp-image-711 aligncenter lazyload\" data-src=\"https:\/\/www.soglio-produkte.com\/wp-content\/uploads\/2017\/03\/Gruender.jpg\" alt=\"Soglio Gr\u00fcnder\" width=\"318\" height=\"209\" data-srcset=\"https:\/\/www.soglio-produkte.com\/wp-content\/uploads\/2017\/03\/Gruender-120x79.jpg 120w, https:\/\/www.soglio-produkte.com\/wp-content\/uploads\/2017\/03\/Gruender-200x131.jpg 200w, https:\/\/www.soglio-produkte.com\/wp-content\/uploads\/2017\/03\/Gruender-300x197.jpg 300w, https:\/\/www.soglio-produkte.com\/wp-content\/uploads\/2017\/03\/Gruender.jpg 318w\" data-sizes=\"(max-width: 318px) 100vw, 318px\" src=\"data:image\/svg+xml;base64,PHN2ZyB3aWR0aD0iMSIgaGVpZ2h0PSIxIiB4bWxucz0iaHR0cDovL3d3dy53My5vcmcvMjAwMC9zdmciPjwvc3ZnPg==\" style=\"--smush-placeholder-width: 318px; --smush-placeholder-aspect-ratio: 318\/209;\" \/><\/p>\n<p class=\"p1\">I proprietari visionari della SOGLIO-Produkte (da sinistra): Martin Ermatinger e\nWalter Hunkeler nel punto vendita.<\/p>\n<\/div><div class=\"fusion-sep-clear\"><\/div><div class=\"fusion-separator fusion-full-width-sep\" style=\"margin-left: auto;margin-right: auto;margin-bottom:3em;width:100%;\"><\/div><div class=\"fusion-sep-clear\"><\/div><div class=\"fusion-text fusion-text-3\"><p class=\"p1\">Tutto ci\u00f2 si fece parallelamente al miglioramento e allo sviluppo di prodotti per la cura della pelle di prima qualit\u00e0. Al burro caprino s\u2019aggiunsero erbe e siero di latte ovino, fiori, oli eterici, tutto proveniente da produttori locali o acquistato da contadini biologici del Canton Grigioni, esattamente come le altre materie prime, scelte appositamente per le ricette. Ben presto alla pomata contro i reumatismi andarono ad aggiungersi alla prima e piccola linea di prodotti: uno shampoo, una crema alla calendula e una idratante. Nel frattempo \u2013 dopo 40 anni di esperienza e sviluppo \u2013 l\u2019assortimento conta circa una cinquantina di prodotti. Gli STONE Perfumes, flaconi in sasso per profumi e acque di Colonia, fabbricati da uno scalpellino a Castasegna, sono un\u2019ulteriore specialit\u00e0 della ditta.<\/p>\n<hr \/>\n<p class=\"p1\">\u00a0Fonte: Engadiner Post \u2013 Aprile\u00a02009<\/p>\n<\/div><div class=\"fusion-clearfix\"><\/div><\/div><\/div><\/div><\/div><div class=\"fusion-fullwidth fullwidth-box fusion-builder-row-2 fusion-flex-container nonhundred-percent-fullwidth non-hundred-percent-height-scrolling\" style=\"--awb-border-radius-top-left:0px;--awb-border-radius-top-right:0px;--awb-border-radius-bottom-right:0px;--awb-border-radius-bottom-left:0px;--awb-flex-wrap:wrap;\" ><div class=\"fusion-builder-row fusion-row fusion-flex-align-items-flex-start fusion-flex-content-wrap\" style=\"max-width:1456px;margin-left: calc(-4% \/ 2 );margin-right: calc(-4% \/ 2 );\"><div class=\"fusion-layout-column fusion_builder_column fusion-builder-column-2 fusion_builder_column_1_1 1_1 fusion-flex-column\" style=\"--awb-bg-size:cover;--awb-width-large:100%;--awb-margin-top-large:0px;--awb-spacing-right-large:1.92%;--awb-margin-bottom-large:20px;--awb-spacing-left-large:1.92%;--awb-width-medium:100%;--awb-spacing-right-medium:1.92%;--awb-spacing-left-medium:1.92%;--awb-width-small:100%;--awb-spacing-right-small:1.92%;--awb-spacing-left-small:1.92%;\"><div class=\"fusion-column-wrapper fusion-flex-justify-content-flex-start fusion-content-layout-column\"><div class=\"fusion-text fusion-text-4\"><hr \/>\n<h1 class=\"p1\" style=\"text-align: center;\"><span class=\"s1\">Una vita tra\nnatura e cultura<\/span><\/h1>\n<h4 class=\"p3\" style=\"text-align: center;\">La testa, Walter Hunkeler, la usata spesso in giovent\u00f9.<br\/>\nLa decisione di ottenere di pi\u00f9 con mani e cuore, non solo l\u2019ha condotto in Grigioni,<br\/>\nbens\u00ec l\u2019ha anche portato a ideare la SOGLIO-Produkte.<\/h4>\n<\/div><\/div><\/div><div class=\"fusion-layout-column fusion_builder_column fusion-builder-column-3 fusion_builder_column_1_2 1_2 fusion-flex-column\" style=\"--awb-bg-size:cover;--awb-width-large:50%;--awb-margin-top-large:0px;--awb-spacing-right-large:3.84%;--awb-margin-bottom-large:20px;--awb-spacing-left-large:3.84%;--awb-width-medium:100%;--awb-spacing-right-medium:1.92%;--awb-spacing-left-medium:1.92%;--awb-width-small:100%;--awb-spacing-right-small:1.92%;--awb-spacing-left-small:1.92%;\"><div class=\"fusion-column-wrapper fusion-flex-justify-content-flex-start fusion-content-layout-column\"><div class=\"fusion-text fusion-text-5\"><p class=\"p1\">\u00c8 primo pomeriggio, il cielo sopra Soglio \u00e8 carico di nuvole. Nonostante ci\u00f2 alcuni turisti hanno trovato la strada per il piccolo villaggio bregagliotto, dove abita anche Walter Hunkeler. Lui non si lascia turbare dal maltempo, a passo spedito cammina per il paesino mediterraneo, salutando le persone che gli passano accanto. Il traguardo \u00e8 un giardino nel quale da anni crescono i frutti del lavoro di una vita.<\/p>\n<\/div><div class=\"fusion-text fusion-text-6\"><p><img decoding=\"async\" class=\"aligncenter wp-image-717 lazyload\" data-src=\"https:\/\/www.soglio-produkte.com\/wp-content\/uploads\/2017\/03\/Walter_Hunkeler.jpg\" alt=\"Walter Hunkeler\" width=\"501\" height=\"350\" data-srcset=\"https:\/\/www.soglio-produkte.com\/wp-content\/uploads\/2017\/03\/Walter_Hunkeler-120x84.jpg 120w, https:\/\/www.soglio-produkte.com\/wp-content\/uploads\/2017\/03\/Walter_Hunkeler-200x140.jpg 200w, https:\/\/www.soglio-produkte.com\/wp-content\/uploads\/2017\/03\/Walter_Hunkeler-300x210.jpg 300w, https:\/\/www.soglio-produkte.com\/wp-content\/uploads\/2017\/03\/Walter_Hunkeler-400x280.jpg 400w, https:\/\/www.soglio-produkte.com\/wp-content\/uploads\/2017\/03\/Walter_Hunkeler-500x350.jpg 500w, https:\/\/www.soglio-produkte.com\/wp-content\/uploads\/2017\/03\/Walter_Hunkeler.jpg 572w\" data-sizes=\"(max-width: 501px) 100vw, 501px\" src=\"data:image\/svg+xml;base64,PHN2ZyB3aWR0aD0iMSIgaGVpZ2h0PSIxIiB4bWxucz0iaHR0cDovL3d3dy53My5vcmcvMjAwMC9zdmciPjwvc3ZnPg==\" style=\"--smush-placeholder-width: 501px; --smush-placeholder-aspect-ratio: 501\/350;\" \/><\/p>\n<p class=\"p1\">Walter Hunkeler nel negozio della manifattura a Castasegna.<\/p>\n<\/div><div class=\"fusion-text fusion-text-7\"><p class=\"p1\">Basilese d\u2019origine, vive e lavora gi\u00e0 dal 1975 a Soglio con sua moglie Sonja. \u00abA Basilea lavoravo quale microbiologo, da ultimo presso un rinomato istituto di ricerca nel campo dell\u2019immunologia.\u00bb Tuttavia quel lavoro per Hunkeler era troppo distante dalla Vita, e, seguendo la corrente di pensiero di rinnovamento degli anni \u201970, lui e sua moglie cercarono un luogo e un\u2019occupazione, che per l\u2019appunto \u00abfosse pi\u00f9 vicino alla Vita\u00bb. \u00abPer me era chiaro, nel suo insieme pluristrutturale l\u2019essere umano \u00e8 pi\u00f9 di quello che si sente capace di essere. Inoltre le montagne e i lavori manuali mi sono sempre piaciuti, per questo infine ci siamo sistemati a Soglio\u00bb, spiega. Soglio \u00e8 un posto molto speciale: \u00ab\u00c8 una miscela tra il rigore del nord e il fascino del sud, scienza dell\u2019ovest e saggezza dell\u2019est.\u00bb Soprattutto le persone sono ancora vicine alla natura, cosa che al giorno d\u2019oggi \u00e8 tutt\u2019altro che scontata. \u00abDi conoscitori intimi e genuini, che comprendono la natura con i propri sensi, non ce ne sono pi\u00f9 cos\u00ec spesso\u00bb, si rammarica Hunkeler.<\/p>\n<\/div><div class=\"fusion-separator fusion-full-width-sep\" style=\"align-self: center;margin-left: auto;margin-right: auto;margin-bottom:3em;width:100%;\"><\/div><div class=\"fusion-image-element \" style=\"text-align:center;--awb-caption-title-font-family:var(--h2_typography-font-family);--awb-caption-title-font-weight:var(--h2_typography-font-weight);--awb-caption-title-font-style:var(--h2_typography-font-style);--awb-caption-title-size:var(--h2_typography-font-size);--awb-caption-title-transform:var(--h2_typography-text-transform);--awb-caption-title-line-height:var(--h2_typography-line-height);--awb-caption-title-letter-spacing:var(--h2_typography-letter-spacing);\"><span class=\" fusion-imageframe imageframe-none imageframe-1 hover-type-none\"><img decoding=\"async\" width=\"600\" height=\"367\" title=\"Soglio\" data-src=\"https:\/\/www.soglio-produkte.com\/wp-content\/uploads\/2020\/09\/078-600x367.jpg\" alt class=\"img-responsive wp-image-6285 lazyload\" data-srcset=\"https:\/\/www.soglio-produkte.com\/wp-content\/uploads\/2020\/09\/078-200x122.jpg 200w, https:\/\/www.soglio-produkte.com\/wp-content\/uploads\/2020\/09\/078-400x245.jpg 400w, https:\/\/www.soglio-produkte.com\/wp-content\/uploads\/2020\/09\/078-600x367.jpg 600w, https:\/\/www.soglio-produkte.com\/wp-content\/uploads\/2020\/09\/078-800x489.jpg 800w, https:\/\/www.soglio-produkte.com\/wp-content\/uploads\/2020\/09\/078-1200x734.jpg 1200w\" data-sizes=\"(max-width: 1024px) 100vw, (max-width: 640px) 100vw, 800px\" src=\"data:image\/svg+xml;base64,PHN2ZyB3aWR0aD0iMSIgaGVpZ2h0PSIxIiB4bWxucz0iaHR0cDovL3d3dy53My5vcmcvMjAwMC9zdmciPjwvc3ZnPg==\" style=\"--smush-placeholder-width: 600px; --smush-placeholder-aspect-ratio: 600\/367;\" \/><\/span><\/div><\/div><\/div><div class=\"fusion-layout-column fusion_builder_column fusion-builder-column-4 fusion_builder_column_1_2 1_2 fusion-flex-column\" style=\"--awb-bg-size:cover;--awb-width-large:50%;--awb-margin-top-large:0px;--awb-spacing-right-large:3.84%;--awb-margin-bottom-large:20px;--awb-spacing-left-large:3.84%;--awb-width-medium:100%;--awb-spacing-right-medium:1.92%;--awb-spacing-left-medium:1.92%;--awb-width-small:100%;--awb-spacing-right-small:1.92%;--awb-spacing-left-small:1.92%;\"><div class=\"fusion-column-wrapper fusion-flex-justify-content-flex-start fusion-content-layout-column\"><div class=\"fusion-text fusion-text-8\"><h3 class=\"p1\" style=\"text-align: center;\"><span class=\"s1\">\u00abNoi siamo parte di questo mondo, facciamo\nparte della natura, non ci viviamo solo accanto,\nbens\u00ec ci stiamo proprio nel mezzo.\u00bb<\/span><\/h3>\n<\/div><div class=\"fusion-text fusion-text-9\"><h4 class=\"p1\">Anche la chimica \u00e8 natura<\/h4>\n<p class=\"p3\"><span class=\"s1\">E cos\u00ec come illustra il suo giardino che fornisce gli ingredienti per la SOGLIO-Produkte e il suo ambiente sociale, \u00e8 da intendersi questo enunciato. \u00abNoi siamo parte di questo mondo, facciamo parte della natura, non ci viviamo solo accanto, bens\u00ec ci stiamo proprio nel mezzo.\u00bb<\/span><\/p>\n<p class=\"p3\">Sulla via per andare dalle sue pecore Walter Hunkeler si ferma spesso, indicando fiori e insetti, elencandone il nome, la funzione o le propriet\u00e0. Iperico, achillea, zigenida\u2026 \u00abLa zigenida adopera l\u2019acido cianidrico, dunque della chimica, per scoraggiare i suoi predatori\u00bb, racconta il biologo. Perci\u00f2 non riesce a capire perch\u00e9 cos\u00ec tante persone s\u2019infervorano del fatto che ci siano dei termini chimici su di un prodotto. \u00abL\u2019uomo ha l\u2019intelletto, inventa e sviluppa cose buone. Ma queste poi non contano pi\u00f9 come naturali.\u00bb Senza le persone, dice Hunkeler, in Bregaglia ci sarebbero molto meno specie animali e vegetali: \u00abL\u2019insediamento dell\u2019uomo nelle Alpi \u00e8 stato un arricchimento dal punto di vista ecologico.\u00bb Grazie alle superfici liberate tramite il disboscamento nuove specie hanno trovato uno spazio vitale \u2013 e questa gran variet\u00e0 biologica \u00e8 stata possibile proprio grazie alla cultura, ovvero \u00e8 stata creata dall\u2019uomo. \u00abQuass\u00f9 si vive tra natura e cultura, ovunque ci sono volpi, cervi, martore, addirittura in paese.\u00bb<\/p>\n<p class=\"p3\">Esattamente questo \u00e8 anche il concetto che sta dietro alla SOGLIO-Produkte e che era presente sin dai primissimi momenti con \u00abSoliosan\u00bb. \u00abAd un certo punto dovemmo riflettere di cosa volevamo vivere. Allorch\u00e9 a un mercatino scoprimmo del burro caprino utilizzato a mo\u2019 di pomata contro i reumatismi, ce ne interessammo subito.\u00bb, racconta appassionatamente degli inizi della sua azienda. Sapeva senza dubbio, che avrebbe potuto fare quel prodotto molto meglio.<\/p>\n<\/div><div class=\"fusion-text fusion-text-10\"><h4 class=\"p1\">Tante idee e molto lavoro<\/h4>\n<p class=\"p5\">INei primi anni per Hunkeler fu necessario studiare tanto, non solo piante e prodotti cosmetici, bens\u00ec tutti gli aspetti economici di un impresa. \u00abAnche solo per acquistare le materie prime per i nostri prodotti, dovevamo costituire prima una ditta\u00bb, racconta Hunkeler sui primi anni. Con il tempo l\u2019azienda cambi\u00f2, dai medicamenti pass\u00f2 ai cosmetici. Si aggiunsero altri prodotti, nel 2003 la SOGLIO-Produkte divent\u00f2 una SA. \u00abIo e il mio socio in affari di lunga data, Martin Ermatinger, abbiamo fatto il nostro tempo. Posso per\u00f2 dire in tutta coscienza che abbiamo persone molto qualificate, che gestiranno la ditta con lo stesso nostro spirito.\u00bb Lui stesso ha ancora alcune idee da mettere in pratica, in primis il \u00abProgetto Stone\u00bb. \u00abL\u2019idea di fondo \u00e8 di creare dei profumi urbani e quindi vendere quest\u2019ultimi in speciali flaconi in sasso, la pietra sar\u00e0 originaria della relative citt\u00e0.\u00bb Sta ancora cercando qualcuno che s\u2019interessi a questo progetto. Perch\u00e9 effettivamente il sessantacinquenne \u00e8 gi\u00e0 abbastanza occupato con le sue bestie e l\u2019agricoltura. \u00abChiaramente, queste cose io le faccio volentieri, tuttavia di lavoro da fare ce n\u2019\u00e8 pi\u00f9 che abbastanza\u00bb, afferma sorridendo sotto i baffi.<\/p>\n<hr \/>\n<p class=\"p1\">Fonte: B\u00fcndner Tagblatt \u2013 Settembre\u00a02014<\/p>\n<\/div><\/div><\/div><\/div><\/div><div class=\"fusion-fullwidth fullwidth-box fusion-builder-row-3 nonhundred-percent-fullwidth non-hundred-percent-height-scrolling\" style=\"--awb-border-radius-top-left:0px;--awb-border-radius-top-right:0px;--awb-border-radius-bottom-right:0px;--awb-border-radius-bottom-left:0px;--awb-padding-top:20px;--awb-padding-bottom:0px;--awb-background-color:#f8f9e6;--awb-flex-wrap:wrap;\" ><div class=\"fusion-builder-row fusion-row\"><div class=\"fusion-layout-column fusion_builder_column fusion-builder-column-5 fusion_builder_column_1_1 1_1 fusion-one-full fusion-column-first fusion-column-last\" style=\"--awb-bg-size:cover;\"><div class=\"fusion-column-wrapper fusion-flex-column-wrapper-legacy\"><div class=\"fusion-text fusion-text-11\"><h3 style=\"text-align: center;\">AVETE DELLE DOMANDE? CHIAMATECI ALLO <a href=\"tel:+41818221843\">+41\u00a0(0)81\u00a0822\u00a018\u00a043<\/a><\/h3>\n<h4 style=\"text-align: center;\">Siamo a vostra disposizione dal luned\u00ec al venerd\u00ec, dalle ore 08.00 alle 12.00 e dalle ore 13.30 fino alle 17.30.<\/h4>\n<\/div><div class=\"fusion-clearfix\"><\/div><\/div><\/div><div class=\"fusion-layout-column fusion_builder_column fusion-builder-column-6 fusion_builder_column_1_4 1_4 fusion-one-fourth fusion-column-first\" style=\"--awb-bg-size:cover;width:25%;width:calc(25% - ( ( 4% + 4% + 4% ) * 0.25 ) );margin-right: 4%;\"><div class=\"fusion-column-wrapper fusion-flex-column-wrapper-legacy\"><h4>Contatto Svizzera<\/h4>\nSOGLIO-PRODUKTE SA<br \/>\nVia Principale 21<br \/>\n7608 Castasegna<br \/>\nSvizzera<br \/>\n<br \/>\nTel. <a href=\"tel:+41818221843\">+41 (0)81 822 18 43<\/a><br \/>\nFax +41 (0)81 822 19 70<br \/>\n<a href=\"mailto:mail@soglio-produkte.ch\">mail@soglio-produkte.ch<\/a><div class=\"fusion-clearfix\"><\/div><\/div><\/div><div class=\"fusion-layout-column fusion_builder_column fusion-builder-column-7 fusion_builder_column_1_4 1_4 fusion-one-fourth\" style=\"--awb-bg-size:cover;width:25%;width:calc(25% - ( ( 4% + 4% + 4% ) * 0.25 ) );margin-right: 4%;\"><div class=\"fusion-column-wrapper fusion-flex-column-wrapper-legacy\"><h4>Contatto UE<\/h4>\nSOGLIO (Deutschland) GmbH<br \/>\nHauptstra\u00dfe 29<br \/>\n79807 Lottstetten<br \/>\nGermania<br \/>\n<br \/>\n<a href=\"mailto:mail@soglio-produkte.eu\">mail@soglio-produkte.eu<\/a><div class=\"fusion-clearfix\"><\/div><\/div><\/div><div class=\"fusion-layout-column fusion_builder_column fusion-builder-column-8 fusion_builder_column_1_4 1_4 fusion-one-fourth\" style=\"--awb-bg-size:cover;width:25%;width:calc(25% - ( ( 4% + 4% + 4% ) * 0.25 ) );margin-right: 4%;\"><div class=\"fusion-column-wrapper fusion-flex-column-wrapper-legacy\"><h4>Orari d'apertura negozio a Castasegna<\/h4>\nLu \u2013 Ve, ore 8.00 fino alle 12.00<br \/>\ne dalle ore 13.30 fino alle 18.00<br \/>\n<h4>Orari d'apertura negozio a Soglio<\/h4>\nDa giugno a met\u00e0 ottobre<br \/>\nMe*\/Gi\/Ve\/Sa ore 11.00 fino alle 17.00<br \/>\n*a partire da luglio<div class=\"fusion-clearfix\"><\/div><\/div><\/div><div class=\"fusion-layout-column fusion_builder_column fusion-builder-column-9 fusion_builder_column_1_4 1_4 fusion-one-fourth fusion-column-last\" style=\"--awb-bg-size:cover;width:25%;width:calc(25% - ( ( 4% + 4% + 4% ) * 0.25 ) );\"><div class=\"fusion-column-wrapper fusion-flex-column-wrapper-legacy\"><h4>Legale<\/h4>\n<a href=\"https:\/\/www.soglio-produkte.com\/it\/condizioni-generali-di-contratto\/\" style=\"text-decoration:underline;\">Condizioni generali di contratto<\/a><br \/>\n<a href=\"https:\/\/www.soglio-produkte.com\/it\/impressum\/\" style=\"text-decoration:underline;\">Impressum<\/a><br \/>\n<a href=\"https:\/\/www.soglio-produkte.com\/it\/informativa-sulla-privacy\/\" style=\"text-decoration:underline;\">Informativa sulla privacy<\/a><br \/>\n<a href=\"https:\/\/www.soglio-produkte.com\/it\/spedizione-e-modalita-di-pagamento\/\" style=\"text-decoration:underline;\">Spedizione e modalit\u00e0 di pagamento<\/a><div class=\"fusion-text fusion-text-12\"><h4>Social Media<\/h4>\n<p><a href=\"https:\/\/www.facebook.com\/soglio.produkte.Kraft.der.Berge\" target=\"_blank\" rel=\"noopener noreferrer\"><img decoding=\"async\" class=\"wp-image-830 size-full lazyload\" data-src=\"https:\/\/www.soglio-produkte.com\/wp-content\/uploads\/2019\/05\/54997.png\" alt=\"Facebook\" width=\"51\" height=\"51\" src=\"data:image\/svg+xml;base64,PHN2ZyB3aWR0aD0iMSIgaGVpZ2h0PSIxIiB4bWxucz0iaHR0cDovL3d3dy53My5vcmcvMjAwMC9zdmciPjwvc3ZnPg==\" style=\"--smush-placeholder-width: 51px; --smush-placeholder-aspect-ratio: 51\/51;\" \/><\/a><a href=\"https:\/\/www.instagram.com\/soglio.produkte\" target=\"_blank\" rel=\"noopener noreferrer\"> <img decoding=\"async\" class=\"wp-image-830 size-full lazyload\" data-src=\"https:\/\/www.soglio-produkte.com\/wp-content\/uploads\/2019\/05\/glyph-logo_may2016.png\" alt=\"Instagram\" width=\"51\" height=\"51\" src=\"data:image\/svg+xml;base64,PHN2ZyB3aWR0aD0iMSIgaGVpZ2h0PSIxIiB4bWxucz0iaHR0cDovL3d3dy53My5vcmcvMjAwMC9zdmciPjwvc3ZnPg==\" style=\"--smush-placeholder-width: 51px; --smush-placeholder-aspect-ratio: 51\/51;\" \/> <\/a><a href=\"https:\/\/www.pinterest.de\/Soglioprodukte\/\" target=\"_blank\" rel=\"noopener noreferrer\"> <img decoding=\"async\" class=\"wp-image-830 size-full lazyload\" data-src=\"https:\/\/www.soglio-produkte.com\/wp-content\/uploads\/2019\/05\/badgergb-black.png\" alt=\"Pinterest\" width=\"51\" height=\"51\" src=\"data:image\/svg+xml;base64,PHN2ZyB3aWR0aD0iMSIgaGVpZ2h0PSIxIiB4bWxucz0iaHR0cDovL3d3dy53My5vcmcvMjAwMC9zdmciPjwvc3ZnPg==\" style=\"--smush-placeholder-width: 51px; --smush-placeholder-aspect-ratio: 51\/51;\" \/><\/a><\/p>\n<\/div><div class=\"fusion-clearfix\"><\/div><\/div><\/div><\/div><\/div>\n","protected":false},"excerpt":{"rendered":"","protected":false},"author":1,"featured_media":0,"parent":2817,"menu_order":0,"comment_status":"closed","ping_status":"closed","template":"100-width.php","meta":{"footnotes":""},"class_list":["post-2839","page","type-page","status-publish","hentry"],"_links":{"self":[{"href":"https:\/\/www.soglio-produkte.com\/it\/wp-json\/wp\/v2\/pages\/2839","targetHints":{"allow":["GET"]}}],"collection":[{"href":"https:\/\/www.soglio-produkte.com\/it\/wp-json\/wp\/v2\/pages"}],"about":[{"href":"https:\/\/www.soglio-produkte.com\/it\/wp-json\/wp\/v2\/types\/page"}],"author":[{"embeddable":true,"href":"https:\/\/www.soglio-produkte.com\/it\/wp-json\/wp\/v2\/users\/1"}],"replies":[{"embeddable":true,"href":"https:\/\/www.soglio-produkte.com\/it\/wp-json\/wp\/v2\/comments?post=2839"}],"version-history":[{"count":15,"href":"https:\/\/www.soglio-produkte.com\/it\/wp-json\/wp\/v2\/pages\/2839\/revisions"}],"predecessor-version":[{"id":6579,"href":"https:\/\/www.soglio-produkte.com\/it\/wp-json\/wp\/v2\/pages\/2839\/revisions\/6579"}],"up":[{"embeddable":true,"href":"https:\/\/www.soglio-produkte.com\/it\/wp-json\/wp\/v2\/pages\/2817"}],"wp:attachment":[{"href":"https:\/\/www.soglio-produkte.com\/it\/wp-json\/wp\/v2\/media?parent=2839"}],"curies":[{"name":"wp","href":"https:\/\/api.w.org\/{rel}","templated":true}]}}