{"id":7073,"date":"2020-12-11T15:56:38","date_gmt":"2020-12-11T14:56:38","guid":{"rendered":"https:\/\/www.soglio-produkte.com\/datenschutz\/"},"modified":"2023-08-22T15:23:20","modified_gmt":"2023-08-22T13:23:20","slug":"informativa-sulla-privacy","status":"publish","type":"page","link":"https:\/\/www.soglio-produkte.com\/it\/informativa-sulla-privacy\/","title":{"rendered":"Informativa sulla privacy"},"content":{"rendered":"<div class=\"fusion-fullwidth fullwidth-box fusion-builder-row-1 nonhundred-percent-fullwidth non-hundred-percent-height-scrolling\" style=\"--awb-border-radius-top-left:0px;--awb-border-radius-top-right:0px;--awb-border-radius-bottom-right:0px;--awb-border-radius-bottom-left:0px;--awb-flex-wrap:wrap;\" ><div class=\"fusion-builder-row fusion-row\"><div class=\"fusion-layout-column fusion_builder_column fusion-builder-column-0 fusion_builder_column_1_5 1_5 fusion-one-fifth fusion-column-first\" style=\"--awb-bg-size:cover;width:20%;width:calc(20% - ( ( 4% + 4% ) * 0.2 ) );margin-right: 4%;\"><div class=\"fusion-column-wrapper fusion-flex-column-wrapper-legacy\"><div class=\"fusion-clearfix\"><\/div><\/div><\/div><div class=\"fusion-layout-column fusion_builder_column fusion-builder-column-1 fusion_builder_column_3_5 3_5 fusion-three-fifth\" style=\"--awb-bg-size:cover;width:60%;width:calc(60% - ( ( 4% + 4% ) * 0.6 ) );margin-right: 4%;\"><div class=\"fusion-column-wrapper fusion-flex-column-wrapper-legacy\"><div class=\"fusion-text fusion-text-1\"><h1>Informativa sulla privacy<\/h1>\n<ol>\n<li><strong>Generale<\/strong> Grazie per l&#8217;interesse dimostrato nei confronti della nostra azienda. La protezione dei dati e la riservatezza hanno un&#8217;altissima priorit\u00e0 presso la SOGLIO-PRODUKTE AG e la SOGLIO (Deutschland) GmbH (di seguito denominate SOGLIO). Rispettiamo le norme nazionali ed europee vigenti in materia di protezione dei dati e vi comunichiamo qui di seguito quali dati possiamo memorizzare e come li utilizziamo.<\/li>\n<li><strong>Conservazione e utilizzo dei dati <\/strong>In qualit\u00e0 di visitatore del nostro sito web, l&#8217;utente rimane anonimo. I dati da noi memorizzati e analizzati vengono utilizzati esclusivamente per scopi statistici, in modo da poter, ad esempio, migliorare continuamente i nostri servizi. I dati che memorizziamo sui nostri server comprendono il nome del vostro provider di servizi Internet, il sito web attraverso il quale ci visitate, le pagine web SOGLIO che avete visitato, il vostro indirizzo IP e la data e la durata della vostra visita.<\/li>\n<li><strong>Raccolta, elaborazione e utilizzo dei dati personali <\/strong>Raccogliamo ed elaboriamo i dati personali solo se richiedete determinati servizi e necessitiamo dei vostri dati per questo scopo o se ci avete dato volontariamente il vostro consenso esplicito. Potete farlo, ad esempio, registrandovi online, compilando un apposito modulo o inviandoci una e-mail, oppure ordinando prodotti o servizi o facendo richieste. Se non diversamente previsto dalla legge, utilizzeremo i vostri dati personali solo per gli scopi per i quali avete dato il vostro consenso. Comunicheremo i vostri dati personali a terzi solo se ci\u00f2 \u00e8 necessario per fornire il servizio da voi richiesto o se ci avete dato il vostro consenso.<\/li>\n<li><strong>Conservazione dei dati <\/strong>Conserveremo i dati per tutto il tempo richiesto dalla legge o necessario per fornire il servizio da Lei richiesto o come indicato nel relativo consenso.<\/li>\n<li><strong>Diritto di accesso, rettifica e opposizione <\/strong>Avete il diritto di visionare e correggere i vostri dati personali da noi memorizzati; inoltre, potete revocare il vostro consenso al futuro utilizzo dei vostri dati in qualsiasi momento. Per farlo, \u00e8 sufficiente inviare una e-mail a <a href=\"mailto:datenschutz@soglio-produkte.ch\">datenschutz@soglio-produkte.ch<\/a><u>.<\/u><\/li>\n<li><strong>Protezione dei dati e sicurezza<\/strong>I nostri collaboratori sono obbligati a mantenere la riservatezza nel trattamento dei dati personali. Le nostre misure di protezione dei dati vengono costantemente aggiornate tenendo conto dei nuovi sviluppi tecnici.<\/li>\n<li><strong>Social media plugins <\/strong>I social media plugins di Facebook, Twitter, Google+ e\/o YouTube possono essere integrati in determinate pagine del sito web SOGLIO. Questi plugin per i social media sono identificati dal logo SOGLIO, dai campi di commento e dai pulsanti &#8220;Mi piace&#8221; o &#8220;+1&#8221;. Quando si richiama un sito web con un plugin per i social media, viene stabilita una connessione diretta con il server del provider dei social media. Allo stesso tempo, Facebook, Twitter, LinkedIn e\/o Google registrano il rispettivo sito web da cui si accede ai loro servizi. Se siete registrati presso uno dei provider e avete effettuato il login, l&#8217;accesso al sito web pu\u00f2 essere associato al vostro account utente. I fornitori di social media come Facebook, Twitter, Google+ e\/o Youtube non forniscono informazioni su quali informazioni specifiche vengono raccolte durante l&#8217;utilizzo dei loro plugin. Non siamo quindi a conoscenza del contenuto, della portata e dell&#8217;utilizzo dei dati raccolti da Facebook, Twitter, Google+ e\/o Youtube. Per ulteriori informazioni, consultare le politiche sulla privacy dei fornitori di social media ai seguenti link: Facebook, Twitter, Google+ e\/o Youtube. Se non acconsentite alla raccolta di dati personali sui nostri siti web da parte di un provider, potete disattivare i plugin nel vostro browser. Se desiderate evitare di essere collegati ad un account utente esistente, dovete effettuare il logout prima di visitare le nostre pagine internet.<\/li>\n<li><strong>Google Analytics<\/strong> Questo sito web utilizza Google Analytics, un servizio di analisi web fornito da Google, Inc. (&#8220;Google&#8221;). Google Analytics utilizza dei &#8220;cookies&#8221;, che sono file di testo che vengono depositati sul vostro computer per consentire al sito web di analizzare come gli utenti utilizzano il sito. Le informazioni generate dal cookie sull&#8217;utilizzo del sito web da parte dell&#8217;utente vengono trasmesse a un server di Google negli Stati Uniti, dove vengono memorizzate. Nel caso in cui l&#8217;anonimizzazione dell&#8217;IP sia attivata su questo sito web, tuttavia, il vostro indirizzo IP sar\u00e0 troncato in precedenza da Google all&#8217;interno degli stati membri dell&#8217;Unione Europea o in altri stati contraenti dell&#8217;Accordo sullo Spazio Economico Europeo. Solo in casi eccezionali l&#8217;indirizzo IP completo viene trasmesso a un server di Google negli USA e l\u00ec abbreviato. Su incarico del gestore di questo sito web, Google utilizzer\u00e0 queste informazioni allo scopo di tracciare ed esaminare il Vostro utilizzo del sito web, compilare report sulle attivit\u00e0 del sito web e fornire altri servizi relativi alle attivit\u00e0 del sito web e all&#8217;utilizzo di Internet. L&#8217;indirizzo IP trasmesso dal vostro browser nell&#8217;ambito di Google Analytics non verr\u00e0 unito ad altri dati di Google. Potete rifiutarvi di usare i cookies selezionando l&#8217;impostazione appropriata sul vostro browser, tuttavia vi preghiamo di notare che se lo fate potreste non essere in grado di utilizzare tutte le funzionalit\u00e0 di questo sito web. Potete anche impedire il rilevamento dei dati generati dal cookie e relativi al vostro utilizzo del sito web (compreso il vostro indirizzo IP) a Google e l&#8217;elaborazione di questi dati da parte di Google scaricando e installando il plugin del browser disponibile al seguente link (http:\/\/tools.google.com\/dlpage\/gaoptout?hl=de). Per ulteriori informazioni: <a href=\"http:\/\/www.google.com\/analytics\/learn\/privacy.html\" target=\"_blank\" rel=\"noopener\">http:\/\/www.google.com\/analytics\/learn\/privacy.html<\/a>.<\/li>\n<li><strong>Meta\/Facebook <\/strong>Sul sito web utilizziamo il cosiddetto pixel Facebook del social network facebook.com, gestito da Facebook Inc. (1601 South California Avenue, Palo Alto, CA 94304, USA). Quando visitate le nostre pagine, il vostro browser stabilisce una connessione diretta con i server di Facebook. Integrando il pixel, Facebook riceve l&#8217;informazione che l&#8217;utente ha avuto accesso alla pagina corrispondente del nostro sito web. Se siete collegati a Facebook, Facebook pu\u00f2 assegnare la visita al vostro account Facebook.\nLo scopo e la portata della raccolta dei dati, l&#8217;ulteriore elaborazione e l&#8217;utilizzo dei dati da parte di Facebook, nonch\u00e9 i vostri diritti al riguardo e le possibilit\u00e0 di impostazione per la tutela della vostra privacy sono riportati nell&#8217;informativa sulla privacy di Facebook all&#8217;indirizzo: <a href=\"http:\/\/de-de.facebook.com\/policy.php\" target=\"_blank\" rel=\"noopener\">http:\/\/de-de.facebook.com\/policy.php<\/a>.<\/li>\n<li><strong>Meta\/Instagram <\/strong>Le funzioni del servizio Instagram sono integrate nel nostro sito web. Queste funzioni sono offerte da Instagram Inc., 1601 Willow Road, Menlo Park, CA, 94025, USA. Se avete effettuato l&#8217;accesso al vostro account Instagram, potete collegare il contenuto delle nostre pagine al vostro profilo Instagram cliccando sul pulsante Instagram. Ci\u00f2 consente a Instagram di associare la visita alle nostre pagine al vostro account utente. Desideriamo sottolineare che noi, in qualit\u00e0 di fornitori delle pagine, non siamo a conoscenza del contenuto dei dati trasmessi o del loro utilizzo da parte di Instagram.Per ulteriori informazioni in merito, si prega di consultare l&#8217;informativa sulla privacy di Instagram: <a href=\"http:\/\/instagram.com\/about\/legal\/privacy\/\" target=\"_blank\" rel=\"noopener\">http:\/\/instagram.com\/about\/legal\/privacy\/<\/a><\/li>\n<li><strong>Servizi di analisi web <\/strong>Questo sito web utilizza cookies e servizi di analisi web per aumentare l&#8217;attrattiva del sito. Questi dati di tracciamento non consentono di trarre conclusioni sui singoli visitatori del sito web. Sulla base di questi dati non \u00e8 possibile identificare alcuna persona. Il sito web soglio-produkte.com utilizza i servizi di analisi di Google Analytics e Facebook.<\/li>\n<li><strong>Newsletter <\/strong>Siamo lieti di informarvi su temi attuali riguardanti i nostri prodotti tramite la nostra newsletter SOGLIO. Per l&#8217;invio di una newsletter abbiamo bisogno del vostro nome e cognome e del vostro indirizzo e-mail. Potete inserire questi dati negli appositi campi. Dopo aver inviato le informazioni, riceverete una nostra e-mail all&#8217;indirizzo di posta elettronica da voi indicato per la conferma. I vostri dati saranno da noi memorizzati solo per l&#8217;invio della newsletter. Potete disdire l&#8217;iscrizione alla newsletter in qualsiasi momento e quindi opporvi all&#8217;ulteriore utilizzo dei vostri dati. \u00c8 possibile disdire l&#8217;iscrizione alla fine di una newsletter. La newsletter viene inviata utilizzando il fornitore di servizi di mailing &#8220;MailChimp&#8221;, una piattaforma di invio di newsletter del fornitore statunitense Rocket Science Group, LLC, 675 Ponce De Leon Ave NE #5000, Atlanta, GA 30308, USA. \u00c8 possibile consultare l&#8217;informativa sulla privacy del fornitore di servizi di mailing <a href=\"https:\/\/www.intuit.com\/privacy\/statement\/\" target=\"_blank\" rel=\"noopener\">qui<\/a>. Rocket Science Group LLC d\/b\/a MailChimp \u00e8 certificato ai sensi dell&#8217;accordo Privacy Shield e offre quindi una garanzia di conformit\u00e0 al livello europeo di protezione dei dati (PrivacyShield). Il fornitore del servizio di spedizione viene utilizzato sulla base dei nostri interessi legittimi ai sensi dell&#8217;art. 6 par. 1 lett. f DSGVO e di un accordo di elaborazione degli ordini ai sensi dell&#8217;art. 28 par. 3 p. 1 DSGVO. Il fornitore di servizi di spedizione pu\u00f2 utilizzare i dati dei destinatari in forma pseudonima, ossia senza attribuzione a un utente, per ottimizzare o migliorare i propri servizi, ad esempio per ottimizzare tecnicamente l&#8217;invio e la presentazione della newsletter o per scopi statistici. Tuttavia, il fornitore di servizi di spedizione non utilizza i dati dei destinatari delle nostre newsletter per scrivere loro stessi o per trasmettere i dati a terzi.<\/li>\n<li><strong>Rivista per i clienti <\/strong>Siamo lieti di inviarvi la nostra rivista per i clienti SOGLIO per posta, che di solito viene spedita due volte all&#8217;anno. In essa vi informiamo su argomenti di attualit\u00e0 della Bregaglia, della nostra azienda e dei nostri prodotti. Per l&#8217;invio di una rivista per i clienti abbiamo bisogno del vostro nome e cognome, del vostro indirizzo e-mail e del vostro indirizzo completo. Potete inserire questi dati negli appositi campi. Dopo aver inviato le informazioni, riceverete una nostra e-mail all&#8217;indirizzo di posta elettronica da voi indicato per la conferma. I vostri dati saranno da noi memorizzati solo per l&#8217;invio della rivista per i clienti. Potete disdire in qualsiasi momento l&#8217;abbonamento alla rivista per i clienti e quindi opporvi all&#8217;ulteriore utilizzo dei vostri dati. \u00c8 possibile disdire in qualsiasi momento l&#8217;iscrizione alla lista di distribuzione delle riviste per i clienti inviando una e-mail a datenschutz@soglio-produkte.ch, una lettera postale o per telefono.<\/li>\n<li><strong>Durata della conservazione dei dati <\/strong>Se non diversamente specificato, conserviamo i dati di utilizzo o altri dati personali per il tempo che riteniamo necessario o opportuno per ottemperare alle leggi applicabili o per il tempo che riteniamo necessario per gli scopi per i quali sono trattati. Cancelleremo i vostri dati non appena non saranno pi\u00f9 necessari e comunque dopo la scadenza del periodo massimo di conservazione previsto dalla legge.<\/li>\n<li><strong>Utilizzo dei cookies <\/strong>Alcune pagine Internet utilizzano i cosiddetti cookies. I cookie non causano alcun danno al vostro computer e non contengono virus. I cookie servono a rendere la nostra offerta pi\u00f9 facile da usare, pi\u00f9 efficace e pi\u00f9 sicura. I cookie sono piccoli file di testo che vengono memorizzati sul vostro computer e salvati dal vostro browser. La maggior parte dei cookie che utilizziamo sono i cosiddetti &#8220;cookie di sessione&#8221;. Essi vengono automaticamente cancellati al termine della visita. Gli altri cookie rimangono memorizzati sul vostro terminale fino a quando non li cancellate. Questi cookie ci permettono di riconoscere il vostro browser alla vostra prossima visita. Potete impostare il vostro browser in modo da essere informati sull&#8217;impostazione dei cookie e consentire i cookie solo in singoli casi, escludere l&#8217;accettazione dei cookie per determinati casi o in generale e attivare la cancellazione automatica dei cookie alla chiusura del browser. Se i cookie sono disattivati, la funzionalit\u00e0 di questo sito web potrebbe essere limitata. I cookies che sono necessari per effettuare il processo di comunicazione elettronica o per fornire determinate funzioni da voi richieste (ad es. funzione carrello) vengono memorizzati in base all&#8217;art. 6, comma 1, lett. f DSGVO. Il gestore del sito web ha un interesse legittimo a memorizzare i cookie per la fornitura tecnicamente priva di errori e ottimizzata dei suoi servizi.<\/li>\n<li><strong>Diritti dell&#8217;interessato <\/strong>L&#8217;utente ha i seguenti diritti se sono soddisfatti i requisiti di legge: diritto all&#8217;informazione, alla rettifica, alla cancellazione, alla limitazione dell&#8217;elaborazione, alla portabilit\u00e0 dei dati. Allo stesso modo, avete il diritto di opporvi in qualsiasi momento a un trattamento basato sul vostro consenso o sui nostri legittimi interessi.<\/li>\n<li><strong>Diritto di reclamo all&#8217;autorit\u00e0 di controllo <\/strong>Avete il diritto di presentare reclamo all&#8217;autorit\u00e0 di controllo competente se ritenete che il trattamento dei vostri dati personali non sia lecito.<\/li>\n<li><strong>Sicurezza dei dati <\/strong>Manteniamo misure tecniche aggiornate per garantire la sicurezza dei dati, in particolare per proteggere i vostri dati personali da pericoli durante la trasmissione dei dati e dall&#8217;acquisizione di conoscenze da parte di terzi. Questi sono adattati secondo lo stato attuale della tecnica.<\/li>\n<\/ol>\n<p><!--more--><\/p>\n<p><strong>Contatto responsabile della protezione dei dati:\n<\/strong>SOGLIO-PRODUKTE AG, Via Principale 21, CH-7608 Castasegna &#8211; SOGLIO (Deutschland) GmbH, Hauptstrasse 29, DE-79807 Lottstetten <u>datenschutz@soglio-produkte.ch<\/u><\/p>\n<p>CH-7608 Castasegna, 22.08.2023<\/p>\n<\/div><div class=\"fusion-clearfix\"><\/div><\/div><\/div><div class=\"fusion-layout-column fusion_builder_column fusion-builder-column-2 fusion_builder_column_1_5 1_5 fusion-one-fifth fusion-column-last\" style=\"--awb-bg-size:cover;width:20%;width:calc(20% - ( ( 4% + 4% ) * 0.2 ) );\"><div class=\"fusion-column-wrapper fusion-flex-column-wrapper-legacy\"><div class=\"fusion-clearfix\"><\/div><\/div><\/div><\/div><\/div><div class=\"fusion-fullwidth fullwidth-box fusion-builder-row-2 nonhundred-percent-fullwidth non-hundred-percent-height-scrolling\" style=\"--awb-border-radius-top-left:0px;--awb-border-radius-top-right:0px;--awb-border-radius-bottom-right:0px;--awb-border-radius-bottom-left:0px;--awb-padding-top:20px;--awb-padding-bottom:0px;--awb-background-color:#f8f9e6;--awb-flex-wrap:wrap;\" ><div class=\"fusion-builder-row fusion-row\"><div class=\"fusion-layout-column fusion_builder_column fusion-builder-column-3 fusion_builder_column_1_1 1_1 fusion-one-full fusion-column-first fusion-column-last\" style=\"--awb-bg-size:cover;\"><div class=\"fusion-column-wrapper fusion-flex-column-wrapper-legacy\"><div class=\"fusion-text fusion-text-2\"><h3 style=\"text-align: center;\">HABEN SIE FRAGEN? RUFEN SIE UNS AN <a href=\"tel:+41818221843\">+41 (0)81 822 18 43<\/a><\/h3>\n<h4 style=\"text-align: center;\">Wir beraten Sie gerne: Montag bis Freitag, 08.00 bis 12.00 Uhr und 13.30 bis 17.30 Uhr.<\/h4>\n<\/div><div class=\"fusion-clearfix\"><\/div><\/div><\/div><div class=\"fusion-layout-column fusion_builder_column fusion-builder-column-4 fusion_builder_column_1_4 1_4 fusion-one-fourth fusion-column-first\" style=\"--awb-bg-size:cover;width:25%;width:calc(25% - ( ( 4% + 4% + 4% ) * 0.25 ) );margin-right: 4%;\"><div class=\"fusion-column-wrapper fusion-flex-column-wrapper-legacy\"><h4>Kontakt Schweiz<\/h4>\nSOGLIO-PRODUKTE AG<br \/>\nVia Principale 21<br \/>\n7608 Castasegna<br \/>\nSchweiz<br \/>\n<br \/>\nTel. <a href=\"tel:+41818221843\">+41 (0)81 822 18 43<\/a><br \/>\nFax +41 (0)81 822 19 70<br \/>\n<a href=\"mailto:mail@soglio-produkte.ch\">mail@soglio-produkte.ch<\/a><div class=\"fusion-clearfix\"><\/div><\/div><\/div><div class=\"fusion-layout-column fusion_builder_column fusion-builder-column-5 fusion_builder_column_1_4 1_4 fusion-one-fourth\" style=\"--awb-bg-size:cover;width:25%;width:calc(25% - ( ( 4% + 4% + 4% ) * 0.25 ) );margin-right: 4%;\"><div class=\"fusion-column-wrapper fusion-flex-column-wrapper-legacy\"><h4>Kontakt Deutschland \/ EU<\/h4>\nSOGLIO (Deutschland) GmbH<br \/>\nHauptstra\u00dfe 29<br \/>\n79807 Lottstetten<br \/>\nDeutschland<br \/>\n<br \/>\n<a href=\"mailto:mail@soglio-produkte.eu\">mail@soglio-produkte.eu<\/a><div class=\"fusion-clearfix\"><\/div><\/div><\/div><div class=\"fusion-layout-column fusion_builder_column fusion-builder-column-6 fusion_builder_column_1_4 1_4 fusion-one-fourth\" style=\"--awb-bg-size:cover;width:25%;width:calc(25% - ( ( 4% + 4% + 4% ) * 0.25 ) );margin-right: 4%;\"><div class=\"fusion-column-wrapper fusion-flex-column-wrapper-legacy\"><h4>\u00d6ffnungszeiten Laden Castasegna<\/h4>\nMo bis Fr, 8.00 bis 12.00 Uhr<br \/>\nund 13.30 bis 18.00 Uhr<br \/>\n<h4>\u00d6ffnungszeiten Laden Soglio<\/h4>\nVon Juni bis Mitte Oktober<br \/>\nMi* \/ Do \/ Fr \/ Sa 11.00 bis 17.00 Uhr<br \/>\n*Erst ab 1. Juli<div class=\"fusion-clearfix\"><\/div><\/div><\/div><div class=\"fusion-layout-column fusion_builder_column fusion-builder-column-7 fusion_builder_column_1_4 1_4 fusion-one-fourth fusion-column-last\" style=\"--awb-bg-size:cover;width:25%;width:calc(25% - ( ( 4% + 4% + 4% ) * 0.25 ) );\"><div class=\"fusion-column-wrapper fusion-flex-column-wrapper-legacy\"><h4>Rechtliches<\/h4>\n<a href=\"https:\/\/www.soglio-produkte.com\/de\/agb\/\" style=\"text-decoration:underline;\">Allgemeine Gesch\u00e4ftsbedingungen<\/a><br \/>\n<a href=\"https:\/\/www.soglio-produkte.com\/de\/impressum\/\" style=\"text-decoration:underline;\">Impressum<\/a><br \/>\n<a href=\"https:\/\/www.soglio-produkte.com\/de\/datenschutz\/\" style=\"text-decoration:underline;\">Datenschutz<\/a><br \/>\n<a href=\"https:\/\/www.soglio-produkte.com\/de\/versand-zahlungsmoeglichkeiten\/\" style=\"text-decoration:underline;\">Versand und Zahlungsm\u00f6glichkeiten <\/a><div class=\"fusion-text fusion-text-3\"><h4>Social Media<\/h4>\n<p><a href=\"https:\/\/www.facebook.com\/soglio.produkte.Kraft.der.Berge\" target=\"_blank\" rel=\"noopener noreferrer\"><img decoding=\"async\" class=\"wp-image-830 size-full lazyload\" data-src=\"https:\/\/www.soglio-produkte.com\/wp-content\/uploads\/2019\/05\/54997.png\" alt=\"Facebook\" width=\"51\" height=\"51\" src=\"data:image\/svg+xml;base64,PHN2ZyB3aWR0aD0iMSIgaGVpZ2h0PSIxIiB4bWxucz0iaHR0cDovL3d3dy53My5vcmcvMjAwMC9zdmciPjwvc3ZnPg==\" style=\"--smush-placeholder-width: 51px; --smush-placeholder-aspect-ratio: 51\/51;\" \/><\/a><a href=\"https:\/\/www.instagram.com\/soglio.produkte\" target=\"_blank\" rel=\"noopener noreferrer\"> <img decoding=\"async\" class=\"wp-image-830 size-full lazyload\" data-src=\"https:\/\/www.soglio-produkte.com\/wp-content\/uploads\/2019\/05\/glyph-logo_may2016.png\" alt=\"Instagram\" width=\"51\" height=\"51\" src=\"data:image\/svg+xml;base64,PHN2ZyB3aWR0aD0iMSIgaGVpZ2h0PSIxIiB4bWxucz0iaHR0cDovL3d3dy53My5vcmcvMjAwMC9zdmciPjwvc3ZnPg==\" style=\"--smush-placeholder-width: 51px; --smush-placeholder-aspect-ratio: 51\/51;\" \/> <\/a><a href=\"https:\/\/www.pinterest.de\/Soglioprodukte\/\" target=\"_blank\" rel=\"noopener noreferrer\"> <img decoding=\"async\" class=\"wp-image-830 size-full lazyload\" data-src=\"https:\/\/www.soglio-produkte.com\/wp-content\/uploads\/2019\/05\/badgergb-black.png\" alt=\"Pinterest\" width=\"51\" height=\"51\" src=\"data:image\/svg+xml;base64,PHN2ZyB3aWR0aD0iMSIgaGVpZ2h0PSIxIiB4bWxucz0iaHR0cDovL3d3dy53My5vcmcvMjAwMC9zdmciPjwvc3ZnPg==\" style=\"--smush-placeholder-width: 51px; --smush-placeholder-aspect-ratio: 51\/51;\" \/><\/a><\/p>\n<\/div><div class=\"fusion-clearfix\"><\/div><\/div><\/div><\/div><\/div>\n","protected":false},"excerpt":{"rendered":"<p>Informativa sulla privacy Generale Grazie per l&#8217;interesse dimostrato nei confronti della nostra azienda. La protezione dei dati e la riservatezza hanno un&#8217;altissima priorit\u00e0 presso la SOGLIO-PRODUKTE AG e la SOGLIO (Deutschland) GmbH (di seguito denominate SOGLIO). Rispettiamo le norme nazionali ed europee vigenti in materia di protezione dei dati e vi comunichiamo qui di seguito  [&#8230;]<\/p>\n","protected":false},"author":1,"featured_media":0,"parent":0,"menu_order":0,"comment_status":"closed","ping_status":"closed","template":"100-width.php","meta":{"footnotes":""},"class_list":["post-7073","page","type-page","status-publish","hentry"],"_links":{"self":[{"href":"https:\/\/www.soglio-produkte.com\/it\/wp-json\/wp\/v2\/pages\/7073","targetHints":{"allow":["GET"]}}],"collection":[{"href":"https:\/\/www.soglio-produkte.com\/it\/wp-json\/wp\/v2\/pages"}],"about":[{"href":"https:\/\/www.soglio-produkte.com\/it\/wp-json\/wp\/v2\/types\/page"}],"author":[{"embeddable":true,"href":"https:\/\/www.soglio-produkte.com\/it\/wp-json\/wp\/v2\/users\/1"}],"replies":[{"embeddable":true,"href":"https:\/\/www.soglio-produkte.com\/it\/wp-json\/wp\/v2\/comments?post=7073"}],"version-history":[{"count":6,"href":"https:\/\/www.soglio-produkte.com\/it\/wp-json\/wp\/v2\/pages\/7073\/revisions"}],"predecessor-version":[{"id":8313,"href":"https:\/\/www.soglio-produkte.com\/it\/wp-json\/wp\/v2\/pages\/7073\/revisions\/8313"}],"wp:attachment":[{"href":"https:\/\/www.soglio-produkte.com\/it\/wp-json\/wp\/v2\/media?parent=7073"}],"curies":[{"name":"wp","href":"https:\/\/api.w.org\/{rel}","templated":true}]}}